{"id":8869,"date":"2022-07-04T11:46:40","date_gmt":"2022-07-04T08:46:40","guid":{"rendered":"https:\/\/moniheli-fi.hel9.wp-cloud.dev\/?page_id=8869"},"modified":"2026-03-09T12:16:48","modified_gmt":"2026-03-09T10:16:48","slug":"hallitus","status":"publish","type":"page","link":"https:\/\/moniheli.fi\/en\/hallitus\/","title":{"rendered":"Board (Hallitus)"},"content":{"rendered":"<div data-elementor-type=\"wp-page\" data-elementor-id=\"8869\" class=\"elementor elementor-8869\" data-elementor-post-type=\"page\">\n\t\t\t\t<div class=\"elementor-element elementor-element-43bab80 e-con-full e-flex e-con e-parent\" data-id=\"43bab80\" data-element_type=\"container\" data-e-type=\"container\" data-settings=\"{&quot;background_background&quot;:&quot;classic&quot;}\">\n\t\t<div class=\"elementor-element elementor-element-3d20485 e-con-full e-flex e-con e-child\" data-id=\"3d20485\" data-element_type=\"container\" data-e-type=\"container\">\n\t\t\t\t<div class=\"elementor-element elementor-element-ba1e4f3 elementor-widget elementor-widget-heading\" data-id=\"ba1e4f3\" data-element_type=\"widget\" data-e-type=\"widget\" data-widget_type=\"heading.default\">\n\t\t\t\t<div class=\"elementor-widget-container\">\n\t\t\t\t\t<h1 class=\"elementor-heading-title elementor-size-default\">board<\/h1>\t\t\t\t<\/div>\n\t\t\t\t<\/div>\n\t\t\t\t<\/div>\n\t\t<div class=\"elementor-element elementor-element-4c5b166 e-con-full e-flex e-con e-child\" data-id=\"4c5b166\" data-element_type=\"container\" data-e-type=\"container\" data-settings=\"{&quot;background_background&quot;:&quot;classic&quot;}\">\n\t\t\t\t<div class=\"elementor-element elementor-element-5953676 elementor-widget elementor-widget-text-editor\" data-id=\"5953676\" data-element_type=\"widget\" data-e-type=\"widget\" data-widget_type=\"text-editor.default\">\n\t\t\t\t<div class=\"elementor-widget-container\">\n\t\t\t\t\t\t\t\t\t<p>The members of the Board are elected at the annual meeting from among the representatives of the member associations. The term of office of a Board member is two years. Each member may serve a maximum of four consecutive years on the Board.<\/p>\t\t\t\t\t\t\t\t<\/div>\n\t\t\t\t<\/div>\n\t\t\t\t<\/div>\n\t\t\t\t<\/div>\n\t\t<div class=\"elementor-element elementor-element-8d1c1f6 e-flex e-con-boxed e-con e-parent\" data-id=\"8d1c1f6\" data-element_type=\"container\" data-e-type=\"container\">\n\t\t\t\t\t<div class=\"e-con-inner\">\n\t\t<div class=\"elementor-element elementor-element-664ac5e e-con-full e-flex e-con e-child\" data-id=\"664ac5e\" data-element_type=\"container\" data-e-type=\"container\">\n\t\t\t\t<div class=\"elementor-element elementor-element-d6c4749 elementor-widget elementor-widget-image\" data-id=\"d6c4749\" data-element_type=\"widget\" data-e-type=\"widget\" data-widget_type=\"image.default\">\n\t\t\t\t<div class=\"elementor-widget-container\">\n\t\t\t\t\t\t\t\t\t\t\t\t<figure class=\"wp-caption\">\n\t\t\t\t\t\t\t\t\t\t<img fetchpriority=\"high\" decoding=\"async\" width=\"800\" height=\"450\" src=\"https:\/\/moniheli.fi\/wp-content\/uploads\/2026\/01\/Kaikki-1-1024x576.jpg\" class=\"attachment-large size-large wp-image-24328\" alt=\"Monihelin hallituksen j\u00e4senten profiilikuvat kollaasina.\" srcset=\"https:\/\/moniheli.fi\/wp-content\/uploads\/2026\/01\/Kaikki-1-1024x576.jpg 1024w, https:\/\/moniheli.fi\/wp-content\/uploads\/2026\/01\/Kaikki-1-300x169.jpg 300w, https:\/\/moniheli.fi\/wp-content\/uploads\/2026\/01\/Kaikki-1-768x432.jpg 768w, https:\/\/moniheli.fi\/wp-content\/uploads\/2026\/01\/Kaikki-1-1536x864.jpg 1536w, https:\/\/moniheli.fi\/wp-content\/uploads\/2026\/01\/Kaikki-1-18x10.jpg 18w, https:\/\/moniheli.fi\/wp-content\/uploads\/2026\/01\/Kaikki-1.jpg 1920w\" sizes=\"(max-width: 800px) 100vw, 800px\" \/>\t\t\t\t\t\t\t\t\t\t\t<figcaption class=\"widget-image-caption wp-caption-text\">Monihelin hallitus 2026<\/figcaption>\n\t\t\t\t\t\t\t\t\t\t<\/figure>\n\t\t\t\t\t\t\t\t\t<\/div>\n\t\t\t\t<\/div>\n\t\t\t\t<\/div>\n\t\t<div class=\"elementor-element elementor-element-ca738a4 e-con-full e-flex e-con e-child\" data-id=\"ca738a4\" data-element_type=\"container\" data-e-type=\"container\">\n\t\t\t\t<div class=\"elementor-element elementor-element-fdd438f elementor-widget elementor-widget-text-editor\" data-id=\"fdd438f\" data-element_type=\"widget\" data-e-type=\"widget\" data-widget_type=\"text-editor.default\">\n\t\t\t\t<div class=\"elementor-widget-container\">\n\t\t\t\t\t\t\t\t\t<h3>Monihelin hallitus 2026\u00a0<\/h3><ul><li><strong>Tariq Omar<\/strong>, chairperson of the board\u00a0<\/li><li><strong>Nora Dadi<\/strong><\/li><li><strong>Pia Groenewolt<\/strong><\/li><li><strong>Kristina Kemi<\/strong><\/li><li><strong><span class=\"SpellingError BCX0 SCXW257885151\" data-ccp-parastyle=\"paragraph\">Harshwardhan Saini<\/span><\/strong><\/li><li><strong><span class=\"TextRun SCXW60448968 BCX0\" lang=\"FI-FI\" xml:lang=\"FI-FI\" data-contrast=\"auto\"><span class=\"NormalTextRun SCXW60448968 BCX0\">Hawa <\/span><span class=\"NormalTextRun SpellingErrorV2Themed SCXW60448968 BCX0\">Sesay<\/span><\/span><span class=\"EOP SCXW60448968 BCX0\" data-ccp-props=\"{&quot;335559738&quot;:240,&quot;335559739&quot;:240}\">\u00a0<\/span><\/strong><\/li><li><strong>Nagendra Singh\u00a0<\/strong><\/li><li><strong>Sandra Tutah\u00a0<\/strong><\/li><li><strong>Johanna Wirkkala<\/strong><\/li><li><strong>Latif Fayaz<\/strong>, deputy<\/li><\/ul><p>\u00a0<\/p><p>All board members' email addresses are in the form of firstname.lastname@moniheli.fi<\/p>\t\t\t\t\t\t\t\t<\/div>\n\t\t\t\t<\/div>\n\t\t\t\t<\/div>\n\t\t\t\t\t<\/div>\n\t\t\t\t<\/div>\n\t\t<div class=\"elementor-element elementor-element-74171da e-flex e-con-boxed e-con e-parent\" data-id=\"74171da\" data-element_type=\"container\" data-e-type=\"container\">\n\t\t\t\t\t<div class=\"e-con-inner\">\n\t\t<div class=\"elementor-element elementor-element-40269d8 e-con-full e-flex e-con e-child\" data-id=\"40269d8\" data-element_type=\"container\" data-e-type=\"container\">\n\t\t\t\t<div class=\"elementor-element elementor-element-b4ce801 elementor-widget elementor-widget-text-editor\" data-id=\"b4ce801\" data-element_type=\"widget\" data-e-type=\"widget\" data-widget_type=\"text-editor.default\">\n\t\t\t\t<div class=\"elementor-widget-container\">\n\t\t\t\t\t\t\t\t\t<h4>Join us!<\/h4><p>The member organisations of the Moniheli, which must be registered associations, are approved at the monthly meetings of the Board of Directors. When applying for membership, please complete the Moniheli membership form accurately with the requested documents. We will contact you once your application has been approved.<\/p><p>The form can be found here: <a href=\"\/en\/verkosto\/liity-jaseneksi\/\">Join as a member<\/a><\/p>\t\t\t\t\t\t\t\t<\/div>\n\t\t\t\t<\/div>\n\t\t\t\t<\/div>\n\t\t<div class=\"elementor-element elementor-element-e9d1e5b e-con-full e-flex e-con e-child\" data-id=\"e9d1e5b\" data-element_type=\"container\" data-e-type=\"container\">\n\t\t\t\t<div class=\"elementor-element elementor-element-36574ef elementor-widget elementor-widget-text-editor\" data-id=\"36574ef\" data-element_type=\"widget\" data-e-type=\"widget\" data-widget_type=\"text-editor.default\">\n\t\t\t\t<div class=\"elementor-widget-container\">\n\t\t\t\t\t\t\t\t\t<h4>Decision-making in the hands of multicultural representatives<\/h4><p class=\"translation-block\">Moniheli\u2019s board convening in monthly meetings decides network\u2019s course of action and on larger operative questions. The board members are elected according to the statutes from among the member associations\u2019 candidates for a two-year term at the general assembly. Each member may hold a position in the board for a maximum of two years, a total of four years. The board members are mainly of migrant background.<\/p><p>\u00a0<\/p>\t\t\t\t\t\t\t\t<\/div>\n\t\t\t\t<\/div>\n\t\t\t\t<\/div>\n\t\t\t\t\t<\/div>\n\t\t\t\t<\/div>\n\t\t<div class=\"elementor-element elementor-element-c7fc6e9 e-flex e-con-boxed e-con e-parent\" data-id=\"c7fc6e9\" data-element_type=\"container\" data-e-type=\"container\">\n\t\t\t\t\t<div class=\"e-con-inner\">\n\t\t<div class=\"elementor-element elementor-element-9a6a924 e-con-full e-flex e-con e-child\" data-id=\"9a6a924\" data-element_type=\"container\" data-e-type=\"container\">\n\t\t\t\t<div class=\"elementor-element elementor-element-e3e9764 elementor-widget elementor-widget-text-editor\" data-id=\"e3e9764\" data-element_type=\"widget\" data-e-type=\"widget\" data-widget_type=\"text-editor.default\">\n\t\t\t\t<div class=\"elementor-widget-container\">\n\t\t\t\t\t\t\t\t\t<h3>Moniheli's Board 2025\u00a0<\/h3><ul><li><strong>Tariq Omar<\/strong>, chairperson of the board\u00a0<\/li><li><strong>Melis Ari<\/strong>, vice-chairperson<\/li><li><strong>Habiba Ali<\/strong>\u00a0<\/li><li><strong>Pia Groenewolt<\/strong><\/li><li><strong>Olivia Kumpula<\/strong><\/li><li><strong>Petra Pulli<\/strong><\/li><li><strong><span class=\"SpellingError BCX0 SCXW257885151\" data-ccp-parastyle=\"paragraph\">Harshwardhan Saini<\/span><\/strong><\/li><li><strong>Alba Vrapi<\/strong><\/li><li><strong>Johanna Wirkkala<\/strong><\/li><li><strong>Nora Cassandra Dadi<\/strong>, deputy<\/li><li><strong>Pardeep Rathore<\/strong>, deputy<\/li><\/ul>\t\t\t\t\t\t\t\t<\/div>\n\t\t\t\t<\/div>\n\t\t\t\t<\/div>\n\t\t<div class=\"elementor-element elementor-element-57a06dd e-con-full e-flex e-con e-child\" data-id=\"57a06dd\" data-element_type=\"container\" data-e-type=\"container\">\n\t\t\t\t<div class=\"elementor-element elementor-element-a81bd8d elementor-widget elementor-widget-text-editor\" data-id=\"a81bd8d\" data-element_type=\"widget\" data-e-type=\"widget\" data-widget_type=\"text-editor.default\">\n\t\t\t\t<div class=\"elementor-widget-container\">\n\t\t\t\t\t\t\t\t\t<h3>Moniheli's Board 2024\u00a0<\/h3><ul><li><strong>Emma Tamankag <\/strong>(<a href=\"https:\/\/moniheli.fi\/en\/jarjeston-kuvaus\/heed-association-finland-ry\/\" target=\"_blank\" rel=\"noopener\">Heed Association Finland.<\/a>), chairperson of the board\u00a0<\/li><li><strong>Melis Ari<\/strong>\u00a0(<a href=\"https:\/\/www.mielenterveysseurat.fi\/mwb\/\">Mieli Without Borders ry<\/a>), Vice-Chairperson<\/li><li><strong>Aicha Manai<\/strong> (<a href=\"https:\/\/startuprefugees.com\/\">Startup Refugees<\/a>), Treasurer<\/li><li><strong>Pia Groenewolt<\/strong> (<a href=\"https:\/\/moniheli.fi\/en\/jarjeston-kuvaus\/monikansallisten-naisten-hyvinvointi-ja-liikunta-ry\/\">Monaliiku ry<\/a>), Secretary<\/li><li><strong>Sofia Achame<\/strong>\u00a0(<a href=\"https:\/\/moniheli.fi\/en\/jarjeston-kuvaus\/think-africa-ry\/\" target=\"_blank\" rel=\"noopener\">Think Africa ry<\/a>)<\/li><li><strong>Habiba Ali<\/strong> (Finnish East African Development ry)<\/li><li><strong>Darya Gulik<\/strong> (<a href=\"https:\/\/moniheli.fi\/en\/jarjeston-kuvaus\/house-of-helsinki-ry\/\" target=\"_blank\" rel=\"noopener\">House of Helsinki ry<\/a>)<\/li><li><strong>Liban Hassan<\/strong> (<a href=\"https:\/\/moniheli.fi\/en\/jarjeston-kuvaus\/tieto-on-valtaa-ry\/\" target=\"_blank\" rel=\"noopener\">Tieto on Valtaa ry<\/a>)<\/li><li><strong>Olivia Kumpula<\/strong> (<a href=\"https:\/\/www.interprofinland.fi\/fi\/\">Interpro Finland ry<\/a>)<\/li><li><strong>Tariq Omar<\/strong> (<a href=\"https:\/\/moniheli.fi\/en\/jarjeston-kuvaus\/substance-abuse-and-mental-health-association-samha-ry\/\" target=\"_blank\" rel=\"noopener\">SAMHA ry<\/a>)<\/li><li><strong>Alba Vrapi<\/strong> (<a href=\"https:\/\/autokton.fi\/\">Autokton ry<\/a>)<\/li><li><strong>Petra Pulli<\/strong> (deputy, <a href=\"https:\/\/moniheli.fi\/en\/jarjeston-kuvaus\/familia-ry\/\" target=\"_blank\" rel=\"noopener\">Familia ry<\/a>)<\/li><li><strong><span class=\"SpellingError BCX0 SCXW257885151\" data-ccp-parastyle=\"paragraph\">Harshwardhan Saini <\/span><\/strong><span class=\"SpellingError BCX0 SCXW257885151\" data-ccp-parastyle=\"paragraph\">(deputy, <a href=\"https:\/\/mentalhealth.fi\/\">PPF ry<\/a>)<\/span><\/li><\/ul>\t\t\t\t\t\t\t\t<\/div>\n\t\t\t\t<\/div>\n\t\t\t\t<\/div>\n\t\t\t\t\t<\/div>\n\t\t\t\t<\/div>\n\t\t<div class=\"elementor-element elementor-element-2e4743d e-flex e-con-boxed e-con e-parent\" data-id=\"2e4743d\" data-element_type=\"container\" data-e-type=\"container\">\n\t\t\t\t\t<div class=\"e-con-inner\">\n\t\t<div class=\"elementor-element elementor-element-3104dce e-con-full e-flex e-con e-child\" data-id=\"3104dce\" data-element_type=\"container\" data-e-type=\"container\">\n\t\t\t\t<div class=\"elementor-element elementor-element-344b0d6 elementor-widget elementor-widget-image\" data-id=\"344b0d6\" data-element_type=\"widget\" data-e-type=\"widget\" data-widget_type=\"image.default\">\n\t\t\t\t<div class=\"elementor-widget-container\">\n\t\t\t\t\t\t\t\t\t\t\t\t<figure class=\"wp-caption\">\n\t\t\t\t\t\t\t\t\t\t\t<a href=\"https:\/\/moniheli.fi\/wp-content\/uploads\/2023\/01\/20230121_135200-scaled.jpg\" data-elementor-open-lightbox=\"yes\" data-elementor-lightbox-title=\"20230121_135200\" data-e-action-hash=\"#elementor-action%3Aaction%3Dlightbox%26settings%3DeyJpZCI6MTEyODksInVybCI6Imh0dHBzOlwvXC9tb25paGVsaS5maVwvd3AtY29udGVudFwvdXBsb2Fkc1wvMjAyM1wvMDFcLzIwMjMwMTIxXzEzNTIwMC1zY2FsZWQuanBnIn0%3D\">\n\t\t\t\t\t\t\t<img decoding=\"async\" width=\"2560\" height=\"1747\" src=\"https:\/\/moniheli.fi\/wp-content\/uploads\/2023\/01\/20230121_135200-scaled.jpg\" class=\"attachment-full size-full wp-image-11289\" alt=\"Monihelin vuoden 2023 hallituksen j\u00e4senet\" srcset=\"https:\/\/moniheli.fi\/wp-content\/uploads\/2023\/01\/20230121_135200-scaled.jpg 2560w, https:\/\/moniheli.fi\/wp-content\/uploads\/2023\/01\/20230121_135200-300x205.jpg 300w, https:\/\/moniheli.fi\/wp-content\/uploads\/2023\/01\/20230121_135200-1024x699.jpg 1024w, https:\/\/moniheli.fi\/wp-content\/uploads\/2023\/01\/20230121_135200-768x524.jpg 768w, https:\/\/moniheli.fi\/wp-content\/uploads\/2023\/01\/20230121_135200-1536x1048.jpg 1536w, https:\/\/moniheli.fi\/wp-content\/uploads\/2023\/01\/20230121_135200-2048x1398.jpg 2048w, https:\/\/moniheli.fi\/wp-content\/uploads\/2023\/01\/20230121_135200-18x12.jpg 18w\" sizes=\"(max-width: 2560px) 100vw, 2560px\" \/>\t\t\t\t\t\t\t\t<\/a>\n\t\t\t\t\t\t\t\t\t\t\t<figcaption class=\"widget-image-caption wp-caption-text\">Moniheli's board 2023<\/figcaption>\n\t\t\t\t\t\t\t\t\t\t<\/figure>\n\t\t\t\t\t\t\t\t\t<\/div>\n\t\t\t\t<\/div>\n\t\t\t\t<\/div>\n\t\t<div class=\"elementor-element elementor-element-4347679 e-con-full e-flex e-con e-child\" data-id=\"4347679\" data-element_type=\"container\" data-e-type=\"container\">\n\t\t\t\t<div class=\"elementor-element elementor-element-a6b7190 elementor-widget elementor-widget-text-editor\" data-id=\"a6b7190\" data-element_type=\"widget\" data-e-type=\"widget\" data-widget_type=\"text-editor.default\">\n\t\t\t\t<div class=\"elementor-widget-container\">\n\t\t\t\t\t\t\t\t\t<h3>Moniheli's board 2023\u00a0<\/h3><ul><li><strong>Emma Tamankag <\/strong>(<a href=\"https:\/\/moniheli.fi\/en\/jarjeston-kuvaus\/heed-association-finland-ry\/\" target=\"_blank\" rel=\"noopener\">Heed Association Finland.<\/a>), chairperson of the board\u00a0<\/li><li><strong>Melis Ari <\/strong>(<a href=\"https:\/\/www.mielenterveysseurat.fi\/mwb\/\">Mieli Without Borders ry<\/a>), Vice-Chairperson<\/li><li><strong>Aicha Manai<\/strong>, (<a href=\"https:\/\/startuprefugees.com\/\">Startup Refugees<\/a>), Treasurer<\/li><li><strong>Sandra Imran Alsouse<\/strong> (<a href=\"https:\/\/moniheli.fi\/en\/jarjeston-kuvaus\/mirsal-ry\/\" target=\"_blank\" rel=\"noopener\">Mirsal ry<\/a>), Secretary<\/li><li><strong>Sofia Achame<\/strong>\u00a0(<a href=\"https:\/\/moniheli.fi\/en\/jarjeston-kuvaus\/think-africa-ry\/\" target=\"_blank\" rel=\"noopener\">Think Africa ry<\/a>)<\/li><li><strong>Habiba Ali<\/strong> (Finnish East African Development ry)<\/li><li><strong>Pia Groenewolt<\/strong> (<a href=\"https:\/\/moniheli.fi\/en\/jarjeston-kuvaus\/monikansallisten-naisten-hyvinvointi-ja-liikunta-ry\/\">Monaliiku ry<\/a>)<\/li><li><strong>Darya Gulik<\/strong> (<a href=\"https:\/\/moniheli.fi\/en\/jarjeston-kuvaus\/house-of-helsinki-ry\/\" target=\"_blank\" rel=\"noopener\">House of Helsinki ry<\/a>)<\/li><li><strong>Liban Hassan<\/strong> (<a href=\"https:\/\/moniheli.fi\/en\/jarjeston-kuvaus\/tieto-on-valtaa-ry\/\" target=\"_blank\" rel=\"noopener\">Tieto on Valtaa ry<\/a>)<\/li><li><strong>Tariq Omar<\/strong> (<a href=\"https:\/\/moniheli.fi\/en\/jarjeston-kuvaus\/substance-abuse-and-mental-health-association-samha-ry\/\" target=\"_blank\" rel=\"noopener\">SAMHA RY<\/a>)<\/li><li><strong><span class=\"NormalTextRun SCXW23579323 BCX0\" data-ccp-parastyle=\"paragraph\" data-ccp-parastyle-defn=\"{\">Tatiana<\/span> <span class=\"SpellingError SCXW23579323 BCX0\" data-ccp-parastyle=\"paragraph\">Solovieva <\/span><\/strong><a href=\"https:\/\/moniheli.fi\/en\/jarjeston-kuvaus\/globe-art-point\/\"><span class=\"SpellingError SCXW23579323 BCX0\" data-ccp-parastyle=\"paragraph\">(Globe Art Point)<\/span><\/a><\/li><li><strong><span class=\"NormalTextRun BCX0 SCXW257885151\" data-ccp-parastyle=\"paragraph\" data-ccp-parastyle-defn=\"{\">Mohammed <\/span><span class=\"SpellingError BCX0 SCXW257885151\" data-ccp-parastyle=\"paragraph\">Laraki\u00a0<\/span><\/strong><span class=\"SpellingError BCX0 SCXW257885151\" data-ccp-parastyle=\"paragraph\">(deputy, <a href=\"https:\/\/moniheli.fi\/en\/jarjeston-kuvaus\/satakunnan-monikulttuuriyhdistys-smy-ry\/\">SMYKY ry<\/a>)<\/span><\/li><li><strong>Alec Thurnham<\/strong> (deputy, <a href=\"https:\/\/moniheli.fi\/en\/jarjeston-kuvaus\/familia-ry\/\" target=\"_blank\" rel=\"noopener\">Familia ry<\/a>)<\/li><\/ul>\t\t\t\t\t\t\t\t<\/div>\n\t\t\t\t<\/div>\n\t\t\t\t<\/div>\n\t\t\t\t\t<\/div>\n\t\t\t\t<\/div>\n\t\t<div class=\"elementor-element elementor-element-9ae5698 e-flex e-con-boxed e-con e-parent\" data-id=\"9ae5698\" data-element_type=\"container\" data-e-type=\"container\">\n\t\t\t\t\t<div class=\"e-con-inner\">\n\t\t<div class=\"elementor-element elementor-element-44ccb91 e-con-full e-flex e-con e-child\" data-id=\"44ccb91\" data-element_type=\"container\" data-e-type=\"container\">\n\t\t\t\t<div class=\"elementor-element elementor-element-b8b9268 elementor-widget elementor-widget-text-editor\" data-id=\"b8b9268\" data-element_type=\"widget\" data-e-type=\"widget\" data-widget_type=\"text-editor.default\">\n\t\t\t\t<div class=\"elementor-widget-container\">\n\t\t\t\t\t\t\t\t\t<h3>Moniheli Board 2022\u00a0<\/h3><ul><li><strong>Emma Tamankag <\/strong>(<a href=\"https:\/\/moniheli.fi\/en\/jarjeston-kuvaus\/heed-association-finland-ry\/\" target=\"_blank\" rel=\"noopener\">Heed Association Finland.<\/a>), chairperson of the board\u00a0<\/li><li><strong>Shefali Arora<\/strong> (<a href=\"https:\/\/moniheli.fi\/en\/jarjeston-kuvaus\/suomi-intia-seura\/\" target=\"_blank\" rel=\"noopener\">Finnish-Indian-Society<\/a>), Vice-Chairperson<\/li><li><strong>Fatima Usman<\/strong> (<a href=\"https:\/\/moniheli.fi\/en\/jarjeston-kuvaus\/afrikkalaisten-ja-afrikkalais-eurooppalaisten-yhdistys-afaes-ry\/\" target=\"_blank\" rel=\"noopener\">AFAES ry<\/a>), Treasurer<\/li><li><strong>Sandra Imran Alsouse<\/strong> (<a href=\"https:\/\/moniheli.fi\/en\/jarjeston-kuvaus\/mirsal-ry\/\" target=\"_blank\" rel=\"noopener\">Mirsal ry<\/a>), Secretary<\/li><li><strong>Simone Santo Baldi<\/strong> (<a href=\"https:\/\/moniheli.fi\/en\/jarjeston-kuvaus\/substance-abuse-and-mental-health-association-samha-ry\/\" target=\"_blank\" rel=\"noopener\">SAMHA RY<\/a>)<\/li><li><strong>Liban Hassan<\/strong> (<a href=\"https:\/\/moniheli.fi\/en\/jarjeston-kuvaus\/tieto-on-valtaa-ry\/\" target=\"_blank\" rel=\"noopener\">Tieto on Valtaa ry<\/a>)<\/li><li><strong>Mediatrice Nyiramugisha<\/strong> (<a href=\"https:\/\/moniheli.fi\/en\/jarjeston-kuvaus\/lappeenranta-international-intercultural-democratic-forum-l-i-i-d-f-ry\/\" target=\"_blank\" rel=\"noopener\">LIIDF ry<\/a>)<\/li><li><strong>Marja Pentik\u00e4inen<\/strong> (<a href=\"https:\/\/moniheli.fi\/en\/jarjeston-kuvaus\/fokus-ry-kulttuuri-ja-uskontofoorumi\/\" target=\"_blank\" rel=\"noopener\">FOKUS ry<\/a>)<\/li><li><strong>Pauliina Shilongo<\/strong> (<a href=\"https:\/\/moniheli.fi\/en\/jarjeston-kuvaus\/suomi-namibia-seura\/\" target=\"_blank\" rel=\"noopener\">Finnish-Namibian Society<\/a>)<\/li><li><strong><span class=\"NormalTextRun SCXW23579323 BCX0\" data-ccp-parastyle=\"paragraph\" data-ccp-parastyle-defn=\"{\">Tatiana<\/span> <span class=\"SpellingError SCXW23579323 BCX0\" data-ccp-parastyle=\"paragraph\">Solovieva <\/span><\/strong><a href=\"https:\/\/moniheli.fi\/en\/jarjeston-kuvaus\/globe-art-point\/\"><span class=\"SpellingError SCXW23579323 BCX0\" data-ccp-parastyle=\"paragraph\">(Globe Art Point)<\/span><\/a><\/li><li><strong>Alec Thurnham<\/strong> (<a href=\"https:\/\/moniheli.fi\/en\/jarjeston-kuvaus\/familia-ry\/\" target=\"_blank\" rel=\"noopener\">Familia ry<\/a>)<\/li><li><strong>Josephine Atanga<\/strong> (deputy, <a href=\"https:\/\/moniheli.fi\/en\/jarjeston-kuvaus\/women-designed-for-success-wodess-ry\/\" target=\"_blank\" rel=\"noopener\">Women Designed for Success ry<\/a>)<\/li><li><strong><span class=\"NormalTextRun BCX0 SCXW257885151\" data-ccp-parastyle=\"paragraph\" data-ccp-parastyle-defn=\"{\">Mohammed <\/span><span class=\"SpellingError BCX0 SCXW257885151\" data-ccp-parastyle=\"paragraph\">Laraki\u00a0<\/span><\/strong><span class=\"SpellingError BCX0 SCXW257885151\" data-ccp-parastyle=\"paragraph\">(deputy, <a href=\"https:\/\/moniheli.fi\/en\/jarjeston-kuvaus\/satakunnan-monikulttuuriyhdistys-smy-ry\/\">SMYKY ry<\/a>)<\/span><\/li><li><b>Joseph Ombima\u00a0<\/b>(deputy, <a href=\"https:\/\/moniheli.fi\/en\/jarjeston-kuvaus\/kenya-finnish-society-ry\/\">Kefiso ry<\/a>)\u00a0<\/li><\/ul>\t\t\t\t\t\t\t\t<\/div>\n\t\t\t\t<\/div>\n\t\t\t\t<\/div>\n\t\t<div class=\"elementor-element elementor-element-25632db e-con-full e-flex e-con e-child\" data-id=\"25632db\" data-element_type=\"container\" data-e-type=\"container\">\n\t\t\t\t<\/div>\n\t\t\t\t\t<\/div>\n\t\t\t\t<\/div>\n\t\t<div class=\"elementor-element elementor-element-61f03b2 e-flex e-con-boxed e-con e-parent\" data-id=\"61f03b2\" data-element_type=\"container\" data-e-type=\"container\">\n\t\t\t\t\t<div class=\"e-con-inner\">\n\t\t\t\t\t<\/div>\n\t\t\t\t<\/div>\n\t\t\t\t<\/div>","protected":false},"excerpt":{"rendered":"<p>halli&shy;tus Hallituksen j\u00e4senet valitaan vuosikokouksessa j\u00e4senj\u00e4rjest\u00f6jen edustajista. Hallituksen j\u00e4senen toimikausi kest\u00e4\u00e4 kaksi vuotta. Kukin j\u00e4sen voi istua hallituksessa per\u00e4kk\u00e4in enint\u00e4\u00e4n nelj\u00e4 vuotta. Monihelin hallitus 2026 Monihelin hallitus 2026\u00a0 Tariq Omar, puheenjohtaja\u00a0 Nora Dadi Pia Groenewolt Kristina Kemi Harshwardhan Saini Hawa Sesay\u00a0 Nagendra Singh\u00a0 Sandra Tutah\u00a0 Johanna Wirkkala Latif Fayaz, varaj\u00e4sen \u00a0 Kaikkien hallituksen j\u00e4senten s\u00e4hk\u00f6postit [&hellip;]<\/p>\n","protected":false},"author":37,"featured_media":0,"parent":0,"menu_order":52,"comment_status":"closed","ping_status":"closed","template":"","meta":{"_acf_changed":false,"footnotes":""},"class_list":["post-8869","page","type-page","status-publish","hentry"],"acf":[],"_links":{"self":[{"href":"https:\/\/moniheli.fi\/en\/wp-json\/wp\/v2\/pages\/8869","targetHints":{"allow":["GET"]}}],"collection":[{"href":"https:\/\/moniheli.fi\/en\/wp-json\/wp\/v2\/pages"}],"about":[{"href":"https:\/\/moniheli.fi\/en\/wp-json\/wp\/v2\/types\/page"}],"author":[{"embeddable":true,"href":"https:\/\/moniheli.fi\/en\/wp-json\/wp\/v2\/users\/37"}],"replies":[{"embeddable":true,"href":"https:\/\/moniheli.fi\/en\/wp-json\/wp\/v2\/comments?post=8869"}],"version-history":[{"count":20,"href":"https:\/\/moniheli.fi\/en\/wp-json\/wp\/v2\/pages\/8869\/revisions"}],"predecessor-version":[{"id":24871,"href":"https:\/\/moniheli.fi\/en\/wp-json\/wp\/v2\/pages\/8869\/revisions\/24871"}],"wp:attachment":[{"href":"https:\/\/moniheli.fi\/en\/wp-json\/wp\/v2\/media?parent=8869"}],"curies":[{"name":"wp","href":"https:\/\/api.w.org\/{rel}","templated":true}]}}