{"id":8379,"date":"2022-05-16T15:48:03","date_gmt":"2022-05-16T12:48:03","guid":{"rendered":"https:\/\/moniheli-fi.hel9.wp-cloud.dev\/?page_id=8379"},"modified":"2025-01-17T14:01:31","modified_gmt":"2025-01-17T12:01:31","slug":"luontokoti","status":"publish","type":"page","link":"https:\/\/moniheli.fi\/en\/luontokoti\/","title":{"rendered":"Luontokoti"},"content":{"rendered":"<div data-elementor-type=\"wp-page\" data-elementor-id=\"8379\" class=\"elementor elementor-8379\" data-elementor-post-type=\"page\">\n\t\t\t\t<div class=\"elementor-element elementor-element-a0e1c0d e-con-full e-flex e-con e-parent\" data-id=\"a0e1c0d\" data-element_type=\"container\" data-e-type=\"container\" data-settings=\"{&quot;background_background&quot;:&quot;classic&quot;}\">\n\t\t<div class=\"elementor-element elementor-element-87c8abd e-con-full e-flex e-con e-child\" data-id=\"87c8abd\" data-element_type=\"container\" data-e-type=\"container\">\n\t\t\t\t<div class=\"elementor-element elementor-element-33f7202 elementor-widget elementor-widget-heading\" data-id=\"33f7202\" data-element_type=\"widget\" data-e-type=\"widget\" data-widget_type=\"heading.default\">\n\t\t\t\t<div class=\"elementor-widget-container\">\n\t\t\t\t\t<h1 class=\"elementor-heading-title elementor-size-default\">Luonto&shy;koti<\/h1>\t\t\t\t<\/div>\n\t\t\t\t<\/div>\n\t\t\t\t<\/div>\n\t\t<div class=\"elementor-element elementor-element-b2ba220 e-con-full e-flex e-con e-child\" data-id=\"b2ba220\" data-element_type=\"container\" data-e-type=\"container\" data-settings=\"{&quot;background_background&quot;:&quot;classic&quot;}\">\n\t\t\t\t<div class=\"elementor-element elementor-element-99a2063 elementor-widget elementor-widget-text-editor\" data-id=\"99a2063\" data-element_type=\"widget\" data-e-type=\"widget\" data-widget_type=\"text-editor.default\">\n\t\t\t\t<div class=\"elementor-widget-container\">\n\t\t\t\t\t\t\t\t\t<p>The Luontokoti project, a joint project of Moniheli and the Marttaliitto, integrates immigrants into Finnish nature and home gardens.<\/p>\t\t\t\t\t\t\t\t<\/div>\n\t\t\t\t<\/div>\n\t\t\t\t<\/div>\n\t\t\t\t<\/div>\n\t\t<div class=\"elementor-element elementor-element-f6dfdb7 e-con-full e-flex e-con e-parent\" data-id=\"f6dfdb7\" data-element_type=\"container\" data-e-type=\"container\">\n\t\t\t\t<div class=\"elementor-element elementor-element-e134adf elementor-widget elementor-widget-image\" data-id=\"e134adf\" data-element_type=\"widget\" data-e-type=\"widget\" data-widget_type=\"image.default\">\n\t\t\t\t<div class=\"elementor-widget-container\">\n\t\t\t\t\t\t\t\t\t\t\t\t\t\t\t<img fetchpriority=\"high\" decoding=\"async\" width=\"1772\" height=\"1063\" src=\"https:\/\/moniheli.fi\/wp-content\/uploads\/2022\/04\/taimet.png\" class=\"attachment-full size-full wp-image-8169\" alt=\"Puun taimia\" srcset=\"https:\/\/moniheli.fi\/wp-content\/uploads\/2022\/04\/taimet.png 1772w, https:\/\/moniheli.fi\/wp-content\/uploads\/2022\/04\/taimet-300x180.png 300w, https:\/\/moniheli.fi\/wp-content\/uploads\/2022\/04\/taimet-1024x614.png 1024w, https:\/\/moniheli.fi\/wp-content\/uploads\/2022\/04\/taimet-768x461.png 768w, https:\/\/moniheli.fi\/wp-content\/uploads\/2022\/04\/taimet-1536x921.png 1536w, https:\/\/moniheli.fi\/wp-content\/uploads\/2022\/04\/taimet-18x12.png 18w\" sizes=\"(max-width: 1772px) 100vw, 1772px\" \/>\t\t\t\t\t\t\t\t\t\t\t\t\t\t\t<\/div>\n\t\t\t\t<\/div>\n\t\t\t\t<div class=\"elementor-element elementor-element-b9dfb2f elementor-widget elementor-widget-image\" data-id=\"b9dfb2f\" data-element_type=\"widget\" data-e-type=\"widget\" data-widget_type=\"image.default\">\n\t\t\t\t<div class=\"elementor-widget-container\">\n\t\t\t\t\t\t\t\t\t\t\t\t\t\t\t<img decoding=\"async\" width=\"1769\" height=\"1063\" src=\"https:\/\/moniheli.fi\/wp-content\/uploads\/2022\/04\/Martat_Kesti002-scaled-e1652709179898.jpg\" class=\"attachment-full size-full wp-image-8073\" alt=\"Ihminen hymyilee mets\u00e4ss\u00e4\" srcset=\"https:\/\/moniheli.fi\/wp-content\/uploads\/2022\/04\/Martat_Kesti002-scaled-e1652709179898.jpg 1769w, https:\/\/moniheli.fi\/wp-content\/uploads\/2022\/04\/Martat_Kesti002-scaled-e1652709179898-300x180.jpg 300w, https:\/\/moniheli.fi\/wp-content\/uploads\/2022\/04\/Martat_Kesti002-scaled-e1652709179898-1024x615.jpg 1024w, https:\/\/moniheli.fi\/wp-content\/uploads\/2022\/04\/Martat_Kesti002-scaled-e1652709179898-768x461.jpg 768w, https:\/\/moniheli.fi\/wp-content\/uploads\/2022\/04\/Martat_Kesti002-scaled-e1652709179898-1536x923.jpg 1536w, https:\/\/moniheli.fi\/wp-content\/uploads\/2022\/04\/Martat_Kesti002-scaled-e1652709179898-18x12.jpg 18w\" sizes=\"(max-width: 1769px) 100vw, 1769px\" \/>\t\t\t\t\t\t\t\t\t\t\t\t\t\t\t<\/div>\n\t\t\t\t<\/div>\n\t\t\t\t<\/div>\n\t\t<div class=\"elementor-element elementor-element-b32f633 e-flex e-con-boxed e-con e-parent\" data-id=\"b32f633\" data-element_type=\"container\" data-e-type=\"container\" data-settings=\"{&quot;background_background&quot;:&quot;classic&quot;}\">\n\t\t\t\t\t<div class=\"e-con-inner\">\n\t\t<div class=\"elementor-element elementor-element-15b4c55 e-con-full e-flex e-con e-child\" data-id=\"15b4c55\" data-element_type=\"container\" data-e-type=\"container\">\n\t\t\t\t<div class=\"elementor-element elementor-element-d4b79ce elementor-widget elementor-widget-image\" data-id=\"d4b79ce\" data-element_type=\"widget\" data-e-type=\"widget\" data-widget_type=\"image.default\">\n\t\t\t\t<div class=\"elementor-widget-container\">\n\t\t\t\t\t\t\t\t\t\t\t\t\t\t\t<img decoding=\"async\" width=\"800\" height=\"610\" src=\"https:\/\/moniheli.fi\/wp-content\/uploads\/2024\/10\/Logo_1_lapinakyva-1.png\" class=\"attachment-large size-large wp-image-18997\" alt=\"\" srcset=\"https:\/\/moniheli.fi\/wp-content\/uploads\/2024\/10\/Logo_1_lapinakyva-1.png 921w, https:\/\/moniheli.fi\/wp-content\/uploads\/2024\/10\/Logo_1_lapinakyva-1-300x229.png 300w, https:\/\/moniheli.fi\/wp-content\/uploads\/2024\/10\/Logo_1_lapinakyva-1-768x585.png 768w, https:\/\/moniheli.fi\/wp-content\/uploads\/2024\/10\/Logo_1_lapinakyva-1-16x12.png 16w\" sizes=\"(max-width: 800px) 100vw, 800px\" \/>\t\t\t\t\t\t\t\t\t\t\t\t\t\t\t<\/div>\n\t\t\t\t<\/div>\n\t\t\t\t<\/div>\n\t\t<div class=\"elementor-element elementor-element-0e3c175 e-con-full e-flex e-con e-child\" data-id=\"0e3c175\" data-element_type=\"container\" data-e-type=\"container\">\n\t\t\t\t<div class=\"elementor-element elementor-element-8c86b51 elementor-widget elementor-widget-heading\" data-id=\"8c86b51\" data-element_type=\"widget\" data-e-type=\"widget\" data-widget_type=\"heading.default\">\n\t\t\t\t<div class=\"elementor-widget-container\">\n\t\t\t\t\t<h2 class=\"elementor-heading-title elementor-size-default\">Objectives<\/h2>\t\t\t\t<\/div>\n\t\t\t\t<\/div>\n\t\t\t\t<div class=\"elementor-element elementor-element-1bcd31f elementor-widget elementor-widget-text-editor\" data-id=\"1bcd31f\" data-element_type=\"widget\" data-e-type=\"widget\" data-widget_type=\"text-editor.default\">\n\t\t\t\t<div class=\"elementor-widget-container\">\n\t\t\t\t\t\t\t\t\t<ul><li><span style=\"white-space: pre-wrap;\">The aim of the project was to strengthen immigrants' inclusion and encounters by introducing them to Finnish local nature, natural products and home gardening in nature- and climate-friendly ways, together with Martha Association's experts and volunteers. <\/span><\/li><\/ul>\t\t\t\t\t\t\t\t<\/div>\n\t\t\t\t<\/div>\n\t\t\t\t<div class=\"elementor-element elementor-element-2cc165f elementor-widget elementor-widget-text-editor\" data-id=\"2cc165f\" data-element_type=\"widget\" data-e-type=\"widget\" data-widget_type=\"text-editor.default\">\n\t\t\t\t<div class=\"elementor-widget-container\">\n\t\t\t\t\t\t\t\t\t<ul><li><span style=\"white-space: pre-wrap;\">In 2022-2024, we organised activities across Finland, and national online trainings. The project included Uusimaa, Southwest Finland, Pirkanmaa, South and North Karelia.<\/span><\/li><\/ul>\t\t\t\t\t\t\t\t<\/div>\n\t\t\t\t<\/div>\n\t\t\t\t<\/div>\n\t\t\t\t\t<\/div>\n\t\t\t\t<\/div>\n\t\t<div class=\"elementor-element elementor-element-4827d0c e-flex e-con-boxed e-con e-parent\" data-id=\"4827d0c\" data-element_type=\"container\" data-e-type=\"container\">\n\t\t\t\t\t<div class=\"e-con-inner\">\n\t\t\t\t<div class=\"elementor-element elementor-element-c3a663d elementor-drop-cap-yes elementor-drop-cap-view-stacked elementor-widget elementor-widget-text-editor\" data-id=\"c3a663d\" data-element_type=\"widget\" data-e-type=\"widget\" data-settings=\"{&quot;drop_cap&quot;:&quot;yes&quot;}\" data-widget_type=\"text-editor.default\">\n\t\t\t\t<div class=\"elementor-widget-container\">\n\t\t\t\t\t\t\t\t\t<p>Luontokoti oli Monihelin ja Marttaliiton kolmevuotinen, valtakunnallinen hanke (2022\u20132024), joka tuki maahan muuttaneiden kotoutumista suomalaiseen l\u00e4hiluontoon ja kotipuutarhaan. Marttaliitto on vuonna 1899 perustettu suomalainen kansalaisj\u00e4rjest\u00f6. Hanke loi osallisuutta, tavoitteena laajentaa el\u00e4m\u00e4npiiri\u00e4 ja vahvistaa henkist\u00e4, fyysist\u00e4 sek\u00e4 sosiaalista hyvinvointia. Sen lis\u00e4ksi j\u00e4rjestimme koulutuksia monikulttuurij\u00e4rjest\u00f6ille ja vahvistimme kotoutumisen tuen malleja erityisesti Marttaliiton piirien alueella.<\/p><p>Hanke koostui kursseista, koulutuksista, tapahtumista sek\u00e4 retkist\u00e4. Tavoitteena oli luoda my\u00f6nteisi\u00e4 luontokokemuksia sek\u00e4 kasvattaa tietoa suomalaisesta luonnosta ja sen mahdollisuuksista kotoutumisessa. Hanke tuki monikulttuuri- ja maahanmuuttajaj\u00e4rjest\u00f6j\u00e4 toimintansa kehitt\u00e4misess\u00e4 luonto- ja ymp\u00e4rist\u00f6n\u00e4k\u00f6kulmasta ja antoi j\u00e4rjest\u00f6ille ty\u00f6kaluja lis\u00e4t\u00e4 j\u00e4sentens\u00e4 hyvinvointia luonnon kautta.<\/p><p>J\u00e4rjestimme toimintaa eri puolilla Suomea, ja koulutuksemme olivat valtakunnallisia ja kaikille avoimia. Kursseja, retki\u00e4 ja muita tapahtumia maahan muuttaneille j\u00e4rjestettiin Uudellamaalla, Varsinais-Suomessa, Pirkanmaalla, Etel\u00e4-Karjalassa ja Pohjois-Karjalassa.<\/p>\t\t\t\t\t\t\t\t<\/div>\n\t\t\t\t<\/div>\n\t\t\t\t\t<\/div>\n\t\t\t\t<\/div>\n\t\t<div class=\"elementor-element elementor-element-df0f1cf e-flex e-con-boxed e-con e-parent\" data-id=\"df0f1cf\" data-element_type=\"container\" data-e-type=\"container\" data-settings=\"{&quot;background_background&quot;:&quot;classic&quot;}\">\n\t\t\t\t\t<div class=\"e-con-inner\">\n\t\t\t\t<div class=\"elementor-element elementor-element-c8afd53 elementor-widget__width-inherit elementor-widget elementor-widget-heading\" data-id=\"c8afd53\" data-element_type=\"widget\" data-e-type=\"widget\" data-widget_type=\"heading.default\">\n\t\t\t\t<div class=\"elementor-widget-container\">\n\t\t\t\t\t<h2 class=\"elementor-heading-title elementor-size-default\">contact information<\/h2>\t\t\t\t<\/div>\n\t\t\t\t<\/div>\n\t\t\t\t\t<\/div>\n\t\t\t\t<\/div>\n\t\t<div class=\"elementor-element elementor-element-c365830 e-flex e-con-boxed e-con e-parent\" data-id=\"c365830\" data-element_type=\"container\" data-e-type=\"container\">\n\t\t\t\t\t<div class=\"e-con-inner\">\n\t\t<div class=\"elementor-element elementor-element-8a1455e e-con-full e-flex e-con e-child\" data-id=\"8a1455e\" data-element_type=\"container\" data-e-type=\"container\">\n\t\t\t\t<div class=\"elementor-element elementor-element-71b9be1 elementor-widget elementor-widget-image\" data-id=\"71b9be1\" data-element_type=\"widget\" data-e-type=\"widget\" data-widget_type=\"image.default\">\n\t\t\t\t<div class=\"elementor-widget-container\">\n\t\t\t\t\t\t\t\t\t\t\t\t\t\t\t<img loading=\"lazy\" decoding=\"async\" width=\"300\" height=\"300\" src=\"https:\/\/moniheli.fi\/wp-content\/uploads\/2022\/07\/Anni-300x300.png\" class=\"attachment-medium size-medium wp-image-9225\" alt=\"Anni Huovinen\" srcset=\"https:\/\/moniheli.fi\/wp-content\/uploads\/2022\/07\/Anni-300x300.png 300w, https:\/\/moniheli.fi\/wp-content\/uploads\/2022\/07\/Anni-150x150.png 150w, https:\/\/moniheli.fi\/wp-content\/uploads\/2022\/07\/Anni-768x768.png 768w, https:\/\/moniheli.fi\/wp-content\/uploads\/2022\/07\/Anni-12x12.png 12w, https:\/\/moniheli.fi\/wp-content\/uploads\/2022\/07\/Anni.png 800w\" sizes=\"(max-width: 300px) 100vw, 300px\" \/>\t\t\t\t\t\t\t\t\t\t\t\t\t\t\t<\/div>\n\t\t\t\t<\/div>\n\t\t\t\t<\/div>\n\t\t<div class=\"elementor-element elementor-element-6b3ed04 e-con-full e-flex e-con e-child\" data-id=\"6b3ed04\" data-element_type=\"container\" data-e-type=\"container\">\n\t\t\t\t<div class=\"elementor-element elementor-element-bbff680 elementor-widget elementor-widget-text-editor\" data-id=\"bbff680\" data-element_type=\"widget\" data-e-type=\"widget\" data-widget_type=\"text-editor.default\">\n\t\t\t\t<div class=\"elementor-widget-container\">\n\t\t\t\t\t\t\t\t\t<p><b>Anni Huovinen<br \/><\/b>Expert<\/p><p>+358 (0)44 750 4171<br \/>anni.huovinen@moniheli.fi<\/p><p><em>Suomi, English, Italiano<\/em><\/p>\t\t\t\t\t\t\t\t<\/div>\n\t\t\t\t<\/div>\n\t\t\t\t<\/div>\n\t\t\t\t\t<\/div>\n\t\t\t\t<\/div>\n\t\t\t\t<\/div>","protected":false},"excerpt":{"rendered":"<p>Luonto&shy;koti Monihelin ja Marttaliiton yhteinen Luontokoti-hanke tutustutti maahan muuttaneita suomalaiseen l\u00e4hiluontoon ja kotipuutarhaan. Tavoitteet Hankkeen tavoitteena oli maahanmuuttajien osallisuuden ja kohtaamisten vahvistaminen tutustuttamalla kotoutujia suomalaiseen l\u00e4hiluontoon, luonnontuotteisiin ja kotipuutarhaviljelyyn luonto- ja ilmastomy\u00f6nteisill\u00e4 tavoilla, yhdess\u00e4 Marttaliiton asiantuntijoiden ja vapaaehtoisten kanssa. Vuosina 2022\u20132024 j\u00e4rjestimme toimintaa eri puolilla Suomea, ja valtakunnallisia verkkokoulutuksia. Hankkeessa mukana olivat Uusimaa, Varsinais-Suomi, Pirkanmaa [&hellip;]<\/p>\n","protected":false},"author":37,"featured_media":0,"parent":0,"menu_order":0,"comment_status":"closed","ping_status":"closed","template":"","meta":{"_acf_changed":false,"footnotes":""},"class_list":["post-8379","page","type-page","status-publish","hentry"],"acf":[],"_links":{"self":[{"href":"https:\/\/moniheli.fi\/en\/wp-json\/wp\/v2\/pages\/8379","targetHints":{"allow":["GET"]}}],"collection":[{"href":"https:\/\/moniheli.fi\/en\/wp-json\/wp\/v2\/pages"}],"about":[{"href":"https:\/\/moniheli.fi\/en\/wp-json\/wp\/v2\/types\/page"}],"author":[{"embeddable":true,"href":"https:\/\/moniheli.fi\/en\/wp-json\/wp\/v2\/users\/37"}],"replies":[{"embeddable":true,"href":"https:\/\/moniheli.fi\/en\/wp-json\/wp\/v2\/comments?post=8379"}],"version-history":[{"count":20,"href":"https:\/\/moniheli.fi\/en\/wp-json\/wp\/v2\/pages\/8379\/revisions"}],"predecessor-version":[{"id":20261,"href":"https:\/\/moniheli.fi\/en\/wp-json\/wp\/v2\/pages\/8379\/revisions\/20261"}],"wp:attachment":[{"href":"https:\/\/moniheli.fi\/en\/wp-json\/wp\/v2\/media?parent=8379"}],"curies":[{"name":"wp","href":"https:\/\/api.w.org\/{rel}","templated":true}]}}