{"id":7588,"date":"2022-03-08T16:14:40","date_gmt":"2022-03-08T14:14:40","guid":{"rendered":"https:\/\/moniheli-fi.hel9.wp-cloud.dev\/?page_id=7588"},"modified":"2024-09-05T16:51:25","modified_gmt":"2024-09-05T13:51:25","slug":"mikki-sulle","status":"publish","type":"page","link":"https:\/\/moniheli.fi\/en\/mikki-sulle\/","title":{"rendered":"Mikki sulle"},"content":{"rendered":"<div data-elementor-type=\"wp-page\" data-elementor-id=\"7588\" class=\"elementor elementor-7588\" data-elementor-post-type=\"page\">\n\t\t\t\t<div class=\"elementor-element elementor-element-0b6035c e-con-full e-flex e-con e-parent\" data-id=\"0b6035c\" data-element_type=\"container\" data-e-type=\"container\" data-settings=\"{&quot;background_background&quot;:&quot;classic&quot;}\">\n\t\t<div class=\"elementor-element elementor-element-c35cb86 e-con-full e-flex e-con e-child\" data-id=\"c35cb86\" data-element_type=\"container\" data-e-type=\"container\">\n\t\t\t\t<div class=\"elementor-element elementor-element-33a3d1f elementor-widget elementor-widget-heading\" data-id=\"33a3d1f\" data-element_type=\"widget\" data-e-type=\"widget\" data-widget_type=\"heading.default\">\n\t\t\t\t<div class=\"elementor-widget-container\">\n\t\t\t\t\t<h1 class=\"elementor-heading-title elementor-size-default\">Mikki sulle<\/h1>\t\t\t\t<\/div>\n\t\t\t\t<\/div>\n\t\t\t\t<\/div>\n\t\t<div class=\"elementor-element elementor-element-33e6e38 e-con-full e-flex e-con e-child\" data-id=\"33e6e38\" data-element_type=\"container\" data-e-type=\"container\" data-settings=\"{&quot;background_background&quot;:&quot;classic&quot;}\">\n\t\t\t\t<div class=\"elementor-element elementor-element-f7ec73e elementor-widget elementor-widget-text-editor\" data-id=\"f7ec73e\" data-element_type=\"widget\" data-e-type=\"widget\" data-widget_type=\"text-editor.default\">\n\t\t\t\t<div class=\"elementor-widget-container\">\n\t\t\t\t\t\t\t\t\t<p class=\"translation-block\">The Mikki Sulle project was a pilot project of Moniheli, which aimed to strengthen the inclusion of young people growing up in two cultures in Finnish society. The project has ended.<\/p>\t\t\t\t\t\t\t\t<\/div>\n\t\t\t\t<\/div>\n\t\t\t\t<\/div>\n\t\t\t\t<\/div>\n\t\t<div class=\"elementor-element elementor-element-3522ded e-flex e-con-boxed e-con e-parent\" data-id=\"3522ded\" data-element_type=\"container\" data-e-type=\"container\">\n\t\t\t\t\t<div class=\"e-con-inner\">\n\t\t<div class=\"elementor-element elementor-element-e07f926 e-con-full e-flex e-con e-child\" data-id=\"e07f926\" data-element_type=\"container\" data-e-type=\"container\">\n\t\t\t\t<div class=\"elementor-element elementor-element-cba7ca3 elementor-widget elementor-widget-image\" data-id=\"cba7ca3\" data-element_type=\"widget\" data-e-type=\"widget\" data-widget_type=\"image.default\">\n\t\t\t\t<div class=\"elementor-widget-container\">\n\t\t\t\t\t\t\t\t\t\t\t\t\t\t\t<img fetchpriority=\"high\" decoding=\"async\" width=\"800\" height=\"426\" src=\"https:\/\/moniheli.fi\/wp-content\/uploads\/2022\/04\/MikkiSulle_logo_la\u0308pina\u0308kyva\u0308-1024x545.png\" class=\"attachment-large size-large wp-image-7968\" alt=\"\" srcset=\"https:\/\/moniheli.fi\/wp-content\/uploads\/2022\/04\/MikkiSulle_logo_la\u0308pina\u0308kyva\u0308-1024x545.png 1024w, https:\/\/moniheli.fi\/wp-content\/uploads\/2022\/04\/MikkiSulle_logo_la\u0308pina\u0308kyva\u0308-300x160.png 300w, https:\/\/moniheli.fi\/wp-content\/uploads\/2022\/04\/MikkiSulle_logo_la\u0308pina\u0308kyva\u0308-768x409.png 768w, https:\/\/moniheli.fi\/wp-content\/uploads\/2022\/04\/MikkiSulle_logo_la\u0308pina\u0308kyva\u0308-1536x818.png 1536w, https:\/\/moniheli.fi\/wp-content\/uploads\/2022\/04\/MikkiSulle_logo_la\u0308pina\u0308kyva\u0308-18x10.png 18w, https:\/\/moniheli.fi\/wp-content\/uploads\/2022\/04\/MikkiSulle_logo_la\u0308pina\u0308kyva\u0308.png 1921w\" sizes=\"(max-width: 800px) 100vw, 800px\" \/>\t\t\t\t\t\t\t\t\t\t\t\t\t\t\t<\/div>\n\t\t\t\t<\/div>\n\t\t\t\t<\/div>\n\t\t<div class=\"elementor-element elementor-element-54bc16f e-con-full e-flex e-con e-child\" data-id=\"54bc16f\" data-element_type=\"container\" data-e-type=\"container\" data-settings=\"{&quot;background_background&quot;:&quot;classic&quot;}\">\n\t\t\t\t<div class=\"elementor-element elementor-element-940d701 elementor-widget elementor-widget-heading\" data-id=\"940d701\" data-element_type=\"widget\" data-e-type=\"widget\" data-widget_type=\"heading.default\">\n\t\t\t\t<div class=\"elementor-widget-container\">\n\t\t\t\t\t<h2 class=\"elementor-heading-title elementor-size-default\">Objectives<\/h2>\t\t\t\t<\/div>\n\t\t\t\t<\/div>\n\t\t\t\t<div class=\"elementor-element elementor-element-3db6b5f elementor-align-start elementor-icon-list--layout-traditional elementor-list-item-link-full_width elementor-widget elementor-widget-icon-list\" data-id=\"3db6b5f\" data-element_type=\"widget\" data-e-type=\"widget\" data-widget_type=\"icon-list.default\">\n\t\t\t\t<div class=\"elementor-widget-container\">\n\t\t\t\t\t\t\t<ul class=\"elementor-icon-list-items\">\n\t\t\t\t\t\t\t<li class=\"elementor-icon-list-item\">\n\t\t\t\t\t\t\t\t\t\t\t<span class=\"elementor-icon-list-icon\">\n\t\t\t\t\t\t\t<svg aria-hidden=\"true\" class=\"e-font-icon-svg e-fas-dot-circle\" viewbox=\"0 0 512 512\" xmlns=\"http:\/\/www.w3.org\/2000\/svg\"><path d=\"M256 8C119.033 8 8 119.033 8 256s111.033 248 248 248 248-111.033 248-248S392.967 8 256 8zm80 248c0 44.112-35.888 80-80 80s-80-35.888-80-80 35.888-80 80-80 80 35.888 80 80z\"><\/path><\/svg>\t\t\t\t\t\t<\/span>\n\t\t\t\t\t\t\t\t\t\t<span class=\"elementor-icon-list-text\">Strengthening the inclusion of young people with multi-cultural background aged 13-25 <\/span>\n\t\t\t\t\t\t\t\t\t<\/li>\n\t\t\t\t\t\t\t\t<li class=\"elementor-icon-list-item\">\n\t\t\t\t\t\t\t\t\t\t\t<span class=\"elementor-icon-list-icon\">\n\t\t\t\t\t\t\t<svg aria-hidden=\"true\" class=\"e-font-icon-svg e-fas-dot-circle\" viewbox=\"0 0 512 512\" xmlns=\"http:\/\/www.w3.org\/2000\/svg\"><path d=\"M256 8C119.033 8 8 119.033 8 256s111.033 248 248 248 248-111.033 248-248S392.967 8 256 8zm80 248c0 44.112-35.888 80-80 80s-80-35.888-80-80 35.888-80 80-80 80 35.888 80 80z\"><\/path><\/svg>\t\t\t\t\t\t<\/span>\n\t\t\t\t\t\t\t\t\t\t<span class=\"elementor-icon-list-text\">Supporting foreign-language parents in parenting teenagers and young adults<\/span>\n\t\t\t\t\t\t\t\t\t<\/li>\n\t\t\t\t\t\t\t\t<li class=\"elementor-icon-list-item\">\n\t\t\t\t\t\t\t\t\t\t\t<span class=\"elementor-icon-list-icon\">\n\t\t\t\t\t\t\t<svg aria-hidden=\"true\" class=\"e-font-icon-svg e-fas-dot-circle\" viewbox=\"0 0 512 512\" xmlns=\"http:\/\/www.w3.org\/2000\/svg\"><path d=\"M256 8C119.033 8 8 119.033 8 256s111.033 248 248 248 248-111.033 248-248S392.967 8 256 8zm80 248c0 44.112-35.888 80-80 80s-80-35.888-80-80 35.888-80 80-80 80 35.888 80 80z\"><\/path><\/svg>\t\t\t\t\t\t<\/span>\n\t\t\t\t\t\t\t\t\t\t<span class=\"elementor-icon-list-text\">Strengthening the dialogue between the foreign language community and the authorities\u00a0<\/span>\n\t\t\t\t\t\t\t\t\t<\/li>\n\t\t\t\t\t\t\t\t<li class=\"elementor-icon-list-item\">\n\t\t\t\t\t\t\t\t\t\t\t<span class=\"elementor-icon-list-icon\">\n\t\t\t\t\t\t\t<svg aria-hidden=\"true\" class=\"e-font-icon-svg e-fas-dot-circle\" viewbox=\"0 0 512 512\" xmlns=\"http:\/\/www.w3.org\/2000\/svg\"><path d=\"M256 8C119.033 8 8 119.033 8 256s111.033 248 248 248 248-111.033 248-248S392.967 8 256 8zm80 248c0 44.112-35.888 80-80 80s-80-35.888-80-80 35.888-80 80-80 80 35.888 80 80z\"><\/path><\/svg>\t\t\t\t\t\t<\/span>\n\t\t\t\t\t\t\t\t\t\t<span class=\"elementor-icon-list-text\">Strengthening the capacity of associations<\/span>\n\t\t\t\t\t\t\t\t\t<\/li>\n\t\t\t\t\t\t\t\t<li class=\"elementor-icon-list-item\">\n\t\t\t\t\t\t\t\t\t\t\t<span class=\"elementor-icon-list-icon\">\n\t\t\t\t\t\t\t<svg aria-hidden=\"true\" class=\"e-font-icon-svg e-fas-dot-circle\" viewbox=\"0 0 512 512\" xmlns=\"http:\/\/www.w3.org\/2000\/svg\"><path d=\"M256 8C119.033 8 8 119.033 8 256s111.033 248 248 248 248-111.033 248-248S392.967 8 256 8zm80 248c0 44.112-35.888 80-80 80s-80-35.888-80-80 35.888-80 80-80 80 35.888 80 80z\"><\/path><\/svg>\t\t\t\t\t\t<\/span>\n\t\t\t\t\t\t\t\t\t\t<span class=\"elementor-icon-list-text\">Bringing the results of associations' valuable work to the wider societal debate<\/span>\n\t\t\t\t\t\t\t\t\t<\/li>\n\t\t\t\t\t\t<\/ul>\n\t\t\t\t\t\t<\/div>\n\t\t\t\t<\/div>\n\t\t\t\t<\/div>\n\t\t\t\t\t<\/div>\n\t\t\t\t<\/div>\n\t\t<div class=\"elementor-element elementor-element-9c0e1e9 e-con-full e-flex e-con e-parent\" data-id=\"9c0e1e9\" data-element_type=\"container\" data-e-type=\"container\">\n\t\t<div class=\"elementor-element elementor-element-b1c362c e-con-full e-flex e-con e-child\" data-id=\"b1c362c\" data-element_type=\"container\" data-e-type=\"container\">\n\t\t\t\t<div class=\"elementor-element elementor-element-7cd9f73 elementor-widget elementor-widget-image\" data-id=\"7cd9f73\" data-element_type=\"widget\" data-e-type=\"widget\" data-widget_type=\"image.default\">\n\t\t\t\t<div class=\"elementor-widget-container\">\n\t\t\t\t\t\t\t\t\t\t\t\t\t\t\t<img decoding=\"async\" width=\"800\" height=\"600\" src=\"https:\/\/moniheli.fi\/wp-content\/uploads\/2022\/04\/WhatsApp-Image-2022-04-19-at-16.34.08.jpeg\" class=\"attachment-large size-large wp-image-7947\" alt=\"\" srcset=\"https:\/\/moniheli.fi\/wp-content\/uploads\/2022\/04\/WhatsApp-Image-2022-04-19-at-16.34.08.jpeg 1024w, https:\/\/moniheli.fi\/wp-content\/uploads\/2022\/04\/WhatsApp-Image-2022-04-19-at-16.34.08-300x225.jpeg 300w, https:\/\/moniheli.fi\/wp-content\/uploads\/2022\/04\/WhatsApp-Image-2022-04-19-at-16.34.08-768x576.jpeg 768w, https:\/\/moniheli.fi\/wp-content\/uploads\/2022\/04\/WhatsApp-Image-2022-04-19-at-16.34.08-16x12.jpeg 16w\" sizes=\"(max-width: 800px) 100vw, 800px\" \/>\t\t\t\t\t\t\t\t\t\t\t\t\t\t\t<\/div>\n\t\t\t\t<\/div>\n\t\t\t\t<\/div>\n\t\t<div class=\"elementor-element elementor-element-5cc9bce e-con-full e-flex e-con e-child\" data-id=\"5cc9bce\" data-element_type=\"container\" data-e-type=\"container\">\n\t\t\t\t<div class=\"elementor-element elementor-element-224de02 elementor-widget elementor-widget-image\" data-id=\"224de02\" data-element_type=\"widget\" data-e-type=\"widget\" data-widget_type=\"image.default\">\n\t\t\t\t<div class=\"elementor-widget-container\">\n\t\t\t\t\t\t\t\t\t\t\t\t\t\t\t<img decoding=\"async\" width=\"800\" height=\"600\" src=\"https:\/\/moniheli.fi\/wp-content\/uploads\/2022\/04\/WhatsApp-Image-2022-04-19-at-16.34.08-1.jpeg\" class=\"attachment-large size-large wp-image-7946\" alt=\"nelj\u00e4 nuorta poikaa istuu piiriss\u00e4\" srcset=\"https:\/\/moniheli.fi\/wp-content\/uploads\/2022\/04\/WhatsApp-Image-2022-04-19-at-16.34.08-1.jpeg 1024w, https:\/\/moniheli.fi\/wp-content\/uploads\/2022\/04\/WhatsApp-Image-2022-04-19-at-16.34.08-1-300x225.jpeg 300w, https:\/\/moniheli.fi\/wp-content\/uploads\/2022\/04\/WhatsApp-Image-2022-04-19-at-16.34.08-1-768x576.jpeg 768w, https:\/\/moniheli.fi\/wp-content\/uploads\/2022\/04\/WhatsApp-Image-2022-04-19-at-16.34.08-1-16x12.jpeg 16w\" sizes=\"(max-width: 800px) 100vw, 800px\" \/>\t\t\t\t\t\t\t\t\t\t\t\t\t\t\t<\/div>\n\t\t\t\t<\/div>\n\t\t\t\t<\/div>\n\t\t\t\t<\/div>\n\t\t\t\t<\/div>","protected":false},"excerpt":{"rendered":"<p>Mikki sulle Mikki Sulle -hanke on Monihelin pilottihanke, jonka tarkoituksena oli vahvistaa kahteen kulttuuriin kasvavien nuorten osallisuutta suomalaisessa yhteiskunnassa. Hanke on p\u00e4\u00e4ttynyt. Tavoitteet Vahvistetaan 13\u201325-vuotiaiden kahteen kulttuurin kasvavien nuorten osallisuutta Tuetaan vieraskielisi\u00e4 vanhempia teini-ik\u00e4isten ja nuorten aikuisten vanhemmuudessa Vahvistetaan vieraskielisen yhteis\u00f6n ja viranomaisten v\u00e4list\u00e4 dialogia\u00a0 Vahvistetaan j\u00e4rjest\u00f6jen toimintaedellytyksi\u00e4 Tuodaan j\u00e4rjest\u00f6jen arvokkaan toiminnan tuloksia laajempaan yhteiskunnalliseen [&hellip;]<\/p>\n","protected":false},"author":1,"featured_media":0,"parent":0,"menu_order":0,"comment_status":"closed","ping_status":"closed","template":"","meta":{"_acf_changed":false,"footnotes":""},"class_list":["post-7588","page","type-page","status-publish","hentry"],"acf":[],"_links":{"self":[{"href":"https:\/\/moniheli.fi\/en\/wp-json\/wp\/v2\/pages\/7588","targetHints":{"allow":["GET"]}}],"collection":[{"href":"https:\/\/moniheli.fi\/en\/wp-json\/wp\/v2\/pages"}],"about":[{"href":"https:\/\/moniheli.fi\/en\/wp-json\/wp\/v2\/types\/page"}],"author":[{"embeddable":true,"href":"https:\/\/moniheli.fi\/en\/wp-json\/wp\/v2\/users\/1"}],"replies":[{"embeddable":true,"href":"https:\/\/moniheli.fi\/en\/wp-json\/wp\/v2\/comments?post=7588"}],"version-history":[{"count":20,"href":"https:\/\/moniheli.fi\/en\/wp-json\/wp\/v2\/pages\/7588\/revisions"}],"predecessor-version":[{"id":17698,"href":"https:\/\/moniheli.fi\/en\/wp-json\/wp\/v2\/pages\/7588\/revisions\/17698"}],"wp:attachment":[{"href":"https:\/\/moniheli.fi\/en\/wp-json\/wp\/v2\/media?parent=7588"}],"curies":[{"name":"wp","href":"https:\/\/api.w.org\/{rel}","templated":true}]}}