{"id":4324,"date":"2021-10-04T14:34:35","date_gmt":"2021-10-04T14:34:35","guid":{"rendered":"https:\/\/moniheli-fi.hel9.wp-cloud.dev\/?page_id=4324"},"modified":"2022-06-30T11:09:11","modified_gmt":"2022-06-30T08:09:11","slug":"saavutettavuusseloste","status":"publish","type":"page","link":"https:\/\/moniheli.fi\/en\/saavutettavuusseloste\/","title":{"rendered":"Accessibility description"},"content":{"rendered":"\t\t<div data-elementor-type=\"wp-page\" data-elementor-id=\"4324\" class=\"elementor elementor-4324\" data-elementor-post-type=\"page\">\n\t\t\t\t<div class=\"elementor-element elementor-element-ffb8d89 e-flex e-con-boxed e-con e-parent\" data-id=\"ffb8d89\" data-element_type=\"container\" data-e-type=\"container\">\n\t\t\t\t\t<div class=\"e-con-inner\">\n\t\t<div class=\"elementor-element elementor-element-f439268 e-con-full e-flex e-con e-child\" data-id=\"f439268\" data-element_type=\"container\" data-e-type=\"container\">\n\t\t\t\t<div class=\"elementor-element elementor-element-6d4442c elementor-widget elementor-widget-heading\" data-id=\"6d4442c\" data-element_type=\"widget\" data-e-type=\"widget\" data-widget_type=\"heading.default\">\n\t\t\t\t<div class=\"elementor-widget-container\">\n\t\t\t\t\t<h1 class=\"elementor-heading-title elementor-size-default\">Moniheli.fi-saavutettavuusseloste<\/h1>\t\t\t\t<\/div>\n\t\t\t\t<\/div>\n\t\t\t\t<div class=\"elementor-element elementor-element-b577285 elementor-widget elementor-widget-text-editor\" data-id=\"b577285\" data-element_type=\"widget\" data-e-type=\"widget\" data-widget_type=\"text-editor.default\">\n\t\t\t\t<div class=\"elementor-widget-container\">\n\t\t\t\t\t\t\t\t\t<section class=\"statement__section\">T\u00e4m\u00e4 saavutettavuusseloste koskee palvelua www.moniheli.fi ja on laadittu\u00a0 4.10.2021. Palvelua koskee laki digitaalisten palvelujen tarjoamisesta, jossa edellytet\u00e4\u00e4n, ett\u00e4 julkisten verkkopalvelujen on oltava saavutettavia. Palvelun saavutettavuuden on arvioinut ulkopuolinen asiantuntijaorganisaatio.<\/section><section class=\"statement__section\"><h2>\u00a0<\/h2><h2>Digipalvelun saavutettavuuden tila<\/h2><p>T\u00e4ytt\u00e4\u00e4 saavutettavuusvaatimukset osittain.<\/p><\/section><h3>Ei-saavutettava sis\u00e4lt\u00f6<\/h3><section class=\"statement__section\"><h5>1. Ei kuulu lains\u00e4\u00e4d\u00e4nn\u00f6n piiriin<\/h5><ul><li>opetuksessa rajatussa ryhm\u00e4ss\u00e4 m\u00e4\u00e4r\u00e4aikaisesti k\u00e4ytett\u00e4vi\u00e4 sis\u00e4lt\u00f6j\u00e4<\/li><\/ul><\/section><section class=\"statement__section\"><h2>\u00a0<\/h2><h2>Ilmoita puutteista<\/h2><p>Huomasitko saavutettavuuspuutteen digipalvelussamme? Kerro se meille ja teemme parhaamme puutteen korjaamiseksi.<\/p><h3>Verkkolomakkeella<\/h3><\/section>\t\t\t\t\t\t\t\t<\/div>\n\t\t\t\t<\/div>\n\t\t\t\t<div class=\"elementor-element elementor-element-ec0a726 elementor-button-align-center elementor-widget elementor-widget-form\" data-id=\"ec0a726\" data-element_type=\"widget\" data-e-type=\"widget\" data-settings=\"{&quot;step_next_label&quot;:&quot;Next&quot;,&quot;step_previous_label&quot;:&quot;Previous&quot;,&quot;button_width&quot;:&quot;100&quot;,&quot;step_type&quot;:&quot;number_text&quot;,&quot;step_icon_shape&quot;:&quot;circle&quot;}\" data-widget_type=\"form.default\">\n\t\t\t\t<div class=\"elementor-widget-container\">\n\t\t\t\t\t\t\t<form class=\"elementor-form\" method=\"post\" name=\"Saavutettavuuspalaute\" aria-label=\"Saavutettavuuspalaute\">\n\t\t\t<input type=\"hidden\" name=\"post_id\" value=\"4324\"\/>\n\t\t\t<input type=\"hidden\" name=\"form_id\" value=\"ec0a726\"\/>\n\t\t\t<input type=\"hidden\" name=\"referer_title\" value=\"Saavutettavuusseloste\" \/>\n\n\t\t\t\t\t\t\t<input type=\"hidden\" name=\"queried_id\" value=\"4324\"\/>\n\t\t\t\n\t\t\t<div class=\"elementor-form-fields-wrapper elementor-labels-above\">\n\t\t\t\t\t\t\t\t<div class=\"elementor-field-type-text elementor-field-group elementor-column elementor-field-group-name elementor-col-50 elementor-field-required\">\n\t\t\t\t\t\t\t\t\t\t\t\t<label for=\"form-field-name\" class=\"elementor-field-label\">\n\t\t\t\t\t\t\t\tNimi\t\t\t\t\t\t\t<\/label>\n\t\t\t\t\t\t\t\t\t\t\t\t\t\t<input size=\"1\" type=\"text\" name=\"form_fields[name]\" id=\"form-field-name\" class=\"elementor-field elementor-size-sm  elementor-field-textual\" required=\"required\">\n\t\t\t\t\t\t\t\t\t\t\t<\/div>\n\t\t\t\t\t\t\t\t<div class=\"elementor-field-type-email elementor-field-group elementor-column elementor-field-group-email elementor-col-50 elementor-field-required\">\n\t\t\t\t\t\t\t\t\t\t\t\t<label for=\"form-field-email\" class=\"elementor-field-label\">\n\t\t\t\t\t\t\t\tS\u00e4hk\u00f6postiosoitteesi\t\t\t\t\t\t\t<\/label>\n\t\t\t\t\t\t\t\t\t\t\t\t\t\t<input size=\"1\" type=\"email\" name=\"form_fields[email]\" id=\"form-field-email\" class=\"elementor-field elementor-size-sm  elementor-field-textual\" required=\"required\">\n\t\t\t\t\t\t\t\t\t\t\t<\/div>\n\t\t\t\t\t\t\t\t<div class=\"elementor-field-type-tel elementor-field-group elementor-column elementor-field-group-field_70e887b elementor-col-50 elementor-field-required\">\n\t\t\t\t\t\t\t\t\t\t\t\t<label for=\"form-field-field_70e887b\" class=\"elementor-field-label\">\n\t\t\t\t\t\t\t\tPuhelin\t\t\t\t\t\t\t<\/label>\n\t\t\t\t\t\t\t\t<input size=\"1\" type=\"tel\" name=\"form_fields[field_70e887b]\" id=\"form-field-field_70e887b\" class=\"elementor-field elementor-size-sm  elementor-field-textual\" required=\"required\" pattern=\"[0-9()#&amp;+*-=.]+\" title=\"Only numbers and phone characters (#, -, *, etc) are accepted.\">\n\n\t\t\t\t\t\t<\/div>\n\t\t\t\t\t\t\t\t<div class=\"elementor-field-type-text elementor-field-group elementor-column elementor-field-group-field_a5be078 elementor-col-50\">\n\t\t\t\t\t\t\t\t\t\t\t\t<label for=\"form-field-field_a5be078\" class=\"elementor-field-label\">\n\t\t\t\t\t\t\t\tEdustamasi organisaatio\t\t\t\t\t\t\t<\/label>\n\t\t\t\t\t\t\t\t\t\t\t\t\t\t<input size=\"1\" type=\"text\" name=\"form_fields[field_a5be078]\" id=\"form-field-field_a5be078\" class=\"elementor-field elementor-size-sm  elementor-field-textual\">\n\t\t\t\t\t\t\t\t\t\t\t<\/div>\n\t\t\t\t\t\t\t\t<div class=\"elementor-field-type-textarea elementor-field-group elementor-column elementor-field-group-message elementor-col-100\">\n\t\t\t\t\t\t\t\t\t\t\t\t<label for=\"form-field-message\" class=\"elementor-field-label\">\n\t\t\t\t\t\t\t\tMist\u00e4 l\u00f6ysit puutteita\t\t\t\t\t\t\t<\/label>\n\t\t\t\t\t\t<textarea class=\"elementor-field-textual elementor-field  elementor-size-sm\" name=\"form_fields[message]\" id=\"form-field-message\" rows=\"3\" placeholder=\"Kuvaile vapaasti tai laita linkki\"><\/textarea>\t\t\t\t<\/div>\n\t\t\t\t\t\t\t\t<div class=\"elementor-field-group elementor-column elementor-field-type-submit elementor-col-100 e-form__buttons\">\n\t\t\t\t\t<button class=\"elementor-button elementor-size-sm\" type=\"submit\">\n\t\t\t\t\t\t<span class=\"elementor-button-content-wrapper\">\n\t\t\t\t\t\t\t\t\t\t\t\t\t\t\t\t\t\t\t\t\t\t<span class=\"elementor-button-text\">L\u00e4het\u00e4<\/span>\n\t\t\t\t\t\t\t\t\t\t\t\t\t<\/span>\n\t\t\t\t\t<\/button>\n\t\t\t\t<\/div>\n\t\t\t<\/div>\n\t\t<\/form>\n\t\t\t\t\t\t<\/div>\n\t\t\t\t<\/div>\n\t\t\t\t<div class=\"elementor-element elementor-element-a06021f elementor-widget elementor-widget-text-editor\" data-id=\"a06021f\" data-element_type=\"widget\" data-e-type=\"widget\" data-widget_type=\"text-editor.default\">\n\t\t\t\t<div class=\"elementor-widget-container\">\n\t\t\t\t\t\t\t\t\t<h3 class=\"statement__section\"><span style=\"color: inherit; font-family: inherit; font-size: 1.5rem;\">S\u00e4hk\u00f6postilla<\/span><\/h3><section class=\"statement__section\"><p>viestinta@moniheli.fi<\/p><\/section><section class=\"statement__section\"><h2>\u00a0<\/h2><h2>Valvontaviranomainen<\/h2><p>Jos huomaat sivustolla saavutettavuusongelmia, anna ensin palautetta meille eli sivuston yll\u00e4pit\u00e4j\u00e4lle. Vastauksessa voi menn\u00e4 14 p\u00e4iv\u00e4\u00e4. Jos et ole tyytyv\u00e4inen saamaasi vastaukseen tai et saa vastausta lainkaan kahden viikon aikana, voit tehd\u00e4 <a href=\"https:\/\/www.saavutettavuusvaatimukset.fi\/oikeutesi\/\">ilmoituksen Etel\u00e4-Suomen Aluhallintovirastoon<\/a>. Etel\u00e4-Suomen aluehallintoviraston sivulla kerrotaan tarkasti, miten ilmoituksen voi tehd\u00e4 ja miten asia k\u00e4sitell\u00e4\u00e4n.<\/p><h3>Valvontaviranomaisen yhteystiedot<\/h3><p>Etel\u00e4-Suomen aluehallintovirasto<br \/>Saavutettavuuden valvonnan yksikk\u00f6<br \/>www.saavutettavuusvaatimukset.fi<br \/>saavutettavuus@avi.fi<br \/>Puhelinnumero, vaihde 0295 016 000<\/p><\/section><section class=\"statement__section\"><h2>\u00a0<\/h2><h2>Teemme jatkuvasti ty\u00f6t\u00e4 saavutettavuuden parantamiseksi<\/h2><p>Olemme sitoutuneet digipalveluiden saavutettavuuden parantamiseen.<\/p><p>Moniheli tekee ty\u00f6t\u00e4 monikielisess\u00e4 viitekehyksess\u00e4, joka tekee saavutettavuuden erityisell\u00e4 tavalla t\u00e4rke\u00e4ksi. Koska verkkosivut ovat jatkuvasti el\u00e4v\u00e4 kokonaisuus, saavutettavuus on osa julkaisuty\u00f6n p\u00e4ivitt\u00e4isi\u00e4 rutiineja ja arkea. Saavutettavuutta kehitet\u00e4\u00e4n siis p\u00e4ivitt\u00e4in.<\/p><h2>\u00a0<\/h2><h2>Julkaisu<\/h2><p>T\u00e4m\u00e4 verkkosivusto on julkaistu 1.10.2021<\/p><\/section>\t\t\t\t\t\t\t\t<\/div>\n\t\t\t\t<\/div>\n\t\t\t\t<\/div>\n\t\t\t\t\t<\/div>\n\t\t\t\t<\/div>\n\t\t\t\t<\/div>\n\t\t","protected":false},"excerpt":{"rendered":"<p>Moniheli.fi-saavutettavuusseloste T\u00e4m\u00e4 saavutettavuusseloste koskee palvelua www.moniheli.fi ja on laadittu\u00a0 4.10.2021. Palvelua koskee laki digitaalisten palvelujen tarjoamisesta, jossa edellytet\u00e4\u00e4n, ett\u00e4 julkisten verkkopalvelujen on oltava saavutettavia. Palvelun saavutettavuuden on arvioinut ulkopuolinen asiantuntijaorganisaatio. \u00a0 Digipalvelun saavutettavuuden tila T\u00e4ytt\u00e4\u00e4 saavutettavuusvaatimukset osittain. Ei-saavutettava sis\u00e4lt\u00f6 1. Ei kuulu lains\u00e4\u00e4d\u00e4nn\u00f6n piiriin opetuksessa rajatussa ryhm\u00e4ss\u00e4 m\u00e4\u00e4r\u00e4aikaisesti k\u00e4ytett\u00e4vi\u00e4 sis\u00e4lt\u00f6j\u00e4 \u00a0 Ilmoita puutteista Huomasitko saavutettavuuspuutteen [&hellip;]<\/p>\n","protected":false},"author":1,"featured_media":0,"parent":0,"menu_order":0,"comment_status":"closed","ping_status":"closed","template":"","meta":{"_acf_changed":false,"footnotes":""},"class_list":["post-4324","page","type-page","status-publish","hentry"],"acf":[],"_links":{"self":[{"href":"https:\/\/moniheli.fi\/en\/wp-json\/wp\/v2\/pages\/4324","targetHints":{"allow":["GET"]}}],"collection":[{"href":"https:\/\/moniheli.fi\/en\/wp-json\/wp\/v2\/pages"}],"about":[{"href":"https:\/\/moniheli.fi\/en\/wp-json\/wp\/v2\/types\/page"}],"author":[{"embeddable":true,"href":"https:\/\/moniheli.fi\/en\/wp-json\/wp\/v2\/users\/1"}],"replies":[{"embeddable":true,"href":"https:\/\/moniheli.fi\/en\/wp-json\/wp\/v2\/comments?post=4324"}],"version-history":[{"count":73,"href":"https:\/\/moniheli.fi\/en\/wp-json\/wp\/v2\/pages\/4324\/revisions"}],"predecessor-version":[{"id":8734,"href":"https:\/\/moniheli.fi\/en\/wp-json\/wp\/v2\/pages\/4324\/revisions\/8734"}],"wp:attachment":[{"href":"https:\/\/moniheli.fi\/en\/wp-json\/wp\/v2\/media?parent=4324"}],"curies":[{"name":"wp","href":"https:\/\/api.w.org\/{rel}","templated":true}]}}