{"id":2569,"date":"2021-09-08T12:59:59","date_gmt":"2021-09-08T12:59:59","guid":{"rendered":"https:\/\/moniheli-fi.hel9.wp-cloud.dev.www23.zoner-asiakas.fi\/?page_id=2569"},"modified":"2024-10-29T10:03:40","modified_gmt":"2024-10-29T08:03:40","slug":"mip","status":"publish","type":"page","link":"https:\/\/moniheli.fi\/en\/mip\/","title":{"rendered":"MIP"},"content":{"rendered":"<div data-elementor-type=\"wp-page\" data-elementor-id=\"2569\" class=\"elementor elementor-2569\" data-elementor-post-type=\"page\">\n\t\t\t\t<div class=\"elementor-element elementor-element-da3b60a e-con-full e-flex e-con e-parent\" data-id=\"da3b60a\" data-element_type=\"container\" data-e-type=\"container\" data-settings=\"{&quot;background_background&quot;:&quot;classic&quot;}\">\n\t\t<div class=\"elementor-element elementor-element-1ec633a e-con-full e-flex e-con e-child\" data-id=\"1ec633a\" data-element_type=\"container\" data-e-type=\"container\">\n\t\t\t\t<div class=\"elementor-element elementor-element-cdcd1e1 elementor-widget elementor-widget-heading\" data-id=\"cdcd1e1\" data-element_type=\"widget\" data-e-type=\"widget\" data-widget_type=\"heading.default\">\n\t\t\t\t<div class=\"elementor-widget-container\">\n\t\t\t\t\t<h1 class=\"elementor-heading-title elementor-size-default\">MIP<\/h1>\t\t\t\t<\/div>\n\t\t\t\t<\/div>\n\t\t\t\t<\/div>\n\t\t<div class=\"elementor-element elementor-element-14b9338 e-con-full e-flex e-con e-child\" data-id=\"14b9338\" data-element_type=\"container\" data-e-type=\"container\" data-settings=\"{&quot;background_background&quot;:&quot;classic&quot;}\">\n\t\t\t\t<div class=\"elementor-element elementor-element-43cbb73 elementor-widget__width-initial elementor-widget elementor-widget-text-editor\" data-id=\"43cbb73\" data-element_type=\"widget\" data-e-type=\"widget\" data-widget_type=\"text-editor.default\">\n\t\t\t\t<div class=\"elementor-widget-container\">\n\t\t\t\t\t\t\t\t\t<p>MIP, the Multicultural Independence Day Celebration, is an annual event organised by Moniheli. It is a celebration of both Finland's independence and our country's multiculturalism.<\/p>\t\t\t\t\t\t\t\t<\/div>\n\t\t\t\t<\/div>\n\t\t\t\t<\/div>\n\t\t\t\t<\/div>\n\t\t<div class=\"elementor-element elementor-element-9ccc3a5 e-con-full e-flex e-con e-parent\" data-id=\"9ccc3a5\" data-element_type=\"container\" data-e-type=\"container\">\n\t\t<div class=\"elementor-element elementor-element-0721682 e-con-full e-flex e-con e-child\" data-id=\"0721682\" data-element_type=\"container\" data-e-type=\"container\">\n\t\t\t\t<div class=\"elementor-element elementor-element-5b27259 elementor-widget elementor-widget-image\" data-id=\"5b27259\" data-element_type=\"widget\" data-e-type=\"widget\" data-widget_type=\"image.default\">\n\t\t\t\t<div class=\"elementor-widget-container\">\n\t\t\t\t\t\t\t\t\t\t\t\t<figure class=\"wp-caption\">\n\t\t\t\t\t\t\t\t\t\t<img fetchpriority=\"high\" decoding=\"async\" width=\"800\" height=\"534\" src=\"https:\/\/moniheli.fi\/wp-content\/uploads\/2022\/07\/NR-0755-1024x683.jpg\" class=\"attachment-large size-large wp-image-9245\" alt=\"Nasima Razmyar\" srcset=\"https:\/\/moniheli.fi\/wp-content\/uploads\/2022\/07\/NR-0755-1024x683.jpg 1024w, https:\/\/moniheli.fi\/wp-content\/uploads\/2022\/07\/NR-0755-300x200.jpg 300w, https:\/\/moniheli.fi\/wp-content\/uploads\/2022\/07\/NR-0755-768x512.jpg 768w, https:\/\/moniheli.fi\/wp-content\/uploads\/2022\/07\/NR-0755-1536x1024.jpg 1536w, https:\/\/moniheli.fi\/wp-content\/uploads\/2022\/07\/NR-0755-2048x1365.jpg 2048w, https:\/\/moniheli.fi\/wp-content\/uploads\/2022\/07\/NR-0755-18x12.jpg 18w\" sizes=\"(max-width: 800px) 100vw, 800px\" \/>\t\t\t\t\t\t\t\t\t\t\t<figcaption class=\"widget-image-caption wp-caption-text\"><\/figcaption>\n\t\t\t\t\t\t\t\t\t\t<\/figure>\n\t\t\t\t\t\t\t\t\t<\/div>\n\t\t\t\t<\/div>\n\t\t\t\t<div class=\"elementor-element elementor-element-df7f663 elementor-widget__width-initial elementor-widget elementor-widget-text-editor\" data-id=\"df7f663\" data-element_type=\"widget\" data-e-type=\"widget\" data-widget_type=\"text-editor.default\">\n\t\t\t\t<div class=\"elementor-widget-container\">\n\t\t\t\t\t\t\t\t\t<p>Deputy Mayor of Helsinki <strong>Nasima Razmyar<\/strong> was one of the keynote speakers at the 2021 celebrations.<\/p>\t\t\t\t\t\t\t\t<\/div>\n\t\t\t\t<\/div>\n\t\t\t\t<\/div>\n\t\t<div class=\"elementor-element elementor-element-41948fb e-con-full e-flex e-con e-child\" data-id=\"41948fb\" data-element_type=\"container\" data-e-type=\"container\">\n\t\t\t\t<div class=\"elementor-element elementor-element-95839cb elementor-widget elementor-widget-image\" data-id=\"95839cb\" data-element_type=\"widget\" data-e-type=\"widget\" data-widget_type=\"image.default\">\n\t\t\t\t<div class=\"elementor-widget-container\">\n\t\t\t\t\t\t\t\t\t\t\t\t<figure class=\"wp-caption\">\n\t\t\t\t\t\t\t\t\t\t<img decoding=\"async\" width=\"800\" height=\"534\" src=\"https:\/\/moniheli.fi\/wp-content\/uploads\/2022\/07\/IMG_5157-1024x683.jpg\" class=\"attachment-large size-large wp-image-9246\" alt=\"\" srcset=\"https:\/\/moniheli.fi\/wp-content\/uploads\/2022\/07\/IMG_5157-1024x683.jpg 1024w, https:\/\/moniheli.fi\/wp-content\/uploads\/2022\/07\/IMG_5157-300x200.jpg 300w, https:\/\/moniheli.fi\/wp-content\/uploads\/2022\/07\/IMG_5157-768x512.jpg 768w, https:\/\/moniheli.fi\/wp-content\/uploads\/2022\/07\/IMG_5157-18x12.jpg 18w, https:\/\/moniheli.fi\/wp-content\/uploads\/2022\/07\/IMG_5157.jpg 1080w\" sizes=\"(max-width: 800px) 100vw, 800px\" \/>\t\t\t\t\t\t\t\t\t\t\t<figcaption class=\"widget-image-caption wp-caption-text\"><\/figcaption>\n\t\t\t\t\t\t\t\t\t\t<\/figure>\n\t\t\t\t\t\t\t\t\t<\/div>\n\t\t\t\t<\/div>\n\t\t\t\t<div class=\"elementor-element elementor-element-10e7cef elementor-widget__width-initial elementor-widget elementor-widget-text-editor\" data-id=\"10e7cef\" data-element_type=\"widget\" data-e-type=\"widget\" data-widget_type=\"text-editor.default\">\n\t\t\t\t<div class=\"elementor-widget-container\">\n\t\t\t\t\t\t\t\t\t<p>The 2021 celebration featured several performances, including a multicultural dance group <strong>Team Nuggets<\/strong>.<\/p>\t\t\t\t\t\t\t\t<\/div>\n\t\t\t\t<\/div>\n\t\t\t\t<\/div>\n\t\t\t\t<\/div>\n\t\t<div class=\"elementor-element elementor-element-a166d54 e-flex e-con-boxed e-con e-parent\" data-id=\"a166d54\" data-element_type=\"container\" data-e-type=\"container\" data-settings=\"{&quot;background_background&quot;:&quot;classic&quot;}\">\n\t\t\t\t\t<div class=\"e-con-inner\">\n\t\t\t\t<div class=\"elementor-element elementor-element-2f36734 elementor-drop-cap-yes elementor-drop-cap-view-stacked elementor-widget elementor-widget-text-editor\" data-id=\"2f36734\" data-element_type=\"widget\" data-e-type=\"widget\" data-settings=\"{&quot;drop_cap&quot;:&quot;yes&quot;}\" data-widget_type=\"text-editor.default\">\n\t\t\t\t<div class=\"elementor-widget-container\">\n\t\t\t\t\t\t\t\t\t<h3><strong>Multicultural independence day<\/strong><\/h3><p>The 2021 celebrations were held online due to the corona pandemic. The event could also be watched via the Helsinki channel and on Moniheli's Facebook page.\u00a0<span style=\"color: var( --e-global-color-text ); font-family: var( --e-global-typography-text-font-family ), Sans-serif; font-weight: var( --e-global-typography-text-font-weight ); text-align: var(--text-align); font-size: 1rem;\">The first celebration was held in Helsinki in 2006 in cooperation with a wide range of actors. The colourful celebration featured performances and speeches from different cultures and enjoyable refreshments.<\/span><\/p>\t\t\t\t\t\t\t\t<\/div>\n\t\t\t\t<\/div>\n\t\t\t\t<div class=\"elementor-element elementor-element-c7243aa elementor-widget elementor-widget-image\" data-id=\"c7243aa\" data-element_type=\"widget\" data-e-type=\"widget\" data-widget_type=\"image.default\">\n\t\t\t\t<div class=\"elementor-widget-container\">\n\t\t\t\t\t\t\t\t\t\t\t\t<figure class=\"wp-caption\">\n\t\t\t\t\t\t\t\t\t\t<img decoding=\"async\" width=\"800\" height=\"419\" src=\"https:\/\/moniheli.fi\/wp-content\/uploads\/2022\/07\/Facebook-Event-1024x536.jpg\" class=\"attachment-large size-large wp-image-9244\" alt=\"Vuoden 2020 mip-juhlan mainoskuva\" srcset=\"https:\/\/moniheli.fi\/wp-content\/uploads\/2022\/07\/Facebook-Event-1024x536.jpg 1024w, https:\/\/moniheli.fi\/wp-content\/uploads\/2022\/07\/Facebook-Event-300x157.jpg 300w, https:\/\/moniheli.fi\/wp-content\/uploads\/2022\/07\/Facebook-Event-768x402.jpg 768w, https:\/\/moniheli.fi\/wp-content\/uploads\/2022\/07\/Facebook-Event-1536x804.jpg 1536w, https:\/\/moniheli.fi\/wp-content\/uploads\/2022\/07\/Facebook-Event-18x9.jpg 18w, https:\/\/moniheli.fi\/wp-content\/uploads\/2022\/07\/Facebook-Event.jpg 1920w\" sizes=\"(max-width: 800px) 100vw, 800px\" \/>\t\t\t\t\t\t\t\t\t\t\t<figcaption class=\"widget-image-caption wp-caption-text\">Advertisement for the 2020 multicultural Independence Day celebrations.<\/figcaption>\n\t\t\t\t\t\t\t\t\t\t<\/figure>\n\t\t\t\t\t\t\t\t\t<\/div>\n\t\t\t\t<\/div>\n\t\t\t\t<div class=\"elementor-element elementor-element-a44ce44 elementor-widget elementor-widget-text-editor\" data-id=\"a44ce44\" data-element_type=\"widget\" data-e-type=\"widget\" data-widget_type=\"text-editor.default\">\n\t\t\t\t<div class=\"elementor-widget-container\">\n\t\t\t\t\t\t\t\t\t<p style=\"text-align: left;\">Over the years, the partners and the venue have changed, but the purpose remains the same: to organise an event where people from all backgrounds can celebrate their common, new or old, homeland, Finland.<\/p><p style=\"text-align: left;\">Moniheli has been the main organiser of the celebration since its inception in 2010. Until 2018, the event was organised in collaboration with the Cultural Centre Caisa. Over the years, the event has been organised by many of our partners.<\/p><p style=\"text-align: left;\">Until 2013, the event was held at the Caisa Cultural Centre, after which it moved to Helsinki City Hall. As Finland turns 100 years old on 6 December 2017, the Multicultural Independence Day Celebration also needed a dignified venue and we celebrated in Finlandia Hall. Due to the pandemic, the 2020 celebration was held online.<\/p><p style=\"text-align: left;\">Tapahtuman puhujiksi on aina haluttu kutsua sek\u00e4 yhteiskunnallinen p\u00e4\u00e4t\u00f6ksentekij\u00e4 ett\u00e4 monikulttuurinen nuori. Vuosien aikana juhlassa ovat pit\u00e4neet puheita muun muassa presidentti Tarja Halonen ja ulkoministeri Pekka Haavisto.<\/p><p style=\"text-align: left;\">The event has seen a wide range of colourful performances by artists, performers and amateur groups from different cultural backgrounds.<\/p><p style=\"text-align: left;\">Over the years, the number of participants has varied from around 200 to the 1500 who participated in the Finland 100 centenary celebration. The event has been popular every year, with places selling out in a matter of hours.<\/p>\t\t\t\t\t\t\t\t<\/div>\n\t\t\t\t<\/div>\n\t\t\t\t\t<\/div>\n\t\t\t\t<\/div>\n\t\t\t\t<\/div>","protected":false},"excerpt":{"rendered":"<p>MIP MIP eli monikulttuurinen itsen\u00e4isyysp\u00e4iv\u00e4juhla on Monihelin jokavuotinen tapahtuma. Se on juhla niin Suomen itsen\u00e4isyydelle kuin maamme monikulttuurisuudelle. Helsingin apulaispormestari Nasima Razmyar oli yksi vuoden 2021 juhlan p\u00e4\u00e4puhujista. Vuoden 2021 juhlassa n\u00e4htiin useita esityksi\u00e4, esimerkiksi moni\u00adkult\u00adtuurinen tanssiryhm\u00e4 Team Nuggets. Monikulttuurinen itsen\u00e4isyysp\u00e4iv\u00e4 Vuoden 2021 juhla j\u00e4rjestettiin koronapandemian vuoksi verkossa. Sit\u00e4 p\u00e4\u00e4si seuraamaan sek\u00e4 Helsinki-kanavalta, ett\u00e4 Monihelin [&hellip;]<\/p>\n","protected":false},"author":3,"featured_media":0,"parent":0,"menu_order":0,"comment_status":"closed","ping_status":"closed","template":"","meta":{"_acf_changed":false,"footnotes":""},"class_list":["post-2569","page","type-page","status-publish","hentry"],"acf":[],"_links":{"self":[{"href":"https:\/\/moniheli.fi\/en\/wp-json\/wp\/v2\/pages\/2569","targetHints":{"allow":["GET"]}}],"collection":[{"href":"https:\/\/moniheli.fi\/en\/wp-json\/wp\/v2\/pages"}],"about":[{"href":"https:\/\/moniheli.fi\/en\/wp-json\/wp\/v2\/types\/page"}],"author":[{"embeddable":true,"href":"https:\/\/moniheli.fi\/en\/wp-json\/wp\/v2\/users\/3"}],"replies":[{"embeddable":true,"href":"https:\/\/moniheli.fi\/en\/wp-json\/wp\/v2\/comments?post=2569"}],"version-history":[{"count":20,"href":"https:\/\/moniheli.fi\/en\/wp-json\/wp\/v2\/pages\/2569\/revisions"}],"predecessor-version":[{"id":18949,"href":"https:\/\/moniheli.fi\/en\/wp-json\/wp\/v2\/pages\/2569\/revisions\/18949"}],"wp:attachment":[{"href":"https:\/\/moniheli.fi\/en\/wp-json\/wp\/v2\/media?parent=2569"}],"curies":[{"name":"wp","href":"https:\/\/api.w.org\/{rel}","templated":true}]}}