{"id":2561,"date":"2021-09-08T12:49:47","date_gmt":"2021-09-08T12:49:47","guid":{"rendered":"https:\/\/moniheli-fi.hel9.wp-cloud.dev.www23.zoner-asiakas.fi\/?page_id=2561"},"modified":"2022-07-06T13:16:06","modified_gmt":"2022-07-06T10:16:06","slug":"tyoelama","status":"publish","type":"page","link":"https:\/\/moniheli.fi\/en\/teemat\/tyoelama\/","title":{"rendered":"Working life"},"content":{"rendered":"<div data-elementor-type=\"wp-page\" data-elementor-id=\"2561\" class=\"elementor elementor-2561\" data-elementor-post-type=\"page\">\n\t\t\t\t\t\t<section class=\"elementor-section elementor-top-section elementor-element elementor-element-a1eea15 elementor-section-full_width elementor-section-height-min-height elementor-section-height-default elementor-section-items-middle\" data-id=\"a1eea15\" data-element_type=\"section\" data-e-type=\"section\" data-settings=\"{&quot;background_background&quot;:&quot;classic&quot;}\">\n\t\t\t\t\t\t\t<div class=\"elementor-background-overlay\"><\/div>\n\t\t\t\t\t\t\t<div class=\"elementor-container elementor-column-gap-no\">\n\t\t\t\t\t<div class=\"elementor-column elementor-col-50 elementor-top-column elementor-element elementor-element-787d644\" data-id=\"787d644\" data-element_type=\"column\" data-e-type=\"column\">\n\t\t\t<div class=\"elementor-widget-wrap elementor-element-populated\">\n\t\t\t\t\t\t<div class=\"elementor-element elementor-element-62e60f7 elementor-widget elementor-widget-heading\" data-id=\"62e60f7\" data-element_type=\"widget\" data-e-type=\"widget\" data-widget_type=\"heading.default\">\n\t\t\t\t<div class=\"elementor-widget-container\">\n\t\t\t\t\t<h1 class=\"elementor-heading-title elementor-size-default\">Working life<\/h1>\t\t\t\t<\/div>\n\t\t\t\t<\/div>\n\t\t\t\t\t<\/div>\n\t\t<\/div>\n\t\t\t\t<div class=\"elementor-column elementor-col-50 elementor-top-column elementor-element elementor-element-7e1bfac\" data-id=\"7e1bfac\" data-element_type=\"column\" data-e-type=\"column\" data-settings=\"{&quot;background_background&quot;:&quot;classic&quot;}\">\n\t\t\t<div class=\"elementor-widget-wrap elementor-element-populated\">\n\t\t\t\t\t\t<div class=\"elementor-element elementor-element-86c5093 elementor-widget elementor-widget-text-editor\" data-id=\"86c5093\" data-element_type=\"widget\" data-e-type=\"widget\" data-widget_type=\"text-editor.default\">\n\t\t\t\t<div class=\"elementor-widget-container\">\n\t\t\t\t\t\t\t\t\t<p>We work for equal working life. Our aim is to reduce the barriers to employment for foreign-language speakers and immigrants in Finland and we want to support them in their job search.<\/p>\t\t\t\t\t\t\t\t<\/div>\n\t\t\t\t<\/div>\n\t\t\t\t\t<\/div>\n\t\t<\/div>\n\t\t\t\t\t<\/div>\n\t\t<\/section>\n\t\t\t\t<section class=\"elementor-section elementor-top-section elementor-element elementor-element-3f000d4 elementor-section-boxed elementor-section-height-default elementor-section-height-default\" data-id=\"3f000d4\" data-element_type=\"section\" data-e-type=\"section\" data-settings=\"{&quot;background_background&quot;:&quot;classic&quot;}\">\n\t\t\t\t\t\t<div class=\"elementor-container elementor-column-gap-default\">\n\t\t\t\t\t<div class=\"elementor-column elementor-col-100 elementor-top-column elementor-element elementor-element-fe14cdd\" data-id=\"fe14cdd\" data-element_type=\"column\" data-e-type=\"column\" data-settings=\"{&quot;background_background&quot;:&quot;classic&quot;}\">\n\t\t\t<div class=\"elementor-widget-wrap elementor-element-populated\">\n\t\t\t\t\t\t<div class=\"elementor-element elementor-element-09d91cf elementor-widget elementor-widget-heading\" data-id=\"09d91cf\" data-element_type=\"widget\" data-e-type=\"widget\" data-widget_type=\"heading.default\">\n\t\t\t\t<div class=\"elementor-widget-container\">\n\t\t\t\t\t<h2 class=\"elementor-heading-title elementor-size-default\">Values<\/h2>\t\t\t\t<\/div>\n\t\t\t\t<\/div>\n\t\t\t\t<div class=\"elementor-element elementor-element-f08be39 elementor-align-start elementor-icon-list--layout-traditional elementor-list-item-link-full_width elementor-widget elementor-widget-icon-list\" data-id=\"f08be39\" data-element_type=\"widget\" data-e-type=\"widget\" data-widget_type=\"icon-list.default\">\n\t\t\t\t<div class=\"elementor-widget-container\">\n\t\t\t\t\t\t\t<ul class=\"elementor-icon-list-items\">\n\t\t\t\t\t\t\t<li class=\"elementor-icon-list-item\">\n\t\t\t\t\t\t\t\t\t\t\t<span class=\"elementor-icon-list-icon\">\n\t\t\t\t\t\t\t<svg aria-hidden=\"true\" class=\"e-font-icon-svg e-fas-dot-circle\" viewbox=\"0 0 512 512\" xmlns=\"http:\/\/www.w3.org\/2000\/svg\"><path d=\"M256 8C119.033 8 8 119.033 8 256s111.033 248 248 248 248-111.033 248-248S392.967 8 256 8zm80 248c0 44.112-35.888 80-80 80s-80-35.888-80-80 35.888-80 80-80 80 35.888 80 80z\"><\/path><\/svg>\t\t\t\t\t\t<\/span>\n\t\t\t\t\t\t\t\t\t\t<span class=\"elementor-icon-list-text\">Equity<\/span>\n\t\t\t\t\t\t\t\t\t<\/li>\n\t\t\t\t\t\t\t\t<li class=\"elementor-icon-list-item\">\n\t\t\t\t\t\t\t\t\t\t\t<span class=\"elementor-icon-list-icon\">\n\t\t\t\t\t\t\t<svg aria-hidden=\"true\" class=\"e-font-icon-svg e-fas-dot-circle\" viewbox=\"0 0 512 512\" xmlns=\"http:\/\/www.w3.org\/2000\/svg\"><path d=\"M256 8C119.033 8 8 119.033 8 256s111.033 248 248 248 248-111.033 248-248S392.967 8 256 8zm80 248c0 44.112-35.888 80-80 80s-80-35.888-80-80 35.888-80 80-80 80 35.888 80 80z\"><\/path><\/svg>\t\t\t\t\t\t<\/span>\n\t\t\t\t\t\t\t\t\t\t<span class=\"elementor-icon-list-text\">Inclusiveness<\/span>\n\t\t\t\t\t\t\t\t\t<\/li>\n\t\t\t\t\t\t\t\t<li class=\"elementor-icon-list-item\">\n\t\t\t\t\t\t\t\t\t\t\t<span class=\"elementor-icon-list-icon\">\n\t\t\t\t\t\t\t<svg aria-hidden=\"true\" class=\"e-font-icon-svg e-fas-dot-circle\" viewbox=\"0 0 512 512\" xmlns=\"http:\/\/www.w3.org\/2000\/svg\"><path d=\"M256 8C119.033 8 8 119.033 8 256s111.033 248 248 248 248-111.033 248-248S392.967 8 256 8zm80 248c0 44.112-35.888 80-80 80s-80-35.888-80-80 35.888-80 80-80 80 35.888 80 80z\"><\/path><\/svg>\t\t\t\t\t\t<\/span>\n\t\t\t\t\t\t\t\t\t\t<span class=\"elementor-icon-list-text\">Respect<\/span>\n\t\t\t\t\t\t\t\t\t<\/li>\n\t\t\t\t\t\t<\/ul>\n\t\t\t\t\t\t<\/div>\n\t\t\t\t<\/div>\n\t\t\t\t\t<\/div>\n\t\t<\/div>\n\t\t\t\t\t<\/div>\n\t\t<\/section>\n\t\t\t\t<section class=\"elementor-section elementor-top-section elementor-element elementor-element-98b8105 elementor-section-boxed elementor-section-height-default elementor-section-height-default\" data-id=\"98b8105\" data-element_type=\"section\" data-e-type=\"section\" data-settings=\"{&quot;background_background&quot;:&quot;classic&quot;}\">\n\t\t\t\t\t\t\t<div class=\"elementor-background-overlay\"><\/div>\n\t\t\t\t\t\t\t<div class=\"elementor-container elementor-column-gap-default\">\n\t\t\t\t\t<div class=\"elementor-column elementor-col-100 elementor-top-column elementor-element elementor-element-1fc18de\" data-id=\"1fc18de\" data-element_type=\"column\" data-e-type=\"column\">\n\t\t\t<div class=\"elementor-widget-wrap elementor-element-populated\">\n\t\t\t\t\t\t<div class=\"elementor-element elementor-element-0c138bd elementor-widget elementor-widget-text-editor\" data-id=\"0c138bd\" data-element_type=\"widget\" data-e-type=\"widget\" data-widget_type=\"text-editor.default\">\n\t\t\t\t<div class=\"elementor-widget-container\">\n\t\t\t\t\t\t\t\t\t<h5>The employment of people with a foreign language or immigrant background is one of our most important projects in society. Finland is an ageing society, with large age groups retiring. We therefore have a considerable need for labour immigration and for people of foreign background already living in Finland to enter the labour market.<\/h5><p><span style=\"color: var( --e-global-color-text ); font-family: var( --e-global-typography-text-font-family ), Sans-serif; font-size: 1rem;\">Our goal is an inclusive labour market in which foreign skills are also recognised and valued, and fluency in Finnish and Swedish is not a condition for employment.<\/span><\/p><p>The main challenges for immigrants in finding employment are: lack of language skills (80%), lack of professional networks (30%) and lack of work experience (25%). \u202fOther challenges include lack of information about jobs in their field, lack of suitable vacancies, lack of understanding of the specificities of the Finnish labour market or not receiving any replies to their job applications and therefore not knowing what is wrong with their job search.<\/p><p>At Moniheli, we offer young people with a foreign language or immigrant background the opportunity to get to know Finnish working life or, for example, to do an internship at Moniheli.<\/p><p>We are involved in various advisory boards and lobbying work to influence employment opportunities for immigrants. We also support activities in our member organisations to promote employment for immigrants.<\/p><p>Useful information on workers' rights in Finland is available in a webinar by the Regional Administrative Offices (AVI) of the Occupational Safety and Health Administration, <a href=\"https:\/\/www.tyosuojelu.fi\/tietoa-meista\/tapahtumat\/2020\/verkkoseminaari-tyontekijan-oikeudet-suomessa\" target=\"_blank\" rel=\"noopener\">the recording of which is freely available<\/a>. Moniheli will participate in a similar event in English on 11 November, which you can <a href=\"https:\/\/www.tyosuojelu.fi\/web\/en\/about-us\/events\/workers-rights-in-finland\" target=\"_blank\" rel=\"noopener\">register for online<\/a>.<\/p>\t\t\t\t\t\t\t\t<\/div>\n\t\t\t\t<\/div>\n\t\t\t\t<div class=\"elementor-element elementor-element-49aee2c elementor-widget elementor-widget-heading\" data-id=\"49aee2c\" data-element_type=\"widget\" data-e-type=\"widget\" data-widget_type=\"heading.default\">\n\t\t\t\t<div class=\"elementor-widget-container\">\n\t\t\t\t\t<h3 class=\"elementor-heading-title elementor-size-default\">Working in Finland project<\/h3>\t\t\t\t<\/div>\n\t\t\t\t<\/div>\n\t\t\t\t<div class=\"elementor-element elementor-element-cb5b0e6 elementor-widget elementor-widget-text-editor\" data-id=\"cb5b0e6\" data-element_type=\"widget\" data-e-type=\"widget\" data-widget_type=\"text-editor.default\">\n\t\t\t\t<div class=\"elementor-widget-container\">\n\t\t\t\t\t\t\t\t\t<p>The Working in Finland project developed models to promote the employment of highly skilled immigrants. The project was funded by the European Structural Funds.<\/p><p>Through the project, Moniheli met around 300 highly qualified international jobseekers over an 18-month period. We supported their job search through training, peer mentoring, CV clinics, coaching groups, individual counselling and numerous events. The mentors were highly skilled immigrants who were employed in their field.<\/p><p>Almost all participants valued the project as having helped them in their job search. We know that it has helped people to get jobs and work placements.<\/p><p>You can find the English language materials produced by the project below!<\/p>\t\t\t\t\t\t\t\t<\/div>\n\t\t\t\t<\/div>\n\t\t\t\t\t<\/div>\n\t\t<\/div>\n\t\t\t\t\t<\/div>\n\t\t<\/section>\n\t\t\t\t<section class=\"elementor-section elementor-top-section elementor-element elementor-element-99df728 elementor-section-boxed elementor-section-height-default elementor-section-height-default\" data-id=\"99df728\" data-element_type=\"section\" data-e-type=\"section\" data-settings=\"{&quot;background_background&quot;:&quot;classic&quot;}\">\n\t\t\t\t\t\t<div class=\"elementor-container elementor-column-gap-default\">\n\t\t\t\t\t<div class=\"elementor-column elementor-col-100 elementor-top-column elementor-element elementor-element-3d77dfb\" data-id=\"3d77dfb\" data-element_type=\"column\" data-e-type=\"column\">\n\t\t\t<div class=\"elementor-widget-wrap elementor-element-populated\">\n\t\t\t\t\t\t<div class=\"elementor-element elementor-element-b155002 elementor-widget elementor-widget-heading\" data-id=\"b155002\" data-element_type=\"widget\" data-e-type=\"widget\" data-widget_type=\"heading.default\">\n\t\t\t\t<div class=\"elementor-widget-container\">\n\t\t\t\t\t<h3 class=\"elementor-heading-title elementor-size-default\">Materials for the job search<\/h3>\t\t\t\t<\/div>\n\t\t\t\t<\/div>\n\t\t\t\t<div class=\"elementor-element elementor-element-4430c99 elementor-widget elementor-widget-text-editor\" data-id=\"4430c99\" data-element_type=\"widget\" data-e-type=\"widget\" data-widget_type=\"text-editor.default\">\n\t\t\t\t<div class=\"elementor-widget-container\">\n\t\t\t\t\t\t\t\t\t<p><a href=\"https:\/\/moniheli.fi.www23.zoner-asiakas.fi\/wp-content\/uploads\/2021\/09\/How-to-make-winning-CV.pdf\" target=\"_blank\" rel=\"noopener\">How to make a winning CV<\/a><\/p><p><a href=\"https:\/\/moniheli.fi.www23.zoner-asiakas.fi\/wp-content\/uploads\/2021\/09\/Practical-guide-on-hidden-workplaces-and-networking.pdf\" target=\"_blank\" rel=\"noopener\">Practical guide on hidden workplaces and networking<\/a><\/p><p><a href=\"https:\/\/moniheli.fi.www23.zoner-asiakas.fi\/wp-content\/uploads\/2021\/09\/Where-to-get-more-support.pdf\" target=\"_blank\" rel=\"noopener\">Where to get more support<\/a><\/p>\t\t\t\t\t\t\t\t<\/div>\n\t\t\t\t<\/div>\n\t\t\t\t\t<\/div>\n\t\t<\/div>\n\t\t\t\t\t<\/div>\n\t\t<\/section>\n\t\t\t\t<\/div>","protected":false},"excerpt":{"rendered":"<p>Ty\u00f6el\u00e4m\u00e4 Teemme t\u00f6it\u00e4 yhdenvertaisen ty\u00f6el\u00e4m\u00e4n puolesta. Tavoitteenamme on v\u00e4hent\u00e4\u00e4 vieraskielisten ja maahan muuttaneiden esteit\u00e4 ty\u00f6llistymiselle Suomessa ja haluamme tukea n\u00e4it\u00e4 ihmisi\u00e4 ty\u00f6nhaussa. Arvot yhdenvertaisuus inklusiivisuus kunnioitus Maahanmuuttajataustaisten ja vieraskielisten ihmisten ty\u00f6llistyminen on yhteiskunnallisesti yksi t\u00e4rkeimpi\u00e4 hankkeitamme. Suomi on ik\u00e4\u00e4ntyv\u00e4 yhteiskunta, jossa suuret ik\u00e4luokat ovat siirtym\u00e4ss\u00e4 el\u00e4kkeelle. Siksi meill\u00e4 on huomattava tarve ty\u00f6per\u00e4iseen maahanmuuttoon ja jo [&hellip;]<\/p>\n","protected":false},"author":3,"featured_media":0,"parent":24,"menu_order":0,"comment_status":"closed","ping_status":"closed","template":"","meta":{"_acf_changed":false,"footnotes":""},"class_list":["post-2561","page","type-page","status-publish","hentry"],"acf":[],"_links":{"self":[{"href":"https:\/\/moniheli.fi\/en\/wp-json\/wp\/v2\/pages\/2561","targetHints":{"allow":["GET"]}}],"collection":[{"href":"https:\/\/moniheli.fi\/en\/wp-json\/wp\/v2\/pages"}],"about":[{"href":"https:\/\/moniheli.fi\/en\/wp-json\/wp\/v2\/types\/page"}],"author":[{"embeddable":true,"href":"https:\/\/moniheli.fi\/en\/wp-json\/wp\/v2\/users\/3"}],"replies":[{"embeddable":true,"href":"https:\/\/moniheli.fi\/en\/wp-json\/wp\/v2\/comments?post=2561"}],"version-history":[{"count":95,"href":"https:\/\/moniheli.fi\/en\/wp-json\/wp\/v2\/pages\/2561\/revisions"}],"predecessor-version":[{"id":9138,"href":"https:\/\/moniheli.fi\/en\/wp-json\/wp\/v2\/pages\/2561\/revisions\/9138"}],"up":[{"embeddable":true,"href":"https:\/\/moniheli.fi\/en\/wp-json\/wp\/v2\/pages\/24"}],"wp:attachment":[{"href":"https:\/\/moniheli.fi\/en\/wp-json\/wp\/v2\/media?parent=2561"}],"curies":[{"name":"wp","href":"https:\/\/api.w.org\/{rel}","templated":true}]}}