{"id":25472,"date":"2026-03-24T09:32:28","date_gmt":"2026-03-24T07:32:28","guid":{"rendered":"https:\/\/moniheli.fi\/?page_id=25472"},"modified":"2026-03-26T13:27:19","modified_gmt":"2026-03-26T11:27:19","slug":"projektihaku-2026","status":"publish","type":"page","link":"https:\/\/moniheli.fi\/en\/avustukset\/projektihaku-2026\/","title":{"rendered":"Yhteisty\u00f6projektit 2026"},"content":{"rendered":"<div data-elementor-type=\"wp-page\" data-elementor-id=\"25472\" class=\"elementor elementor-25472\" data-elementor-post-type=\"page\">\n\t\t\t\t<div class=\"elementor-element elementor-element-7366e2e e-con-full e-flex e-con e-parent\" data-id=\"7366e2e\" data-element_type=\"container\" data-e-type=\"container\" data-settings=\"{&quot;background_background&quot;:&quot;classic&quot;}\">\n\t\t<div class=\"elementor-element elementor-element-06f68f3 e-con-full e-flex e-con e-child\" data-id=\"06f68f3\" data-element_type=\"container\" data-e-type=\"container\">\n\t\t\t\t<div class=\"elementor-element elementor-element-e326ab2 elementor-widget elementor-widget-heading\" data-id=\"e326ab2\" data-element_type=\"widget\" data-e-type=\"widget\" data-widget_type=\"heading.default\">\n\t\t\t\t<div class=\"elementor-widget-container\">\n\t\t\t\t\t<h1 class=\"elementor-heading-title elementor-size-default\">Cooperation projects<\/h1>\t\t\t\t<\/div>\n\t\t\t\t<\/div>\n\t\t\t\t<\/div>\n\t\t\t\t<\/div>\n\t\t<div class=\"elementor-element elementor-element-7bfe446 e-flex e-con-boxed e-con e-parent\" data-id=\"7bfe446\" data-element_type=\"container\" data-e-type=\"container\" data-settings=\"{&quot;background_background&quot;:&quot;classic&quot;}\">\n\t\t\t\t\t<div class=\"e-con-inner\">\n\t\t<div class=\"elementor-element elementor-element-c365fa9 e-con-full e-flex e-con e-child\" data-id=\"c365fa9\" data-element_type=\"container\" data-e-type=\"container\" data-settings=\"{&quot;background_background&quot;:&quot;classic&quot;}\">\n\t\t<div class=\"elementor-element elementor-element-c9de94d e-flex e-con-boxed e-con e-child\" data-id=\"c9de94d\" data-element_type=\"container\" data-e-type=\"container\">\n\t\t\t\t\t<div class=\"e-con-inner\">\n\t\t\t\t<div class=\"elementor-element elementor-element-4b89ba3 elementor-widget elementor-widget-heading\" data-id=\"4b89ba3\" data-element_type=\"widget\" data-e-type=\"widget\" data-widget_type=\"heading.default\">\n\t\t\t\t<div class=\"elementor-widget-container\">\n\t\t\t\t\t<h2 class=\"elementor-heading-title elementor-size-default\">Application form<\/h2>\t\t\t\t<\/div>\n\t\t\t\t<\/div>\n\t\t<div class=\"elementor-element elementor-element-d1fa0f6 e-flex e-con-boxed e-con e-child\" data-id=\"d1fa0f6\" data-element_type=\"container\" data-e-type=\"container\">\n\t\t\t\t\t<div class=\"e-con-inner\">\n\t\t\t\t<div class=\"elementor-element elementor-element-2308ea7 elementor-widget elementor-widget-text-editor\" data-id=\"2308ea7\" data-element_type=\"widget\" data-e-type=\"widget\" data-widget_type=\"text-editor.default\">\n\t\t\t\t<div class=\"elementor-widget-container\">\n\t\t\t\t\t\t\t\t\t<p class=\"translation-block\">This grant is intended for projects carried out in collaboration with other organisations, regardless of whether they are part of the Moniheli network or not. <span data-teams=\"true\">The purpose of the grant is to enable concrete cooperation, not, for example, the writing of joint applications with other organisations.<\/span><\/p><p>The delegation of a grant (as a purchased service) is permitted only under very limited circumstances.<\/p>\t\t\t\t\t\t\t\t<\/div>\n\t\t\t\t<\/div>\n\t\t\t\t\t<\/div>\n\t\t\t\t<\/div>\n\t\t\t\t<div class=\"elementor-element elementor-element-dfad7ca elementor-widget elementor-widget-shortcode\" data-id=\"dfad7ca\" data-element_type=\"widget\" data-e-type=\"widget\" data-widget_type=\"shortcode.default\">\n\t\t\t\t<div class=\"elementor-widget-container\">\n\t\t\t\t\t\t\t<div class=\"elementor-shortcode\"><div id='ff_form_27' class='ff_form_not_render'>Hakuaika on p\u00e4\u00e4ttynyt. Application time has ended.<\/div><\/div>\n\t\t\t\t\t\t<\/div>\n\t\t\t\t<\/div>\n\t\t<div class=\"elementor-element elementor-element-2770f6b e-con-full e-flex e-con e-child\" data-id=\"2770f6b\" data-element_type=\"container\" data-e-type=\"container\">\n\t\t\t\t<div class=\"elementor-element elementor-element-6a85563 elementor-hidden-desktop elementor-hidden-tablet elementor-hidden-mobile elementor-widget elementor-widget-text-editor\" data-id=\"6a85563\" data-element_type=\"widget\" data-e-type=\"widget\" data-widget_type=\"text-editor.default\">\n\t\t\t\t<div class=\"elementor-widget-container\">\n\t\t\t\t\t\t\t\t\t<p>Next<\/p>\t\t\t\t\t\t\t\t<\/div>\n\t\t\t\t<\/div>\n\t\t\t\t<\/div>\n\t\t\t\t\t<\/div>\n\t\t\t\t<\/div>\n\t\t\t\t<\/div>\n\t\t\t\t\t<\/div>\n\t\t\t\t<\/div>\n\t\t\t\t<\/div>","protected":false},"excerpt":{"rendered":"<p>Yhteisty\u00f6projektit Hakemuslomake T\u00e4m\u00e4 avustus on tarkoitettu projektien toteuttamiseen yhteisty\u00f6ss\u00e4 muiden toimijoiden kanssa riippumatta siit\u00e4, kuuluvatko ne Moniheli-verkostoon vai eiv\u00e4t. Avustuksen tarkoituksena on mahdollistaa konkreettista yhteisty\u00f6t\u00e4, ei esimerkiksi yhteishakemusten laatimista muiden tahojen kanssa. My\u00f6nnetyn avustuksen delegointi (ostopalveluna) on sallittua hyvin rajoitetusti. Seur.<\/p>","protected":false},"author":41,"featured_media":0,"parent":11327,"menu_order":25,"comment_status":"closed","ping_status":"closed","template":"","meta":{"_acf_changed":false,"footnotes":""},"class_list":["post-25472","page","type-page","status-publish","hentry"],"acf":[],"_links":{"self":[{"href":"https:\/\/moniheli.fi\/en\/wp-json\/wp\/v2\/pages\/25472","targetHints":{"allow":["GET"]}}],"collection":[{"href":"https:\/\/moniheli.fi\/en\/wp-json\/wp\/v2\/pages"}],"about":[{"href":"https:\/\/moniheli.fi\/en\/wp-json\/wp\/v2\/types\/page"}],"author":[{"embeddable":true,"href":"https:\/\/moniheli.fi\/en\/wp-json\/wp\/v2\/users\/41"}],"replies":[{"embeddable":true,"href":"https:\/\/moniheli.fi\/en\/wp-json\/wp\/v2\/comments?post=25472"}],"version-history":[{"count":11,"href":"https:\/\/moniheli.fi\/en\/wp-json\/wp\/v2\/pages\/25472\/revisions"}],"predecessor-version":[{"id":25517,"href":"https:\/\/moniheli.fi\/en\/wp-json\/wp\/v2\/pages\/25472\/revisions\/25517"}],"up":[{"embeddable":true,"href":"https:\/\/moniheli.fi\/en\/wp-json\/wp\/v2\/pages\/11327"}],"wp:attachment":[{"href":"https:\/\/moniheli.fi\/en\/wp-json\/wp\/v2\/media?parent=25472"}],"curies":[{"name":"wp","href":"https:\/\/api.w.org\/{rel}","templated":true}]}}