{"id":2496,"date":"2021-09-08T10:36:34","date_gmt":"2021-09-08T10:36:34","guid":{"rendered":"https:\/\/moniheli-fi.hel9.wp-cloud.dev.www23.zoner-asiakas.fi\/?page_id=2496"},"modified":"2026-03-09T12:04:24","modified_gmt":"2026-03-09T10:04:24","slug":"verkosto","status":"publish","type":"page","link":"https:\/\/moniheli.fi\/en\/verkosto\/","title":{"rendered":"Network"},"content":{"rendered":"<div data-elementor-type=\"wp-page\" data-elementor-id=\"2496\" class=\"elementor elementor-2496\" data-elementor-post-type=\"page\">\n\t\t\t\t<div class=\"elementor-element elementor-element-f10f9e0 e-con-full e-flex e-con e-parent\" data-id=\"f10f9e0\" data-element_type=\"container\" data-e-type=\"container\" data-settings=\"{&quot;background_background&quot;:&quot;classic&quot;}\">\n\t\t<div class=\"elementor-element elementor-element-acf705e e-con-full e-flex e-con e-child\" data-id=\"acf705e\" data-element_type=\"container\" data-e-type=\"container\">\n\t\t\t\t<div class=\"elementor-element elementor-element-364088d elementor-widget elementor-widget-heading\" data-id=\"364088d\" data-element_type=\"widget\" data-e-type=\"widget\" data-widget_type=\"heading.default\">\n\t\t\t\t<div class=\"elementor-widget-container\">\n\t\t\t\t\t<h1 class=\"elementor-heading-title elementor-size-default\">Our working model<\/h1>\t\t\t\t<\/div>\n\t\t\t\t<\/div>\n\t\t\t\t<\/div>\n\t\t<div class=\"elementor-element elementor-element-eba548e e-con-full e-flex e-con e-child\" data-id=\"eba548e\" data-element_type=\"container\" data-e-type=\"container\" data-settings=\"{&quot;background_background&quot;:&quot;classic&quot;}\">\n\t\t\t\t<div class=\"elementor-element elementor-element-312b8dd elementor-widget elementor-widget-text-editor\" data-id=\"312b8dd\" data-element_type=\"widget\" data-e-type=\"widget\" data-widget_type=\"text-editor.default\">\n\t\t\t\t<div class=\"elementor-widget-container\">\n\t\t\t\t\t\t\t\t\t<p>Moniheli is the largest network of associations supporting multiculturalism, immigration and integration in Finland. We support cooperation and integration activities between our members in many ways.<\/p>\t\t\t\t\t\t\t\t<\/div>\n\t\t\t\t<\/div>\n\t\t\t\t<\/div>\n\t\t\t\t<\/div>\n\t\t<div class=\"elementor-element elementor-element-d20db0d e-flex e-con-boxed e-con e-parent\" data-id=\"d20db0d\" data-element_type=\"container\" data-e-type=\"container\">\n\t\t\t\t\t<div class=\"e-con-inner\">\n\t\t\t\t<div class=\"elementor-element elementor-element-7990aa6 elementor-widget elementor-widget-image\" data-id=\"7990aa6\" data-element_type=\"widget\" data-e-type=\"widget\" data-widget_type=\"image.default\">\n\t\t\t\t<div class=\"elementor-widget-container\">\n\t\t\t\t\t\t\t\t\t\t\t\t\t\t\t<img fetchpriority=\"high\" decoding=\"async\" width=\"800\" height=\"315\" src=\"https:\/\/moniheli.fi\/wp-content\/uploads\/2025\/12\/7P1A2980-cropped-scaled-e1764767188772-1024x403.jpg\" class=\"attachment-large size-large wp-image-23927\" alt=\"joukko ihmisi\u00e4 eri taustoista poseeraa yhdess\u00e4 ja vilkuttaa kameralle\" srcset=\"https:\/\/moniheli.fi\/wp-content\/uploads\/2025\/12\/7P1A2980-cropped-scaled-e1764767188772-1024x403.jpg 1024w, https:\/\/moniheli.fi\/wp-content\/uploads\/2025\/12\/7P1A2980-cropped-scaled-e1764767188772-300x118.jpg 300w, https:\/\/moniheli.fi\/wp-content\/uploads\/2025\/12\/7P1A2980-cropped-scaled-e1764767188772-768x302.jpg 768w, https:\/\/moniheli.fi\/wp-content\/uploads\/2025\/12\/7P1A2980-cropped-scaled-e1764767188772-1536x604.jpg 1536w, https:\/\/moniheli.fi\/wp-content\/uploads\/2025\/12\/7P1A2980-cropped-scaled-e1764767188772-18x7.jpg 18w, https:\/\/moniheli.fi\/wp-content\/uploads\/2025\/12\/7P1A2980-cropped-scaled-e1764767188772.jpg 1766w\" sizes=\"(max-width: 800px) 100vw, 800px\" \/>\t\t\t\t\t\t\t\t\t\t\t\t\t\t\t<\/div>\n\t\t\t\t<\/div>\n\t\t\t\t\t<\/div>\n\t\t\t\t<\/div>\n\t\t<div class=\"elementor-element elementor-element-8aca213 e-flex e-con-boxed e-con e-parent\" data-id=\"8aca213\" data-element_type=\"container\" data-e-type=\"container\">\n\t\t\t\t\t<div class=\"e-con-inner\">\n\t\t<div class=\"elementor-element elementor-element-2ba3a76 e-con-full e-flex e-con e-child\" data-id=\"2ba3a76\" data-element_type=\"container\" data-e-type=\"container\">\n\t\t\t\t<div class=\"elementor-element elementor-element-0212607 elementor-widget elementor-widget-text-editor\" data-id=\"0212607\" data-element_type=\"widget\" data-e-type=\"widget\" data-widget_type=\"text-editor.default\">\n\t\t\t\t<div class=\"elementor-widget-container\">\n\t\t\t\t\t\t\t\t\t<h5><strong>Moniheli ry is the core of the Moniheli network. The network is made up of over 180 independent registered associations that share Moniheli's values and mission. The Moniheli network is nationwide, and our member associations extend from the Helsinki metropolitan area to Lappeenranta, Kemi, Turku and Vaasa. In total, at least 60 different languages are spoken in the member associations.<\/strong><\/h5>\t\t\t\t\t\t\t\t<\/div>\n\t\t\t\t<\/div>\n\t\t\t\t<\/div>\n\t\t<div class=\"elementor-element elementor-element-b9db023 e-con-full e-flex e-con e-child\" data-id=\"b9db023\" data-element_type=\"container\" data-e-type=\"container\">\n\t\t\t\t<div class=\"elementor-element elementor-element-9f84e58 elementor-drop-cap-yes elementor-drop-cap-view-stacked elementor-widget elementor-widget-text-editor\" data-id=\"9f84e58\" data-element_type=\"widget\" data-e-type=\"widget\" data-settings=\"{&quot;drop_cap&quot;:&quot;yes&quot;}\" data-widget_type=\"text-editor.default\">\n\t\t\t\t<div class=\"elementor-widget-container\">\n\t\t\t\t\t\t\t\t\t<p>Moniheli's member organisations operate in many different sectors and at many different levels in Finland. They maintain the culture, mother tongue and traditions of their communities in Finland, support the integration of immigrants into Finland, promote dialogue and understanding between different cultures or organise cultural activities. The network also includes national organisations and other organisations that want to bring opportunities for immigrants to Finland to participate in their activities or in society.<\/p><p>Moniheli supports the network's organisations in their activities and advocacy work to increase the inclusion of immigrants. Moniheli activities and services are open to everyone, but it is easier to be connected to and collaborate with member organisations. If you want to influence Moniheli activities, network development, or to apply for the Moniheli grant for your activities, become a member!<\/p>\t\t\t\t\t\t\t\t<\/div>\n\t\t\t\t<\/div>\n\t\t\t\t<\/div>\n\t\t\t\t\t<\/div>\n\t\t\t\t<\/div>\n\t\t<div class=\"elementor-element elementor-element-ceefc59 e-con-full e-flex e-con e-parent\" data-id=\"ceefc59\" data-element_type=\"container\" data-e-type=\"container\" data-settings=\"{&quot;background_background&quot;:&quot;classic&quot;}\">\n\t\t<div class=\"elementor-element elementor-element-ad71aed e-con-full e-flex e-con e-child\" data-id=\"ad71aed\" data-element_type=\"container\" data-e-type=\"container\" data-settings=\"{&quot;background_background&quot;:&quot;classic&quot;}\">\n\t\t\t\t<div class=\"elementor-element elementor-element-ba4855b elementor-widget elementor-widget-heading\" data-id=\"ba4855b\" data-element_type=\"widget\" data-e-type=\"widget\" data-widget_type=\"heading.default\">\n\t\t\t\t<div class=\"elementor-widget-container\">\n\t\t\t\t\t<h2 class=\"elementor-heading-title elementor-size-default\">Members (J\u00e4senet)<\/h2>\t\t\t\t<\/div>\n\t\t\t\t<\/div>\n\t\t\t\t<\/div>\n\t\t<div class=\"elementor-element elementor-element-32e4164 e-con-full e-flex e-con e-child\" data-id=\"32e4164\" data-element_type=\"container\" data-e-type=\"container\">\n\t\t\t\t<div class=\"elementor-element elementor-element-abb0444 elementor-widget__width-initial elementor-widget elementor-widget-text-editor\" data-id=\"abb0444\" data-element_type=\"widget\" data-e-type=\"widget\" data-widget_type=\"text-editor.default\">\n\t\t\t\t<div class=\"elementor-widget-container\">\n\t\t\t\t\t\t\t\t\t<p><span style=\"color: var( --e-global-color-text ); font-family: var( --e-global-typography-text-font-family ), Sans-serif; font-size: 1rem;\">Moniheli is a fast-growing organisation with currently around 180 member organisations. You can find their profiles through the link.<\/span><\/p>\t\t\t\t\t\t\t\t<\/div>\n\t\t\t\t<\/div>\n\t\t\t\t<div class=\"elementor-element elementor-element-8bedd02 elementor-mobile-align-center elementor-widget elementor-widget-button\" data-id=\"8bedd02\" data-element_type=\"widget\" data-e-type=\"widget\" data-widget_type=\"button.default\">\n\t\t\t\t<div class=\"elementor-widget-container\">\n\t\t\t\t\t\t\t\t\t<div class=\"elementor-button-wrapper\">\n\t\t\t\t\t<a class=\"elementor-button elementor-button-link elementor-size-sm\" href=\"https:\/\/moniheli.fi\/en\/jarjestoprofiili\/\">\n\t\t\t\t\t\t<span class=\"elementor-button-content-wrapper\">\n\t\t\t\t\t\t\t\t\t<span class=\"elementor-button-text\">Member organisations<\/span>\n\t\t\t\t\t<\/span>\n\t\t\t\t\t<\/a>\n\t\t\t\t<\/div>\n\t\t\t\t\t\t\t\t<\/div>\n\t\t\t\t<\/div>\n\t\t\t\t<\/div>\n\t\t\t\t<\/div>\n\t\t<div class=\"elementor-element elementor-element-708392f e-con-full e-flex e-con e-parent\" data-id=\"708392f\" data-element_type=\"container\" data-e-type=\"container\" data-settings=\"{&quot;background_background&quot;:&quot;classic&quot;}\">\n\t\t<div class=\"elementor-element elementor-element-1d07a22 e-con-full e-flex e-con e-child\" data-id=\"1d07a22\" data-element_type=\"container\" data-e-type=\"container\" data-settings=\"{&quot;background_background&quot;:&quot;classic&quot;}\">\n\t\t\t\t<div class=\"elementor-element elementor-element-838795d elementor-widget elementor-widget-heading\" data-id=\"838795d\" data-element_type=\"widget\" data-e-type=\"widget\" data-widget_type=\"heading.default\">\n\t\t\t\t<div class=\"elementor-widget-container\">\n\t\t\t\t\t<h2 class=\"elementor-heading-title elementor-size-default\">Join us<\/h2>\t\t\t\t<\/div>\n\t\t\t\t<\/div>\n\t\t\t\t<\/div>\n\t\t<div class=\"elementor-element elementor-element-7a926fc e-con-full e-flex e-con e-child\" data-id=\"7a926fc\" data-element_type=\"container\" data-e-type=\"container\" data-settings=\"{&quot;background_background&quot;:&quot;classic&quot;}\">\n\t\t\t\t<div class=\"elementor-element elementor-element-01036ff elementor-widget__width-initial elementor-widget elementor-widget-text-editor\" data-id=\"01036ff\" data-element_type=\"widget\" data-e-type=\"widget\" data-widget_type=\"text-editor.default\">\n\t\t\t\t<div class=\"elementor-widget-container\">\n\t\t\t\t\t\t\t\t\t<p>Join Moniheli as a member organisation and enjoy all our member benefits!<\/p>\t\t\t\t\t\t\t\t<\/div>\n\t\t\t\t<\/div>\n\t\t\t\t<div class=\"elementor-element elementor-element-73c2121 elementor-mobile-align-center elementor-widget elementor-widget-button\" data-id=\"73c2121\" data-element_type=\"widget\" data-e-type=\"widget\" data-widget_type=\"button.default\">\n\t\t\t\t<div class=\"elementor-widget-container\">\n\t\t\t\t\t\t\t\t\t<div class=\"elementor-button-wrapper\">\n\t\t\t\t\t<a class=\"elementor-button elementor-button-link elementor-size-sm\" href=\"\/en\/verkosto\/liity-jaseneksi\/\">\n\t\t\t\t\t\t<span class=\"elementor-button-content-wrapper\">\n\t\t\t\t\t\t\t\t\t<span class=\"elementor-button-text\">Application form<\/span>\n\t\t\t\t\t<\/span>\n\t\t\t\t\t<\/a>\n\t\t\t\t<\/div>\n\t\t\t\t\t\t\t\t<\/div>\n\t\t\t\t<\/div>\n\t\t\t\t<\/div>\n\t\t\t\t<\/div>\n\t\t<div class=\"elementor-element elementor-element-9c74e2e e-con-full e-flex e-con e-parent\" data-id=\"9c74e2e\" data-element_type=\"container\" data-e-type=\"container\" data-settings=\"{&quot;background_background&quot;:&quot;classic&quot;}\">\n\t\t<div class=\"elementor-element elementor-element-4213d47 e-con-full e-flex e-con e-child\" data-id=\"4213d47\" data-element_type=\"container\" data-e-type=\"container\" data-settings=\"{&quot;background_background&quot;:&quot;classic&quot;}\">\n\t\t\t\t<div class=\"elementor-element elementor-element-7b53534 elementor-widget elementor-widget-heading\" data-id=\"7b53534\" data-element_type=\"widget\" data-e-type=\"widget\" data-widget_type=\"heading.default\">\n\t\t\t\t<div class=\"elementor-widget-container\">\n\t\t\t\t\t<h2 class=\"elementor-heading-title elementor-size-default\">Moniheli grant<\/h2>\t\t\t\t<\/div>\n\t\t\t\t<\/div>\n\t\t\t\t<\/div>\n\t\t<div class=\"elementor-element elementor-element-50f07ed e-con-full e-flex e-con e-child\" data-id=\"50f07ed\" data-element_type=\"container\" data-e-type=\"container\" data-settings=\"{&quot;background_background&quot;:&quot;classic&quot;}\">\n\t\t\t\t<div class=\"elementor-element elementor-element-aa7ecf0 elementor-widget__width-initial elementor-widget elementor-widget-text-editor\" data-id=\"aa7ecf0\" data-element_type=\"widget\" data-e-type=\"widget\" data-widget_type=\"text-editor.default\">\n\t\t\t\t<div class=\"elementor-widget-container\">\n\t\t\t\t\t\t\t\t\t<p>We offer our member organisations a Moniheli Grant, which they can apply for.<\/p>\t\t\t\t\t\t\t\t<\/div>\n\t\t\t\t<\/div>\n\t\t\t\t<div class=\"elementor-element elementor-element-f184281 elementor-mobile-align-center elementor-widget elementor-widget-button\" data-id=\"f184281\" data-element_type=\"widget\" data-e-type=\"widget\" data-widget_type=\"button.default\">\n\t\t\t\t<div class=\"elementor-widget-container\">\n\t\t\t\t\t\t\t\t\t<div class=\"elementor-button-wrapper\">\n\t\t\t\t\t<a class=\"elementor-button elementor-button-link elementor-size-sm\" href=\"\/en\/verkosto\/moniheli-avustus\/%20\/\">\n\t\t\t\t\t\t<span class=\"elementor-button-content-wrapper\">\n\t\t\t\t\t\t\t\t\t<span class=\"elementor-button-text\">More information<\/span>\n\t\t\t\t\t<\/span>\n\t\t\t\t\t<\/a>\n\t\t\t\t<\/div>\n\t\t\t\t\t\t\t\t<\/div>\n\t\t\t\t<\/div>\n\t\t\t\t<\/div>\n\t\t\t\t<\/div>\n\t\t\t\t<\/div>","protected":false},"excerpt":{"rendered":"<p>N\u00e4in toimimme Moniheli on Suomen suurin monikulttuuri-, maahanmuuttaja- ja kotoutumista tukevien j\u00e4rjest\u00f6jen verkosto. Tuemme j\u00e4sentemme v\u00e4list\u00e4 yhteisty\u00f6t\u00e4 ja kotoutumista edist\u00e4v\u00e4\u00e4 toimintaa monin tavoin. Moniheli ry on Moniheli-verkoston ydin. Verkostoon kuuluu yli 180 itsen\u00e4ist\u00e4 rekister\u00f6ity\u00e4 j\u00e4rjest\u00f6\u00e4, jotka jakavat Monihelin arvot ja mission. Moniheli-verkosto on valtakunnallinen, ja\u00a0 j\u00e4senj\u00e4rjest\u00f6j\u00e4mme ulottuvat p\u00e4\u00e4kaupunkiseudulta Lappeenrantaan, Kemiin, Turkuun ja Vaasaan. Yhteens\u00e4 j\u00e4senj\u00e4rjest\u00f6iss\u00e4 [&hellip;]<\/p>\n","protected":false},"author":3,"featured_media":0,"parent":0,"menu_order":50,"comment_status":"closed","ping_status":"closed","template":"","meta":{"_acf_changed":false,"footnotes":""},"class_list":["post-2496","page","type-page","status-publish","hentry"],"acf":[],"_links":{"self":[{"href":"https:\/\/moniheli.fi\/en\/wp-json\/wp\/v2\/pages\/2496","targetHints":{"allow":["GET"]}}],"collection":[{"href":"https:\/\/moniheli.fi\/en\/wp-json\/wp\/v2\/pages"}],"about":[{"href":"https:\/\/moniheli.fi\/en\/wp-json\/wp\/v2\/types\/page"}],"author":[{"embeddable":true,"href":"https:\/\/moniheli.fi\/en\/wp-json\/wp\/v2\/users\/3"}],"replies":[{"embeddable":true,"href":"https:\/\/moniheli.fi\/en\/wp-json\/wp\/v2\/comments?post=2496"}],"version-history":[{"count":20,"href":"https:\/\/moniheli.fi\/en\/wp-json\/wp\/v2\/pages\/2496\/revisions"}],"predecessor-version":[{"id":24846,"href":"https:\/\/moniheli.fi\/en\/wp-json\/wp\/v2\/pages\/2496\/revisions\/24846"}],"wp:attachment":[{"href":"https:\/\/moniheli.fi\/en\/wp-json\/wp\/v2\/media?parent=2496"}],"curies":[{"name":"wp","href":"https:\/\/api.w.org\/{rel}","templated":true}]}}