{"id":23925,"date":"2025-12-03T15:51:04","date_gmt":"2025-12-03T13:51:04","guid":{"rendered":"https:\/\/moniheli.fi\/?page_id=23925"},"modified":"2025-12-10T14:03:39","modified_gmt":"2025-12-10T12:03:39","slug":"strategia","status":"publish","type":"page","link":"https:\/\/moniheli.fi\/en\/strategia\/","title":{"rendered":"Strategy"},"content":{"rendered":"<div data-elementor-type=\"wp-page\" data-elementor-id=\"23925\" class=\"elementor elementor-23925\" data-elementor-post-type=\"page\">\n\t\t\t\t<div class=\"elementor-element elementor-element-6d6f21f4 e-con-full e-flex e-con e-parent\" data-id=\"6d6f21f4\" data-element_type=\"container\" data-e-type=\"container\" data-settings=\"{&quot;background_background&quot;:&quot;classic&quot;}\">\n\t\t<div class=\"elementor-element elementor-element-52b0d41b e-con-full e-flex e-con e-child\" data-id=\"52b0d41b\" data-element_type=\"container\" data-e-type=\"container\">\n\t\t\t\t<div class=\"elementor-element elementor-element-7027085 elementor-widget elementor-widget-heading\" data-id=\"7027085\" data-element_type=\"widget\" data-e-type=\"widget\" data-widget_type=\"heading.default\">\n\t\t\t\t<div class=\"elementor-widget-container\">\n\t\t\t\t\t<h1 class=\"elementor-heading-title elementor-size-default\">strategia<\/h1>\t\t\t\t<\/div>\n\t\t\t\t<\/div>\n\t\t\t\t<\/div>\n\t\t<div class=\"elementor-element elementor-element-7602ce2 e-con-full e-flex e-con e-child\" data-id=\"7602ce2\" data-element_type=\"container\" data-e-type=\"container\" data-settings=\"{&quot;background_background&quot;:&quot;classic&quot;}\">\n\t\t\t\t<\/div>\n\t\t\t\t<\/div>\n\t\t<div class=\"elementor-element elementor-element-7dbab3ca e-flex e-con-boxed e-con e-parent\" data-id=\"7dbab3ca\" data-element_type=\"container\" data-e-type=\"container\" data-settings=\"{&quot;background_background&quot;:&quot;classic&quot;}\">\n\t\t\t\t\t<div class=\"e-con-inner\">\n\t\t<div class=\"elementor-element elementor-element-4f3cc602 e-flex e-con-boxed e-con e-child\" data-id=\"4f3cc602\" data-element_type=\"container\" data-e-type=\"container\">\n\t\t\t\t\t<div class=\"e-con-inner\">\n\t\t\t\t<div class=\"elementor-element elementor-element-42ba81d elementor-widget elementor-widget-text-editor\" data-id=\"42ba81d\" data-element_type=\"widget\" data-e-type=\"widget\" data-widget_type=\"text-editor.default\">\n\t\t\t\t<div class=\"elementor-widget-container\">\n\t\t\t\t\t\t\t\t\t<p class=\"cvGsUA direction-ltr align-start para-style-body\"><span class=\"a_GcMg font-feature-liga-off font-feature-clig-off font-feature-calt-off text-decoration-none text-strikethrough-none\">This strategy outlines the values, mission and vision of Moniheli ry, as well as the strategic goals for the coming years. In addition, each strategic goal is accompanied by a description of the context in which Moniheli examines them. The strategy has an open-ended timeframe, and its relevance and need for revision will be assessed regularly.\n\nThe strategy has been developed in collaboration with Moniheli ry\u2019s board, member associations and other stakeholders, and it was approved by Moniheli\u2019s General Assembly on 22 November 2025.<\/span><\/p><p class=\"cvGsUA direction-ltr align-start para-style-body\"><span class=\"a_GcMg font-feature-liga-off font-feature-clig-off font-feature-calt-off text-decoration-none text-strikethrough-none\">The strategy is complemented by an implementation plan that contains more detailed information on how the strategic goals will be carried out.<\/span><\/p>\t\t\t\t\t\t\t\t<\/div>\n\t\t\t\t<\/div>\n\t\t\t\t\t<\/div>\n\t\t\t\t<\/div>\n\t\t\t\t\t<\/div>\n\t\t\t\t<\/div>\n\t\t<div class=\"elementor-element elementor-element-e35426e e-con-full e-flex e-con e-parent\" data-id=\"e35426e\" data-element_type=\"container\" data-e-type=\"container\">\n\t\t<div class=\"elementor-element elementor-element-cbc1a1b e-con-full e-flex e-con e-child\" data-id=\"cbc1a1b\" data-element_type=\"container\" data-e-type=\"container\" data-settings=\"{&quot;background_background&quot;:&quot;classic&quot;}\">\n\t\t\t\t<div class=\"elementor-element elementor-element-b97e452 elementor-widget elementor-widget-heading\" data-id=\"b97e452\" data-element_type=\"widget\" data-e-type=\"widget\" data-widget_type=\"heading.default\">\n\t\t\t\t<div class=\"elementor-widget-container\">\n\t\t\t\t\t<h2 class=\"elementor-heading-title elementor-size-default\">Our Mission<\/h2>\t\t\t\t<\/div>\n\t\t\t\t<\/div>\n\t\t\t\t<\/div>\n\t\t<div class=\"elementor-element elementor-element-75ad8c0 e-con-full e-flex e-con e-child\" data-id=\"75ad8c0\" data-element_type=\"container\" data-e-type=\"container\">\n\t\t\t\t<div class=\"elementor-element elementor-element-7de38f6 elementor-widget__width-initial elementor-widget elementor-widget-text-editor\" data-id=\"7de38f6\" data-element_type=\"widget\" data-e-type=\"widget\" data-widget_type=\"text-editor.default\">\n\t\t\t\t<div class=\"elementor-widget-container\">\n\t\t\t\t\t\t\t\t\t<p><span class=\"a_GcMg font-feature-liga-off font-feature-clig-off font-feature-calt-off text-decoration-none text-strikethrough-none\">We strengthen the multicultural civil society, amplify the voices of migrant communities and support them in exercising their agency.<\/span><\/p>\t\t\t\t\t\t\t\t<\/div>\n\t\t\t\t<\/div>\n\t\t\t\t<\/div>\n\t\t\t\t<\/div>\n\t\t<div class=\"elementor-element elementor-element-115bd02 e-con-full e-flex e-con e-parent\" data-id=\"115bd02\" data-element_type=\"container\" data-e-type=\"container\" data-settings=\"{&quot;background_background&quot;:&quot;classic&quot;}\">\n\t\t<div class=\"elementor-element elementor-element-f4a1e64 e-con-full e-flex e-con e-child\" data-id=\"f4a1e64\" data-element_type=\"container\" data-e-type=\"container\" data-settings=\"{&quot;background_background&quot;:&quot;classic&quot;}\">\n\t\t\t\t<div class=\"elementor-element elementor-element-df09c07 elementor-widget elementor-widget-heading\" data-id=\"df09c07\" data-element_type=\"widget\" data-e-type=\"widget\" data-widget_type=\"heading.default\">\n\t\t\t\t<div class=\"elementor-widget-container\">\n\t\t\t\t\t<h2 class=\"elementor-heading-title elementor-size-default\">Our Vision<\/h2>\t\t\t\t<\/div>\n\t\t\t\t<\/div>\n\t\t\t\t<\/div>\n\t\t<div class=\"elementor-element elementor-element-bb0da92 e-con-full e-flex e-con e-child\" data-id=\"bb0da92\" data-element_type=\"container\" data-e-type=\"container\" data-settings=\"{&quot;background_background&quot;:&quot;classic&quot;}\">\n\t\t\t\t<div class=\"elementor-element elementor-element-5431ee6 elementor-widget__width-initial elementor-widget elementor-widget-text-editor\" data-id=\"5431ee6\" data-element_type=\"widget\" data-e-type=\"widget\" data-widget_type=\"text-editor.default\">\n\t\t\t\t<div class=\"elementor-widget-container\">\n\t\t\t\t\t\t\t\t\t<p><span class=\"a_GcMg font-feature-liga-off font-feature-clig-off font-feature-calt-off text-decoration-none text-strikethrough-none\">A Finland, where diversity is respected and valued and where everyone has equal opportunities in building their own and Finland\u2019s future.<\/span><\/p>\t\t\t\t\t\t\t\t<\/div>\n\t\t\t\t<\/div>\n\t\t\t\t<\/div>\n\t\t\t\t<\/div>\n\t\t<div class=\"elementor-element elementor-element-7866027 e-con-full e-flex e-con e-parent\" data-id=\"7866027\" data-element_type=\"container\" data-e-type=\"container\">\n\t\t<div class=\"elementor-element elementor-element-9021a39 e-con-full e-flex e-con e-child\" data-id=\"9021a39\" data-element_type=\"container\" data-e-type=\"container\" data-settings=\"{&quot;background_background&quot;:&quot;classic&quot;}\">\n\t\t\t\t<div class=\"elementor-element elementor-element-cc0a0a4 elementor-widget elementor-widget-heading\" data-id=\"cc0a0a4\" data-element_type=\"widget\" data-e-type=\"widget\" data-widget_type=\"heading.default\">\n\t\t\t\t<div class=\"elementor-widget-container\">\n\t\t\t\t\t<h2 class=\"elementor-heading-title elementor-size-default\">Our Values<\/h2>\t\t\t\t<\/div>\n\t\t\t\t<\/div>\n\t\t\t\t<\/div>\n\t\t<div class=\"elementor-element elementor-element-abe027e e-con-full e-flex e-con e-child\" data-id=\"abe027e\" data-element_type=\"container\" data-e-type=\"container\">\n\t\t\t\t<div class=\"elementor-element elementor-element-e21dfb0 elementor-widget__width-initial elementor-widget elementor-widget-text-editor\" data-id=\"e21dfb0\" data-element_type=\"widget\" data-e-type=\"widget\" data-widget_type=\"text-editor.default\">\n\t\t\t\t<div class=\"elementor-widget-container\">\n\t\t\t\t\t\t\t\t\t<div><div><div><p><strong>Diversity<\/strong><\/p><\/div><div><p>We recognize and value diversity in people, perspectives, competences and experiences, and are mindful of our own place and power within it.<\/p><\/div><div><p><strong>Democracy<\/strong><\/p><\/div><div><p>We apply the principles of democracy in our daily work and promote their realisation at every level of society.<\/p><\/div><div><p><strong>Empowerment<\/strong><\/p><\/div><div><p>We empower one another to participate actively, exercise our rights and responsibilities and grow as active members of society.<\/p><\/div><div><p><strong>Equity<\/strong><\/p><\/div><div><p>Together, we advance equity, including working against racism, discrimination and hate speech, to build a society where everyone can safely use their voice.<\/p><\/div><\/div><\/div>\t\t\t\t\t\t\t\t<\/div>\n\t\t\t\t<\/div>\n\t\t\t\t<\/div>\n\t\t\t\t<\/div>\n\t\t<div class=\"elementor-element elementor-element-7f8b39a e-flex e-con-boxed e-con e-parent\" data-id=\"7f8b39a\" data-element_type=\"container\" data-e-type=\"container\" data-settings=\"{&quot;background_background&quot;:&quot;classic&quot;}\">\n\t\t\t\t\t<div class=\"e-con-inner\">\n\t\t<div class=\"elementor-element elementor-element-278b629f e-con-full e-flex e-con e-child\" data-id=\"278b629f\" data-element_type=\"container\" data-e-type=\"container\">\n\t\t\t\t<div class=\"elementor-element elementor-element-24c4355 elementor-widget elementor-widget-heading\" data-id=\"24c4355\" data-element_type=\"widget\" data-e-type=\"widget\" data-widget_type=\"heading.default\">\n\t\t\t\t<div class=\"elementor-widget-container\">\n\t\t\t\t\t<h2 class=\"elementor-heading-title elementor-size-default\">Strategic goals<\/h2>\t\t\t\t<\/div>\n\t\t\t\t<\/div>\n\t\t\t\t<\/div>\n\t\t<div class=\"elementor-element elementor-element-37f25389 e-con-full e-flex e-con e-child\" data-id=\"37f25389\" data-element_type=\"container\" data-e-type=\"container\">\n\t\t\t\t<div class=\"elementor-element elementor-element-88c66c8 elementor-widget elementor-widget-heading\" data-id=\"88c66c8\" data-element_type=\"widget\" data-e-type=\"widget\" data-widget_type=\"heading.default\">\n\t\t\t\t<div class=\"elementor-widget-container\">\n\t\t\t\t\t<h3 class=\"elementor-heading-title elementor-size-default\">I. Addressing barriers to migrant participation in democracy<\/h3>\t\t\t\t<\/div>\n\t\t\t\t<\/div>\n\t\t\t\t<div class=\"elementor-element elementor-element-1aec86d0 elementor-widget elementor-widget-text-editor\" data-id=\"1aec86d0\" data-element_type=\"widget\" data-e-type=\"widget\" data-widget_type=\"text-editor.default\">\n\t\t\t\t<div class=\"elementor-widget-container\">\n\t\t\t\t\t\t\t\t\t<div>Moniheli helps nonprofit organisations inside and outside its network and their communities take part in decision-making and public discussion by sharing information, creating participation opportunities, fostering connections and cooperation, and supporting advocacy skills. We engage with public authorities, political parties, research stakeholders, the media, and other societal actors for accessibility of information and better representation.<\/div><div>\u00a0<\/div><div><p><em>Context: Migrant participation in Finnish democracy remains limited, as polarisation, hate speech and the normalisation of racist rhetoric continue to narrow the space for equal engagement. When political decisions are made without migrant representation, the resulting policies risk deepening exclusion and weakening trust in democracy. To change the current trajectory, we need to ensure that our target group is politically active, informed of developments in society, aware of their rights, and motivated to use them.<\/em><\/p><\/div>\t\t\t\t\t\t\t\t<\/div>\n\t\t\t\t<\/div>\n\t\t\t\t<\/div>\n\t\t<div class=\"elementor-element elementor-element-c64f312 e-con-full e-flex e-con e-child\" data-id=\"c64f312\" data-element_type=\"container\" data-e-type=\"container\">\n\t\t\t\t<div class=\"elementor-element elementor-element-5f61d41 elementor-widget elementor-widget-heading\" data-id=\"5f61d41\" data-element_type=\"widget\" data-e-type=\"widget\" data-widget_type=\"heading.default\">\n\t\t\t\t<div class=\"elementor-widget-container\">\n\t\t\t\t\t<h3 class=\"elementor-heading-title elementor-size-default\">II. Ensuring the resilience of the multicultural civil society<\/h3>\t\t\t\t<\/div>\n\t\t\t\t<\/div>\n\t\t\t\t<div class=\"elementor-element elementor-element-c795ba0 elementor-widget elementor-widget-text-editor\" data-id=\"c795ba0\" data-element_type=\"widget\" data-e-type=\"widget\" data-widget_type=\"text-editor.default\">\n\t\t\t\t<div class=\"elementor-widget-container\">\n\t\t\t\t\t\t\t\t\t<div><div><p>Moniheli builds the individual and collective capacity of nonprofit organisations to support their communities, work towards their mission, and find their place as trusted partners in society. We take part with other actors in developing models and solutions to ensure the continuity and efficiency of our work.<br \/><br \/><em>Context: Associations are facing a period of profound structural change. Domestic funding is shrinking and traditional forms of civic participation are in decline. Legislative reforms are redefining the role of associations in the integration process while increasing pressure to meet the growing needs of communities. Digitalisation brings new opportunities but also risks deepening exclusion. Resilience requires transformation: we must harness change to find new and sustainable ways to serve our communities.<\/em><\/p><\/div><\/div>\t\t\t\t\t\t\t\t<\/div>\n\t\t\t\t<\/div>\n\t\t\t\t<\/div>\n\t\t\t\t<div class=\"elementor-element elementor-element-e567cf8 elementor-widget elementor-widget-image\" data-id=\"e567cf8\" data-element_type=\"widget\" data-e-type=\"widget\" data-widget_type=\"image.default\">\n\t\t\t\t<div class=\"elementor-widget-container\">\n\t\t\t\t\t\t\t\t\t\t\t\t\t\t\t<img fetchpriority=\"high\" decoding=\"async\" width=\"800\" height=\"800\" src=\"https:\/\/moniheli.fi\/wp-content\/uploads\/2024\/05\/Spiral-coloured-PNG-1024x1024.png\" class=\"attachment-large size-large wp-image-16555\" alt=\"\" srcset=\"https:\/\/moniheli.fi\/wp-content\/uploads\/2024\/05\/Spiral-coloured-PNG-1024x1024.png 1024w, https:\/\/moniheli.fi\/wp-content\/uploads\/2024\/05\/Spiral-coloured-PNG-300x300.png 300w, https:\/\/moniheli.fi\/wp-content\/uploads\/2024\/05\/Spiral-coloured-PNG-150x150.png 150w, https:\/\/moniheli.fi\/wp-content\/uploads\/2024\/05\/Spiral-coloured-PNG-768x768.png 768w, https:\/\/moniheli.fi\/wp-content\/uploads\/2024\/05\/Spiral-coloured-PNG-12x12.png 12w, https:\/\/moniheli.fi\/wp-content\/uploads\/2024\/05\/Spiral-coloured-PNG-45x45.png 45w, https:\/\/moniheli.fi\/wp-content\/uploads\/2024\/05\/Spiral-coloured-PNG.png 1182w\" sizes=\"(max-width: 800px) 100vw, 800px\" \/>\t\t\t\t\t\t\t\t\t\t\t\t\t\t\t<\/div>\n\t\t\t\t<\/div>\n\t\t\t\t\t<\/div>\n\t\t\t\t<\/div>\n\t\t<div class=\"elementor-element elementor-element-ee871fa e-flex e-con-boxed e-con e-parent\" data-id=\"ee871fa\" data-element_type=\"container\" data-e-type=\"container\">\n\t\t\t\t\t<div class=\"e-con-inner\">\n\t\t\t\t\t<\/div>\n\t\t\t\t<\/div>\n\t\t\t\t<\/div>","protected":false},"excerpt":{"rendered":"<p>strategia T\u00e4m\u00e4 strategia sis\u00e4lt\u00e4\u00e4 Moniheli ry:n arvot, mission ja vision sek\u00e4 strategiset painopisteet tuleville vuosille. Strategisten painopisteiden yhteyteen on lis\u00e4ksi kuvattu kontekstia, jossa Moniheli niit\u00e4 tarkastelee. Strategian voimassaoloaika on avoin, ja sen ajankohtaisuutta ja uudistustarpeita arvioidaan s\u00e4\u00e4nn\u00f6llisesti. Strategia on laadittu yhteisty\u00f6ss\u00e4 Moniheli ry:n hallituksen ja j\u00e4senj\u00e4rjest\u00f6jen sek\u00e4 muiden sidosryhmien kanssa, ja se on hyv\u00e4ksytty Monihelin [&hellip;]<\/p>\n","protected":false},"author":37,"featured_media":0,"parent":0,"menu_order":0,"comment_status":"closed","ping_status":"closed","template":"","meta":{"_acf_changed":false,"footnotes":""},"class_list":["post-23925","page","type-page","status-publish","hentry"],"acf":[],"_links":{"self":[{"href":"https:\/\/moniheli.fi\/en\/wp-json\/wp\/v2\/pages\/23925","targetHints":{"allow":["GET"]}}],"collection":[{"href":"https:\/\/moniheli.fi\/en\/wp-json\/wp\/v2\/pages"}],"about":[{"href":"https:\/\/moniheli.fi\/en\/wp-json\/wp\/v2\/types\/page"}],"author":[{"embeddable":true,"href":"https:\/\/moniheli.fi\/en\/wp-json\/wp\/v2\/users\/37"}],"replies":[{"embeddable":true,"href":"https:\/\/moniheli.fi\/en\/wp-json\/wp\/v2\/comments?post=23925"}],"version-history":[{"count":20,"href":"https:\/\/moniheli.fi\/en\/wp-json\/wp\/v2\/pages\/23925\/revisions"}],"predecessor-version":[{"id":24035,"href":"https:\/\/moniheli.fi\/en\/wp-json\/wp\/v2\/pages\/23925\/revisions\/24035"}],"wp:attachment":[{"href":"https:\/\/moniheli.fi\/en\/wp-json\/wp\/v2\/media?parent=23925"}],"curies":[{"name":"wp","href":"https:\/\/api.w.org\/{rel}","templated":true}]}}