{"id":22,"date":"2021-05-26T12:42:52","date_gmt":"2021-05-26T12:42:52","guid":{"rendered":"https:\/\/moniheli-fi.hel9.wp-cloud.dev.www23.zoner-asiakas.fi\/?page_id=22"},"modified":"2022-05-28T14:36:43","modified_gmt":"2022-05-28T11:36:43","slug":"kannatusjaseneksi","status":"publish","type":"page","link":"https:\/\/moniheli.fi\/en\/kannatusjaseneksi\/","title":{"rendered":"As a support member"},"content":{"rendered":"\t\t<div data-elementor-type=\"wp-page\" data-elementor-id=\"22\" class=\"elementor elementor-22\" data-elementor-post-type=\"page\">\n\t\t\t\t\t\t<section class=\"elementor-section elementor-top-section elementor-element elementor-element-6afbdab elementor-section-full_width elementor-section-height-min-height elementor-section-height-default elementor-section-items-middle\" data-id=\"6afbdab\" data-element_type=\"section\" data-e-type=\"section\" data-settings=\"{&quot;background_background&quot;:&quot;classic&quot;}\">\n\t\t\t\t\t\t\t<div class=\"elementor-background-overlay\"><\/div>\n\t\t\t\t\t\t\t<div class=\"elementor-container elementor-column-gap-no\">\n\t\t\t\t\t<div class=\"elementor-column elementor-col-50 elementor-top-column elementor-element elementor-element-5d3c7a7\" data-id=\"5d3c7a7\" data-element_type=\"column\" data-e-type=\"column\">\n\t\t\t<div class=\"elementor-widget-wrap elementor-element-populated\">\n\t\t\t\t\t\t<div class=\"elementor-element elementor-element-73ee648 elementor-widget elementor-widget-heading\" data-id=\"73ee648\" data-element_type=\"widget\" data-e-type=\"widget\" data-widget_type=\"heading.default\">\n\t\t\t\t<div class=\"elementor-widget-container\">\n\t\t\t\t\t<h1 class=\"elementor-heading-title elementor-size-default\">Tule<br>kannatus&shy;j\u00e4seneksi<\/h1>\t\t\t\t<\/div>\n\t\t\t\t<\/div>\n\t\t\t\t\t<\/div>\n\t\t<\/div>\n\t\t\t\t<div class=\"elementor-column elementor-col-50 elementor-top-column elementor-element elementor-element-9d3c656\" data-id=\"9d3c656\" data-element_type=\"column\" data-e-type=\"column\" data-settings=\"{&quot;background_background&quot;:&quot;classic&quot;}\">\n\t\t\t<div class=\"elementor-widget-wrap elementor-element-populated\">\n\t\t\t\t\t\t<div class=\"elementor-element elementor-element-7d6ee12 elementor-widget elementor-widget-text-editor\" data-id=\"7d6ee12\" data-element_type=\"widget\" data-e-type=\"widget\" data-widget_type=\"text-editor.default\">\n\t\t\t\t<div class=\"elementor-widget-container\">\n\t\t\t\t\t\t\t\t\t<p>Liittym\u00e4ll\u00e4 kannatusj\u00e4seneksi tuet Monihelin ty\u00f6t\u00e4 ja lis\u00e4\u00e4t mahdollisuuksia monikulttuuriselle j\u00e4rjest\u00f6ty\u00f6lle Suomessa. K\u00e4yt\u00e4mme saadut tulot mm. maahanmuuttajataustaisten ty\u00f6ntekij\u00f6iden tai harjoittelijoiden palkkaamiseen, Monikulttuurisen itsen\u00e4isyysp\u00e4iv\u00e4juhlan j\u00e4rjest\u00e4miseen tai demokratiakasvatusty\u00f6mme edist\u00e4miseen.<\/p>\t\t\t\t\t\t\t\t<\/div>\n\t\t\t\t<\/div>\n\t\t\t\t\t<\/div>\n\t\t<\/div>\n\t\t\t\t\t<\/div>\n\t\t<\/section>\n\t\t\t\t<section class=\"elementor-section elementor-top-section elementor-element elementor-element-be5a000 elementor-section-boxed elementor-section-height-default elementor-section-height-default\" data-id=\"be5a000\" data-element_type=\"section\" data-e-type=\"section\" data-settings=\"{&quot;background_background&quot;:&quot;classic&quot;}\">\n\t\t\t\t\t\t\t<div class=\"elementor-background-overlay\"><\/div>\n\t\t\t\t\t\t\t<div class=\"elementor-container elementor-column-gap-default\">\n\t\t\t\t\t<div class=\"elementor-column elementor-col-100 elementor-top-column elementor-element elementor-element-6105664\" data-id=\"6105664\" data-element_type=\"column\" data-e-type=\"column\">\n\t\t\t<div class=\"elementor-widget-wrap elementor-element-populated\">\n\t\t\t\t\t\t<div class=\"elementor-element elementor-element-6cabfb6 elementor-widget elementor-widget-text-editor\" data-id=\"6cabfb6\" data-element_type=\"widget\" data-e-type=\"widget\" data-widget_type=\"text-editor.default\">\n\t\t\t\t<div class=\"elementor-widget-container\">\n\t\t\t\t\t\t\t\t\t<p>Kannatusj\u00e4senen\u00e4 saat mm. Monihelin uutiskirjeen, vuosittaisen henkil\u00f6kohtaisen kiitoskirjeen, p\u00e4\u00e4syn VIP-vieraana Monikulttuuriseen itsen\u00e4isyysp\u00e4iv\u00e4juhlaan, mahdollisuuden tavoittaa 110 j\u00e4rjest\u00f6n verkostoamme, ja halutessasi maininnan nimest\u00e4si tai logosi n\u00e4kyviin Monihelin viestinn\u00e4ss\u00e4. Keskustelemme mielell\u00e4mme my\u00f6s laajemmasta yritysyhteisty\u00f6st\u00e4. Kannatusj\u00e4senyyden etuja lis\u00e4t\u00e4\u00e4n viel\u00e4 entisest\u00e4\u00e4n tulevaisuudessa.<\/p><p>\u00a0<\/p><h4>Liity j\u00e4seneksi t\u00e4ytt\u00e4m\u00e4ll\u00e4 alla oleva lomake!<\/h4>\t\t\t\t\t\t\t\t<\/div>\n\t\t\t\t<\/div>\n\t\t\t\t\t<\/div>\n\t\t<\/div>\n\t\t\t\t\t<\/div>\n\t\t<\/section>\n\t\t\t\t<section class=\"elementor-section elementor-top-section elementor-element elementor-element-3777524 elementor-section-boxed elementor-section-height-default elementor-section-height-default\" data-id=\"3777524\" data-element_type=\"section\" data-e-type=\"section\">\n\t\t\t\t\t\t<div class=\"elementor-container elementor-column-gap-default\">\n\t\t\t\t\t<div class=\"elementor-column elementor-col-100 elementor-top-column elementor-element elementor-element-c4136eb\" data-id=\"c4136eb\" data-element_type=\"column\" data-e-type=\"column\" data-settings=\"{&quot;background_background&quot;:&quot;classic&quot;}\">\n\t\t\t<div class=\"elementor-widget-wrap elementor-element-populated\">\n\t\t\t\t\t\t<div class=\"elementor-element elementor-element-10526e1 elementor-widget elementor-widget-heading\" data-id=\"10526e1\" data-element_type=\"widget\" data-e-type=\"widget\" data-widget_type=\"heading.default\">\n\t\t\t\t<div class=\"elementor-widget-container\">\n\t\t\t\t\t<h4 class=\"elementor-heading-title elementor-size-default\">Liittymislomake<\/h4>\t\t\t\t<\/div>\n\t\t\t\t<\/div>\n\t\t\t\t<div class=\"elementor-element elementor-element-73c17b3 elementor-button-align-center elementor-widget elementor-widget-form\" data-id=\"73c17b3\" data-element_type=\"widget\" data-e-type=\"widget\" data-settings=\"{&quot;step_next_label&quot;:&quot;Next&quot;,&quot;step_previous_label&quot;:&quot;Previous&quot;,&quot;button_width&quot;:&quot;100&quot;,&quot;step_type&quot;:&quot;number_text&quot;,&quot;step_icon_shape&quot;:&quot;circle&quot;}\" data-widget_type=\"form.default\">\n\t\t\t\t<div class=\"elementor-widget-container\">\n\t\t\t\t\t\t\t<form class=\"elementor-form\" method=\"post\" name=\"New Form\" aria-label=\"New Form\">\n\t\t\t<input type=\"hidden\" name=\"post_id\" value=\"22\"\/>\n\t\t\t<input type=\"hidden\" name=\"form_id\" value=\"73c17b3\"\/>\n\t\t\t<input type=\"hidden\" name=\"referer_title\" value=\"Kannatusj\u00e4seneksi\" \/>\n\n\t\t\t\t\t\t\t<input type=\"hidden\" name=\"queried_id\" value=\"22\"\/>\n\t\t\t\n\t\t\t<div class=\"elementor-form-fields-wrapper elementor-labels-above\">\n\t\t\t\t\t\t\t\t<div class=\"elementor-field-type-text elementor-field-group elementor-column elementor-field-group-fname elementor-col-100 elementor-field-required elementor-mark-required\">\n\t\t\t\t\t\t\t\t\t\t\t\t<label for=\"form-field-fname\" class=\"elementor-field-label\">\n\t\t\t\t\t\t\t\tEtunimi\t\t\t\t\t\t\t<\/label>\n\t\t\t\t\t\t\t\t\t\t\t\t\t\t<input size=\"1\" type=\"text\" name=\"form_fields[fname]\" id=\"form-field-fname\" class=\"elementor-field elementor-size-sm  elementor-field-textual\" required=\"required\">\n\t\t\t\t\t\t\t\t\t\t\t<\/div>\n\t\t\t\t\t\t\t\t<div class=\"elementor-field-type-text elementor-field-group elementor-column elementor-field-group-lname elementor-col-100 elementor-field-required elementor-mark-required\">\n\t\t\t\t\t\t\t\t\t\t\t\t<label for=\"form-field-lname\" class=\"elementor-field-label\">\n\t\t\t\t\t\t\t\tSukunimi\t\t\t\t\t\t\t<\/label>\n\t\t\t\t\t\t\t\t\t\t\t\t\t\t<input size=\"1\" type=\"text\" name=\"form_fields[lname]\" id=\"form-field-lname\" class=\"elementor-field elementor-size-sm  elementor-field-textual\" required=\"required\">\n\t\t\t\t\t\t\t\t\t\t\t<\/div>\n\t\t\t\t\t\t\t\t<div class=\"elementor-field-type-email elementor-field-group elementor-column elementor-field-group-email elementor-col-100 elementor-field-required elementor-mark-required\">\n\t\t\t\t\t\t\t\t\t\t\t\t<label for=\"form-field-email\" class=\"elementor-field-label\">\n\t\t\t\t\t\t\t\tS\u00e4hk\u00f6postiosoite\t\t\t\t\t\t\t<\/label>\n\t\t\t\t\t\t\t\t\t\t\t\t\t\t<input size=\"1\" type=\"email\" name=\"form_fields[email]\" id=\"form-field-email\" class=\"elementor-field elementor-size-sm  elementor-field-textual\" required=\"required\">\n\t\t\t\t\t\t\t\t\t\t\t<\/div>\n\t\t\t\t\t\t\t\t<div class=\"elementor-field-type-number elementor-field-group elementor-column elementor-field-group-field_a8385e7 elementor-col-100\">\n\t\t\t\t\t\t\t\t\t\t\t\t<label for=\"form-field-field_a8385e7\" class=\"elementor-field-label\">\n\t\t\t\t\t\t\t\tVuosittainen kannatusj\u00e4senmaksu on henkil\u00f6ille v\u00e4hint\u00e4\u00e4n 40 \u20ac ja yrityksille ja yhdistyksille v\u00e4hint\u00e4\u00e4n 250 \u20ac. Kirjoita t\u00e4h\u00e4n, jos haluat maksaa isomman summan.\t\t\t\t\t\t\t<\/label>\n\t\t\t\t\t\t\t\t\t<input type=\"number\" name=\"form_fields[field_a8385e7]\" id=\"form-field-field_a8385e7\" class=\"elementor-field elementor-size-sm  elementor-field-textual\" min=\"40\" max=\"\" >\n\t\t\t\t\t\t<\/div>\n\t\t\t\t\t\t\t\t<div class=\"elementor-field-type-textarea elementor-field-group elementor-column elementor-field-group-message elementor-col-100\">\n\t\t\t\t\t\t\t\t\t\t\t\t<label for=\"form-field-message\" class=\"elementor-field-label\">\n\t\t\t\t\t\t\t\tOnko sinulla viesti tai kysymys meille?\t\t\t\t\t\t\t<\/label>\n\t\t\t\t\t\t<textarea class=\"elementor-field-textual elementor-field  elementor-size-sm\" name=\"form_fields[message]\" id=\"form-field-message\" rows=\"7\" placeholder=\"Message\"><\/textarea>\t\t\t\t<\/div>\n\t\t\t\t\t\t\t\t<div class=\"elementor-field-type-html elementor-field-group elementor-column elementor-field-group-field_00e07f6 elementor-col-100\">\n\t\t\t\t\tVastaamme hakemukseen n. kuukauden sis\u00e4ll\u00e4. L\u00e4mmin kiitos tuestasi!\t\t\t\t<\/div>\n\t\t\t\t\t\t\t\t<div class=\"elementor-field-group elementor-column elementor-field-type-submit elementor-col-100 e-form__buttons\">\n\t\t\t\t\t<button class=\"elementor-button elementor-size-sm\" type=\"submit\">\n\t\t\t\t\t\t<span class=\"elementor-button-content-wrapper\">\n\t\t\t\t\t\t\t\t\t\t\t\t\t\t\t\t\t\t\t\t\t\t<span class=\"elementor-button-text\">L\u00e4het\u00e4<\/span>\n\t\t\t\t\t\t\t\t\t\t\t\t\t<\/span>\n\t\t\t\t\t<\/button>\n\t\t\t\t<\/div>\n\t\t\t<\/div>\n\t\t<\/form>\n\t\t\t\t\t\t<\/div>\n\t\t\t\t<\/div>\n\t\t\t\t\t<\/div>\n\t\t<\/div>\n\t\t\t\t\t<\/div>\n\t\t<\/section>\n\t\t\t\t<\/div>\n\t\t","protected":false},"excerpt":{"rendered":"<p>Tulekannatus&shy;j\u00e4seneksi Liittym\u00e4ll\u00e4 kannatusj\u00e4seneksi tuet Monihelin ty\u00f6t\u00e4 ja lis\u00e4\u00e4t mahdollisuuksia monikulttuuriselle j\u00e4rjest\u00f6ty\u00f6lle Suomessa. K\u00e4yt\u00e4mme saadut tulot mm. maahanmuuttajataustaisten ty\u00f6ntekij\u00f6iden tai harjoittelijoiden palkkaamiseen, Monikulttuurisen itsen\u00e4isyysp\u00e4iv\u00e4juhlan j\u00e4rjest\u00e4miseen tai demokratiakasvatusty\u00f6mme edist\u00e4miseen. Kannatusj\u00e4senen\u00e4 saat mm. Monihelin uutiskirjeen, vuosittaisen henkil\u00f6kohtaisen kiitoskirjeen, p\u00e4\u00e4syn VIP-vieraana Monikulttuuriseen itsen\u00e4isyysp\u00e4iv\u00e4juhlaan, mahdollisuuden tavoittaa 110 j\u00e4rjest\u00f6n verkostoamme, ja halutessasi maininnan nimest\u00e4si tai logosi n\u00e4kyviin Monihelin viestinn\u00e4ss\u00e4. Keskustelemme mielell\u00e4mme [&hellip;]<\/p>\n","protected":false},"author":1,"featured_media":0,"parent":0,"menu_order":48,"comment_status":"closed","ping_status":"closed","template":"","meta":{"_acf_changed":false,"footnotes":""},"class_list":["post-22","page","type-page","status-publish","hentry"],"acf":[],"_links":{"self":[{"href":"https:\/\/moniheli.fi\/en\/wp-json\/wp\/v2\/pages\/22","targetHints":{"allow":["GET"]}}],"collection":[{"href":"https:\/\/moniheli.fi\/en\/wp-json\/wp\/v2\/pages"}],"about":[{"href":"https:\/\/moniheli.fi\/en\/wp-json\/wp\/v2\/types\/page"}],"author":[{"embeddable":true,"href":"https:\/\/moniheli.fi\/en\/wp-json\/wp\/v2\/users\/1"}],"replies":[{"embeddable":true,"href":"https:\/\/moniheli.fi\/en\/wp-json\/wp\/v2\/comments?post=22"}],"version-history":[{"count":41,"href":"https:\/\/moniheli.fi\/en\/wp-json\/wp\/v2\/pages\/22\/revisions"}],"predecessor-version":[{"id":8529,"href":"https:\/\/moniheli.fi\/en\/wp-json\/wp\/v2\/pages\/22\/revisions\/8529"}],"wp:attachment":[{"href":"https:\/\/moniheli.fi\/en\/wp-json\/wp\/v2\/media?parent=22"}],"curies":[{"name":"wp","href":"https:\/\/api.w.org\/{rel}","templated":true}]}}