{"id":1731,"date":"2021-08-11T11:25:38","date_gmt":"2021-08-11T11:25:38","guid":{"rendered":"https:\/\/moniheli-fi.hel9.wp-cloud.dev.www23.zoner-asiakas.fi\/?page_id=1731"},"modified":"2026-04-07T11:06:43","modified_gmt":"2026-04-07T08:06:43","slug":"yhteystiedot","status":"publish","type":"page","link":"https:\/\/moniheli.fi\/en\/yhteystiedot\/","title":{"rendered":"Contact information"},"content":{"rendered":"<div data-elementor-type=\"wp-page\" data-elementor-id=\"1731\" class=\"elementor elementor-1731\" data-elementor-post-type=\"page\">\n\t\t\t\t<div class=\"elementor-element elementor-element-0edd278 e-con-full e-flex e-con e-parent\" data-id=\"0edd278\" data-element_type=\"container\" data-e-type=\"container\" data-settings=\"{&quot;background_background&quot;:&quot;classic&quot;}\">\n\t\t<div class=\"elementor-element elementor-element-efe7302 e-con-full e-flex e-con e-child\" data-id=\"efe7302\" data-element_type=\"container\" data-e-type=\"container\">\n\t\t\t\t<div class=\"elementor-element elementor-element-7ceebf3 elementor-widget elementor-widget-google_maps\" data-id=\"7ceebf3\" data-element_type=\"widget\" data-e-type=\"widget\" data-widget_type=\"google_maps.default\">\n\t\t\t\t<div class=\"elementor-widget-container\">\n\t\t\t\t\t\t\t<div class=\"elementor-custom-embed\">\n\t\t\t<iframe loading=\"lazy\"\n\t\t\t\t\tsrc=\"https:\/\/maps.google.com\/maps?q=Sturenkatu%2011%2C%2000510%20Helsinki&#038;t=m&#038;z=12&#038;output=embed&#038;iwloc=near\"\n\t\t\t\t\ttitle=\"Sturenkatu 11, 00510 Helsinki\"\n\t\t\t\t\taria-label=\"Sturenkatu 11, 00510 Helsinki\"\n\t\t\t><\/iframe>\n\t\t<\/div>\n\t\t\t\t\t\t<\/div>\n\t\t\t\t<\/div>\n\t\t\t\t<\/div>\n\t\t<div class=\"elementor-element elementor-element-6e31dbf e-con-full e-flex e-con e-child\" data-id=\"6e31dbf\" data-element_type=\"container\" data-e-type=\"container\" data-settings=\"{&quot;background_background&quot;:&quot;classic&quot;}\">\n\t\t\t\t<div class=\"elementor-element elementor-element-68dcbef elementor-widget elementor-widget-heading\" data-id=\"68dcbef\" data-element_type=\"widget\" data-e-type=\"widget\" data-widget_type=\"heading.default\">\n\t\t\t\t<div class=\"elementor-widget-container\">\n\t\t\t\t\t<h1 class=\"elementor-heading-title elementor-size-default\">Contact information<\/h1>\t\t\t\t<\/div>\n\t\t\t\t<\/div>\n\t\t\t\t<\/div>\n\t\t\t\t<\/div>\n\t\t<div class=\"elementor-element elementor-element-636cfcd e-con-full e-flex e-con e-parent\" data-id=\"636cfcd\" data-element_type=\"container\" data-e-type=\"container\" data-settings=\"{&quot;background_background&quot;:&quot;classic&quot;}\">\n\t\t<div class=\"elementor-element elementor-element-f398366 e-con-full e-flex e-con e-child\" data-id=\"f398366\" data-element_type=\"container\" data-e-type=\"container\">\n\t\t\t\t<div class=\"elementor-element elementor-element-cd28d6b elementor-widget__width-initial elementor-widget elementor-widget-text-editor\" data-id=\"cd28d6b\" data-element_type=\"widget\" data-e-type=\"widget\" data-widget_type=\"text-editor.default\">\n\t\t\t\t<div class=\"elementor-widget-container\">\n\t\t\t\t\t\t\t\t\t<p><strong>Please note! Our address has changed on August 28th, 2025!<\/strong><\/p><p>Our new address is:<\/p><p><strong>Kalliolan Setlementtitalo<br \/><\/strong><strong>Sturenkatu 11<br \/>00510 Helsinki<\/strong><\/p>\t\t\t\t\t\t\t\t<\/div>\n\t\t\t\t<\/div>\n\t\t\t\t<\/div>\n\t\t<div class=\"elementor-element elementor-element-31f1f41 e-con-full e-flex e-con e-child\" data-id=\"31f1f41\" data-element_type=\"container\" data-e-type=\"container\" data-settings=\"{&quot;background_background&quot;:&quot;classic&quot;}\">\n\t\t\t\t<div class=\"elementor-element elementor-element-91c8ccd elementor-widget__width-initial elementor-widget elementor-widget-text-editor\" data-id=\"91c8ccd\" data-element_type=\"widget\" data-e-type=\"widget\" data-widget_type=\"text-editor.default\">\n\t\t\t\t<div class=\"elementor-widget-container\">\n\t\t\t\t\t\t\t\t\t<p>If you want to meet a member of our staff, please contact them in advance to ensure they are available and working at the office when you are coming.<\/p><p>If you want us to advertise your event or share information that is useful to our network, please send it directly to viestinta@moniheli.fi. Indicate in the message to whom you would like the event advertised (only our members, our whole network).<\/p><p><strong>NOTE! We are currently restructuring our internship processes. Unfortunately, we are unable to respond to all training-related inquiries personally at this time.<\/strong><\/p>\t\t\t\t\t\t\t\t<\/div>\n\t\t\t\t<\/div>\n\t\t\t\t<\/div>\n\t\t\t\t<\/div>\n\t\t<div class=\"elementor-element elementor-element-e936ddd e-con-full e-flex e-con e-parent\" data-id=\"e936ddd\" data-element_type=\"container\" data-e-type=\"container\">\n\t\t<div class=\"elementor-element elementor-element-03c5317 e-con-full e-flex e-con e-child\" data-id=\"03c5317\" data-element_type=\"container\" data-e-type=\"container\">\n\t\t\t\t<div class=\"elementor-element elementor-element-ef9dd20 elementor-widget elementor-widget-heading\" data-id=\"ef9dd20\" data-element_type=\"widget\" data-e-type=\"widget\" data-widget_type=\"heading.default\">\n\t\t\t\t<div class=\"elementor-widget-container\">\n\t\t\t\t\t<h4 class=\"elementor-heading-title elementor-size-default\">Administration and Core Activities<\/h4>\t\t\t\t<\/div>\n\t\t\t\t<\/div>\n\t\t<div class=\"elementor-element elementor-element-d2046a9 e-con-full e-flex e-con e-child\" data-id=\"d2046a9\" data-element_type=\"container\" data-e-type=\"container\">\n\t\t\t\t<div class=\"elementor-element elementor-element-eab43e4 elementor-widget__width-initial elementor-widget elementor-widget-text-editor\" data-id=\"eab43e4\" data-element_type=\"widget\" data-e-type=\"widget\" data-widget_type=\"text-editor.default\">\n\t\t\t\t<div class=\"elementor-widget-container\">\n\t\t\t\t\t\t\t\t\t<p><strong><img decoding=\"async\" class=\"alignnone wp-image-22357 size-thumbnail\" src=\"https:\/\/moniheli.fi\/wp-content\/uploads\/2025\/04\/Julie-150x150.png\" alt=\"Julie Breton\" width=\"150\" height=\"150\" srcset=\"https:\/\/moniheli.fi\/wp-content\/uploads\/2025\/04\/Julie-150x150.png 150w, https:\/\/moniheli.fi\/wp-content\/uploads\/2025\/04\/Julie-300x300.png 300w, https:\/\/moniheli.fi\/wp-content\/uploads\/2025\/04\/Julie-768x768.png 768w, https:\/\/moniheli.fi\/wp-content\/uploads\/2025\/04\/Julie-12x12.png 12w, https:\/\/moniheli.fi\/wp-content\/uploads\/2025\/04\/Julie-45x45.png 45w, https:\/\/moniheli.fi\/wp-content\/uploads\/2025\/04\/Julie.png 800w\" sizes=\"(max-width: 150px) 100vw, 150px\" \/><\/strong><\/p><p><strong>Julie Breton<\/strong><\/p><p>Executive Director<\/p><p>+358 (0)44 717 0225<br \/>toimisto@moniheli.fi<\/p><p>Suomi, English, <br \/>Fran\u00e7ais<\/p>\t\t\t\t\t\t\t\t<\/div>\n\t\t\t\t<\/div>\n\t\t\t\t<div class=\"elementor-element elementor-element-e3b83d8 elementor-widget__width-initial elementor-widget elementor-widget-text-editor\" data-id=\"e3b83d8\" data-element_type=\"widget\" data-e-type=\"widget\" data-widget_type=\"text-editor.default\">\n\t\t\t\t<div class=\"elementor-widget-container\">\n\t\t\t\t\t\t\t\t\t<p><strong><img decoding=\"async\" class=\"alignnone wp-image-22356 size-thumbnail\" src=\"https:\/\/moniheli.fi\/wp-content\/uploads\/2025\/04\/Javier-1-150x150.png\" alt=\"Javier Knuutila-Gauto\" width=\"150\" height=\"150\" srcset=\"https:\/\/moniheli.fi\/wp-content\/uploads\/2025\/04\/Javier-1-150x150.png 150w, https:\/\/moniheli.fi\/wp-content\/uploads\/2025\/04\/Javier-1-300x300.png 300w, https:\/\/moniheli.fi\/wp-content\/uploads\/2025\/04\/Javier-1-768x768.png 768w, https:\/\/moniheli.fi\/wp-content\/uploads\/2025\/04\/Javier-1-12x12.png 12w, https:\/\/moniheli.fi\/wp-content\/uploads\/2025\/04\/Javier-1-45x45.png 45w, https:\/\/moniheli.fi\/wp-content\/uploads\/2025\/04\/Javier-1.png 800w\" sizes=\"(max-width: 150px) 100vw, 150px\" \/><\/strong><\/p><p><strong>Javier Knuutila-Gauto<\/strong><\/p><p>Network Manager<\/p><p>+358 (0)50 543 5456\u00a0<br \/>javier.gauto@moniheli.fi<\/p><p>English, Suomi <br \/>Espa\u00f1ol, Guaran\u00ed<\/p>\t\t\t\t\t\t\t\t<\/div>\n\t\t\t\t<\/div>\n\t\t\t\t<div class=\"elementor-element elementor-element-ee007c4 elementor-widget__width-initial elementor-widget elementor-widget-text-editor\" data-id=\"ee007c4\" data-element_type=\"widget\" data-e-type=\"widget\" data-widget_type=\"text-editor.default\">\n\t\t\t\t<div class=\"elementor-widget-container\">\n\t\t\t\t\t\t\t\t\t<p><strong><img decoding=\"async\" class=\"alignnone wp-image-22359 size-thumbnail\" src=\"https:\/\/moniheli.fi\/wp-content\/uploads\/2025\/04\/Raakel-150x150.png\" alt=\"\" width=\"150\" height=\"150\" srcset=\"https:\/\/moniheli.fi\/wp-content\/uploads\/2025\/04\/Raakel-150x150.png 150w, https:\/\/moniheli.fi\/wp-content\/uploads\/2025\/04\/Raakel-300x300.png 300w, https:\/\/moniheli.fi\/wp-content\/uploads\/2025\/04\/Raakel-768x768.png 768w, https:\/\/moniheli.fi\/wp-content\/uploads\/2025\/04\/Raakel-12x12.png 12w, https:\/\/moniheli.fi\/wp-content\/uploads\/2025\/04\/Raakel-45x45.png 45w, https:\/\/moniheli.fi\/wp-content\/uploads\/2025\/04\/Raakel.png 800w\" sizes=\"(max-width: 150px) 100vw, 150px\" \/><\/strong><\/p><p><strong>Raakel Kumpunen<\/strong><\/p><p>Communications Manager<\/p><p>+358 (0)50 438 5568<br \/>raakel.kumpunen@moniheli.fi<\/p><p>Suomi, English<\/p>\t\t\t\t\t\t\t\t<\/div>\n\t\t\t\t<\/div>\n\t\t\t\t<\/div>\n\t\t<div class=\"elementor-element elementor-element-758e84a e-con-full e-flex e-con e-child\" data-id=\"758e84a\" data-element_type=\"container\" data-e-type=\"container\">\n\t\t\t\t<div class=\"elementor-element elementor-element-59a4857 elementor-widget__width-initial elementor-widget elementor-widget-text-editor\" data-id=\"59a4857\" data-element_type=\"widget\" data-e-type=\"widget\" data-widget_type=\"text-editor.default\">\n\t\t\t\t<div class=\"elementor-widget-container\">\n\t\t\t\t\t\t\t\t\t<p><strong><img loading=\"lazy\" decoding=\"async\" class=\"alignnone wp-image-20363 size-thumbnail\" src=\"https:\/\/moniheli.fi\/wp-content\/uploads\/2025\/01\/Mariia-3-150x150.png\" alt=\"Mariia Vulbrun\" width=\"150\" height=\"150\" srcset=\"https:\/\/moniheli.fi\/wp-content\/uploads\/2025\/01\/Mariia-3-150x150.png 150w, https:\/\/moniheli.fi\/wp-content\/uploads\/2025\/01\/Mariia-3-300x300.png 300w, https:\/\/moniheli.fi\/wp-content\/uploads\/2025\/01\/Mariia-3-768x768.png 768w, https:\/\/moniheli.fi\/wp-content\/uploads\/2025\/01\/Mariia-3-12x12.png 12w, https:\/\/moniheli.fi\/wp-content\/uploads\/2025\/01\/Mariia-3-45x45.png 45w, https:\/\/moniheli.fi\/wp-content\/uploads\/2025\/01\/Mariia-3.png 800w\" sizes=\"(max-width: 150px) 100vw, 150px\" \/><\/strong><\/p><p><strong>Mariia Vulbrun<\/strong><\/p><p>Financial management<\/p><p>mariia.vulbrun@moniheli.fi<\/p><p>English, \u0440\u0443\u0441\u0441\u043a\u0438\u0439 (ven\u00e4j\u00e4), <br \/>Finnish<\/p>\t\t\t\t\t\t\t\t<\/div>\n\t\t\t\t<\/div>\n\t\t\t\t<div class=\"elementor-element elementor-element-7ae36d1 elementor-widget__width-initial elementor-widget elementor-widget-text-editor\" data-id=\"7ae36d1\" data-element_type=\"widget\" data-e-type=\"widget\" data-widget_type=\"text-editor.default\">\n\t\t\t\t<div class=\"elementor-widget-container\">\n\t\t\t\t\t\t\t\t\t<p><strong><img loading=\"lazy\" decoding=\"async\" class=\"alignnone wp-image-22358 size-thumbnail\" src=\"https:\/\/moniheli.fi\/wp-content\/uploads\/2025\/04\/Melissa-150x150.png\" alt=\"M\u00e9lissa Rupp\u00e9\" width=\"150\" height=\"150\" srcset=\"https:\/\/moniheli.fi\/wp-content\/uploads\/2025\/04\/Melissa-150x150.png 150w, https:\/\/moniheli.fi\/wp-content\/uploads\/2025\/04\/Melissa-300x300.png 300w, https:\/\/moniheli.fi\/wp-content\/uploads\/2025\/04\/Melissa-768x768.png 768w, https:\/\/moniheli.fi\/wp-content\/uploads\/2025\/04\/Melissa-12x12.png 12w, https:\/\/moniheli.fi\/wp-content\/uploads\/2025\/04\/Melissa-45x45.png 45w, https:\/\/moniheli.fi\/wp-content\/uploads\/2025\/04\/Melissa.png 800w\" sizes=\"(max-width: 150px) 100vw, 150px\" \/><\/strong><\/p><p><strong>M\u00e9lissa Rupp\u00e9<\/strong><\/p><p>Association Secretary<\/p><p>+358 (0)50 554 4272<br \/>melissa.ruppe@moniheli.fi<\/p><p>English, Suomi <br \/>Fran\u00e7ais<\/p>\t\t\t\t\t\t\t\t<\/div>\n\t\t\t\t<\/div>\n\t\t\t\t<div class=\"elementor-element elementor-element-28c9e7d elementor-widget__width-initial elementor-widget elementor-widget-text-editor\" data-id=\"28c9e7d\" data-element_type=\"widget\" data-e-type=\"widget\" data-widget_type=\"text-editor.default\">\n\t\t\t\t<div class=\"elementor-widget-container\">\n\t\t\t\t\t\t\t\t\t<p><strong><img loading=\"lazy\" decoding=\"async\" class=\"alignnone wp-image-23166 size-thumbnail\" src=\"https:\/\/moniheli.fi\/wp-content\/uploads\/2025\/09\/Maria-150x150.png\" alt=\"\" width=\"150\" height=\"150\" srcset=\"https:\/\/moniheli.fi\/wp-content\/uploads\/2025\/09\/Maria-150x150.png 150w, https:\/\/moniheli.fi\/wp-content\/uploads\/2025\/09\/Maria-300x300.png 300w, https:\/\/moniheli.fi\/wp-content\/uploads\/2025\/09\/Maria-768x768.png 768w, https:\/\/moniheli.fi\/wp-content\/uploads\/2025\/09\/Maria-12x12.png 12w, https:\/\/moniheli.fi\/wp-content\/uploads\/2025\/09\/Maria-45x45.png 45w, https:\/\/moniheli.fi\/wp-content\/uploads\/2025\/09\/Maria.png 800w\" sizes=\"(max-width: 150px) 100vw, 150px\" \/><\/strong><\/p><p><strong>Maria Niemiharju<\/strong><\/p><p>Communications Expert<\/p><p>+358 (0)<span data-olk-copy-source=\"MessageBody\">44 750 4171<\/span><br \/>maria.niemiharju@moniheli.fi<\/p><p>Suomi, English, Espa\u00f1ol<\/p>\t\t\t\t\t\t\t\t<\/div>\n\t\t\t\t<\/div>\n\t\t\t\t<\/div>\n\t\t\t\t<div class=\"elementor-element elementor-element-089aaa6 elementor-widget elementor-widget-heading\" data-id=\"089aaa6\" data-element_type=\"widget\" data-e-type=\"widget\" data-widget_type=\"heading.default\">\n\t\t\t\t<div class=\"elementor-widget-container\">\n\t\t\t\t\t<h4 class=\"elementor-heading-title elementor-size-default\">Katto Programme<\/h4>\t\t\t\t<\/div>\n\t\t\t\t<\/div>\n\t\t<div class=\"elementor-element elementor-element-cfab882 e-con-full e-flex e-con e-child\" data-id=\"cfab882\" data-element_type=\"container\" data-e-type=\"container\">\n\t\t\t\t<div class=\"elementor-element elementor-element-28fb6fa elementor-widget__width-initial elementor-widget elementor-widget-text-editor\" data-id=\"28fb6fa\" data-element_type=\"widget\" data-e-type=\"widget\" data-widget_type=\"text-editor.default\">\n\t\t\t\t<div class=\"elementor-widget-container\">\n\t\t\t\t\t\t\t\t\t<p><strong><img loading=\"lazy\" decoding=\"async\" class=\"alignnone wp-image-14717 size-thumbnail\" src=\"https:\/\/moniheli.fi\/wp-content\/uploads\/2023\/10\/Paivi-150x150.png\" alt=\"\" width=\"150\" height=\"150\" srcset=\"https:\/\/moniheli.fi\/wp-content\/uploads\/2023\/10\/Paivi-150x150.png 150w, https:\/\/moniheli.fi\/wp-content\/uploads\/2023\/10\/Paivi-300x300.png 300w, https:\/\/moniheli.fi\/wp-content\/uploads\/2023\/10\/Paivi-768x768.png 768w, https:\/\/moniheli.fi\/wp-content\/uploads\/2023\/10\/Paivi-12x12.png 12w, https:\/\/moniheli.fi\/wp-content\/uploads\/2023\/10\/Paivi-45x45.png 45w, https:\/\/moniheli.fi\/wp-content\/uploads\/2023\/10\/Paivi.png 800w\" sizes=\"(max-width: 150px) 100vw, 150px\" \/><\/strong><\/p><p><strong>P\u00e4ivi Al-Tameemi<\/strong><\/p><p>Manager, <br>Labour protection representative<\/p><p>+358 (0)50 309 3961\u00a0<br \/>paivi.al-tameemi@moniheli.fi<\/p><p>Suomi, English<\/p>\t\t\t\t\t\t\t\t<\/div>\n\t\t\t\t<\/div>\n\t\t\t\t<div class=\"elementor-element elementor-element-fb3502b elementor-widget__width-initial elementor-widget elementor-widget-text-editor\" data-id=\"fb3502b\" data-element_type=\"widget\" data-e-type=\"widget\" data-widget_type=\"text-editor.default\">\n\t\t\t\t<div class=\"elementor-widget-container\">\n\t\t\t\t\t\t\t\t\t<p><strong><img loading=\"lazy\" decoding=\"async\" class=\"alignnone wp-image-9226 size-thumbnail\" src=\"https:\/\/moniheli.fi\/wp-content\/uploads\/2022\/07\/Bisher-150x150.png\" alt=\"Bisher Sawan\" width=\"150\" height=\"150\" srcset=\"https:\/\/moniheli.fi\/wp-content\/uploads\/2022\/07\/Bisher-150x150.png 150w, https:\/\/moniheli.fi\/wp-content\/uploads\/2022\/07\/Bisher-300x300.png 300w, https:\/\/moniheli.fi\/wp-content\/uploads\/2022\/07\/Bisher-768x768.png 768w, https:\/\/moniheli.fi\/wp-content\/uploads\/2022\/07\/Bisher-12x12.png 12w, https:\/\/moniheli.fi\/wp-content\/uploads\/2022\/07\/Bisher.png 800w\" sizes=\"(max-width: 150px) 100vw, 150px\" \/><\/strong><\/p><p><strong>Bisher Sawan<\/strong><\/p><p>Expert<\/p><p>+358 (0)50 309 3925\u00a0<br \/>bisher.sawan@moniheli.fi<\/p><p>Suomi, English,<br \/>\u0639\u0631\u0628\u064a (arabia)<\/p>\t\t\t\t\t\t\t\t<\/div>\n\t\t\t\t<\/div>\n\t\t\t\t<\/div>\n\t\t\t\t<\/div>\n\t\t\t\t<\/div>\n\t\t<div class=\"elementor-element elementor-element-4785af5 e-flex e-con-boxed e-con e-parent\" data-id=\"4785af5\" data-element_type=\"container\" data-e-type=\"container\">\n\t\t\t\t\t<div class=\"e-con-inner\">\n\t\t<div class=\"elementor-element elementor-element-baaa61f e-con-full e-flex e-con e-child\" data-id=\"baaa61f\" data-element_type=\"container\" data-e-type=\"container\">\n\t\t\t\t<div class=\"elementor-element elementor-element-fa98291 elementor-widget__width-initial elementor-widget elementor-widget-heading\" data-id=\"fa98291\" data-element_type=\"widget\" data-e-type=\"widget\" data-widget_type=\"heading.default\">\n\t\t\t\t<div class=\"elementor-widget-container\">\n\t\t\t\t\t<h4 class=\"elementor-heading-title elementor-size-default\">DigiUp Programme<\/h4>\t\t\t\t<\/div>\n\t\t\t\t<\/div>\n\t\t<div class=\"elementor-element elementor-element-8c57ab9 e-con-full e-flex e-con e-child\" data-id=\"8c57ab9\" data-element_type=\"container\" data-e-type=\"container\">\n\t\t\t\t<div class=\"elementor-element elementor-element-4dc09e7 elementor-widget__width-initial elementor-widget elementor-widget-text-editor\" data-id=\"4dc09e7\" data-element_type=\"widget\" data-e-type=\"widget\" data-widget_type=\"text-editor.default\">\n\t\t\t\t<div class=\"elementor-widget-container\">\n\t\t\t\t\t\t\t\t\t<p><strong><img loading=\"lazy\" decoding=\"async\" class=\"alignnone wp-image-23258 size-thumbnail\" src=\"https:\/\/moniheli.fi\/wp-content\/uploads\/2025\/10\/Artem-1-150x150.png\" alt=\"Artem Kuosti\" width=\"150\" height=\"150\" srcset=\"https:\/\/moniheli.fi\/wp-content\/uploads\/2025\/10\/Artem-1-150x150.png 150w, https:\/\/moniheli.fi\/wp-content\/uploads\/2025\/10\/Artem-1-300x300.png 300w, https:\/\/moniheli.fi\/wp-content\/uploads\/2025\/10\/Artem-1-768x768.png 768w, https:\/\/moniheli.fi\/wp-content\/uploads\/2025\/10\/Artem-1-12x12.png 12w, https:\/\/moniheli.fi\/wp-content\/uploads\/2025\/10\/Artem-1-45x45.png 45w, https:\/\/moniheli.fi\/wp-content\/uploads\/2025\/10\/Artem-1.png 800w\" sizes=\"(max-width: 150px) 100vw, 150px\" \/><\/strong><\/p><p><strong>Art\u00ebm Kuosti<\/strong><\/p><p>Manager<\/p><p>+<span class=\"ui-provider a b c d e f g h i j k l m n o p q r s t u v w x y z ab ac ae af ag ah ai aj ak\" dir=\"ltr\">358 (0)50 516 2188<\/span><br \/>artem.kuosti@moniheli.fi<\/p><p>Suomi, English<\/p>\t\t\t\t\t\t\t\t<\/div>\n\t\t\t\t<\/div>\n\t\t\t\t<div class=\"elementor-element elementor-element-f3173fa elementor-widget__width-initial elementor-widget elementor-widget-text-editor\" data-id=\"f3173fa\" data-element_type=\"widget\" data-e-type=\"widget\" data-widget_type=\"text-editor.default\">\n\t\t\t\t<div class=\"elementor-widget-container\">\n\t\t\t\t\t\t\t\t\t<p><strong><img loading=\"lazy\" decoding=\"async\" class=\"alignnone wp-image-23256 size-thumbnail\" src=\"https:\/\/moniheli.fi\/wp-content\/uploads\/2025\/10\/Silvie-1-150x150.png\" alt=\"Silvie Kroeker\" width=\"150\" height=\"150\" srcset=\"https:\/\/moniheli.fi\/wp-content\/uploads\/2025\/10\/Silvie-1-150x150.png 150w, https:\/\/moniheli.fi\/wp-content\/uploads\/2025\/10\/Silvie-1-300x300.png 300w, https:\/\/moniheli.fi\/wp-content\/uploads\/2025\/10\/Silvie-1-768x768.png 768w, https:\/\/moniheli.fi\/wp-content\/uploads\/2025\/10\/Silvie-1-12x12.png 12w, https:\/\/moniheli.fi\/wp-content\/uploads\/2025\/10\/Silvie-1-45x45.png 45w, https:\/\/moniheli.fi\/wp-content\/uploads\/2025\/10\/Silvie-1.png 800w\" sizes=\"(max-width: 150px) 100vw, 150px\" \/><\/strong><\/p><p><strong>Silvie Kroeker<\/strong><\/p><p>Expert<\/p><p><span data-teams=\"true\">+358 (0)50 551 1821<\/span><br \/>silvie.kroeker@moniheli.fi<\/p><p>English, Suomi<\/p>\t\t\t\t\t\t\t\t<\/div>\n\t\t\t\t<\/div>\n\t\t\t\t<\/div>\n\t\t\t\t<\/div>\n\t\t<div class=\"elementor-element elementor-element-7c4c6be e-con-full e-flex e-con e-child\" data-id=\"7c4c6be\" data-element_type=\"container\" data-e-type=\"container\">\n\t\t\t\t<div class=\"elementor-element elementor-element-79199fd elementor-widget elementor-widget-heading\" data-id=\"79199fd\" data-element_type=\"widget\" data-e-type=\"widget\" data-widget_type=\"heading.default\">\n\t\t\t\t<div class=\"elementor-widget-container\">\n\t\t\t\t\t<h4 class=\"elementor-heading-title elementor-size-default\">DigiUp Toolbox project<\/h4>\t\t\t\t<\/div>\n\t\t\t\t<\/div>\n\t\t<div class=\"elementor-element elementor-element-1ffa22f e-con-full e-flex e-con e-child\" data-id=\"1ffa22f\" data-element_type=\"container\" data-e-type=\"container\">\n\t\t\t\t<div class=\"elementor-element elementor-element-0adc2f9 elementor-widget__width-initial elementor-widget elementor-widget-text-editor\" data-id=\"0adc2f9\" data-element_type=\"widget\" data-e-type=\"widget\" data-widget_type=\"text-editor.default\">\n\t\t\t\t<div class=\"elementor-widget-container\">\n\t\t\t\t\t\t\t\t\t<p><strong><img loading=\"lazy\" decoding=\"async\" class=\"alignnone wp-image-23257 size-thumbnail\" src=\"https:\/\/moniheli.fi\/wp-content\/uploads\/2025\/10\/Yuri-1-150x150.png\" alt=\"Yuri Kitaba\" width=\"150\" height=\"150\" srcset=\"https:\/\/moniheli.fi\/wp-content\/uploads\/2025\/10\/Yuri-1-150x150.png 150w, https:\/\/moniheli.fi\/wp-content\/uploads\/2025\/10\/Yuri-1-300x300.png 300w, https:\/\/moniheli.fi\/wp-content\/uploads\/2025\/10\/Yuri-1-768x768.png 768w, https:\/\/moniheli.fi\/wp-content\/uploads\/2025\/10\/Yuri-1-12x12.png 12w, https:\/\/moniheli.fi\/wp-content\/uploads\/2025\/10\/Yuri-1-45x45.png 45w, https:\/\/moniheli.fi\/wp-content\/uploads\/2025\/10\/Yuri-1.png 800w\" sizes=\"(max-width: 150px) 100vw, 150px\" \/><\/strong><\/p><p><strong>Yuri Kitaba<\/strong><\/p><p>Project Manager<\/p><p>+358 (0)50 <span data-teams=\"true\">375 1203<\/span><br \/>yuri.kitaba@moniheli.fi<\/p><p>Suomi, English, <br \/>\u65e5\u672c\u8a9e (japani)<\/p>\t\t\t\t\t\t\t\t<\/div>\n\t\t\t\t<\/div>\n\t\t\t\t<\/div>\n\t\t\t\t<\/div>\n\t\t<div class=\"elementor-element elementor-element-0ee2f68 e-con-full e-flex e-con e-child\" data-id=\"0ee2f68\" data-element_type=\"container\" data-e-type=\"container\">\n\t\t\t\t<div class=\"elementor-element elementor-element-4faaf80 elementor-widget__width-initial elementor-widget elementor-widget-heading\" data-id=\"4faaf80\" data-element_type=\"widget\" data-e-type=\"widget\" data-widget_type=\"heading.default\">\n\t\t\t\t<div class=\"elementor-widget-container\">\n\t\t\t\t\t<h4 class=\"elementor-heading-title elementor-size-default\">Agency (ESF+)<\/h4>\t\t\t\t<\/div>\n\t\t\t\t<\/div>\n\t\t<div class=\"elementor-element elementor-element-738faa6 e-con-full e-flex e-con e-child\" data-id=\"738faa6\" data-element_type=\"container\" data-e-type=\"container\">\n\t\t\t\t<div class=\"elementor-element elementor-element-1be637b elementor-widget__width-initial elementor-widget elementor-widget-text-editor\" data-id=\"1be637b\" data-element_type=\"widget\" data-e-type=\"widget\" data-widget_type=\"text-editor.default\">\n\t\t\t\t<div class=\"elementor-widget-container\">\n\t\t\t\t\t\t\t\t\t<p><strong><img loading=\"lazy\" decoding=\"async\" class=\"alignnone wp-image-16594 size-thumbnail\" src=\"https:\/\/moniheli.fi\/wp-content\/uploads\/2024\/05\/Lubica-3-150x150.png\" alt=\"Lubica Vysna\" width=\"150\" height=\"150\" srcset=\"https:\/\/moniheli.fi\/wp-content\/uploads\/2024\/05\/Lubica-3-150x150.png 150w, https:\/\/moniheli.fi\/wp-content\/uploads\/2024\/05\/Lubica-3-300x300.png 300w, https:\/\/moniheli.fi\/wp-content\/uploads\/2024\/05\/Lubica-3-768x768.png 768w, https:\/\/moniheli.fi\/wp-content\/uploads\/2024\/05\/Lubica-3-12x12.png 12w, https:\/\/moniheli.fi\/wp-content\/uploads\/2024\/05\/Lubica-3-45x45.png 45w, https:\/\/moniheli.fi\/wp-content\/uploads\/2024\/05\/Lubica-3.png 800w\" sizes=\"(max-width: 150px) 100vw, 150px\" \/><\/strong><\/p><p><strong>Lubica Vysna<\/strong><\/p><p>Expert<\/p><p>+358 (0)50 530 0720<br \/>lubica.vysna@moniheli.fi<\/p><p><span class=\"ui-provider a b c d e f g h i j k l m n o p q r s t u v w x y z ab ac ae af ag ah ai aj ak\" dir=\"ltr\">English, Suomi<br \/>sloven\u010dina, \u010de\u0161tina<\/span><\/p>\t\t\t\t\t\t\t\t<\/div>\n\t\t\t\t<\/div>\n\t\t\t\t<\/div>\n\t\t\t\t<\/div>\n\t\t\t\t\t<\/div>\n\t\t\t\t<\/div>\n\t\t\t\t<\/div>","protected":false},"excerpt":{"rendered":"<p>Yhteystiedot Huom! Osoitteemme on muuttunut 28.8.2025! Uusi osoitteemme on: Kalliolan SetlementtitaloSturenkatu 1100510 Helsinki Kun haluat tavata henkil\u00f6kuntamme j\u00e4senen, ota ensin yhteytt\u00e4 varmistaksesi, ett\u00e4 h\u00e4n on paikalla ja k\u00e4ytett\u00e4viss\u00e4. Jos sinulla on tapahtumailmoitus tai muu asia, jota haluat meid\u00e4n mainostavan verkostollemme, l\u00e4het\u00e4 se osoitteeseen viestinta@moniheli.fi. Mainitse viestiss\u00e4, kenelle haluat ensisijaisesti kertoa (j\u00e4senj\u00e4rjest\u00f6illemme tai laajemmalle verkostollemme). Huom! [&hellip;]<\/p>\n","protected":false},"author":1,"featured_media":0,"parent":0,"menu_order":51,"comment_status":"closed","ping_status":"closed","template":"","meta":{"_acf_changed":false,"footnotes":""},"class_list":["post-1731","page","type-page","status-publish","hentry"],"acf":[],"_links":{"self":[{"href":"https:\/\/moniheli.fi\/en\/wp-json\/wp\/v2\/pages\/1731","targetHints":{"allow":["GET"]}}],"collection":[{"href":"https:\/\/moniheli.fi\/en\/wp-json\/wp\/v2\/pages"}],"about":[{"href":"https:\/\/moniheli.fi\/en\/wp-json\/wp\/v2\/types\/page"}],"author":[{"embeddable":true,"href":"https:\/\/moniheli.fi\/en\/wp-json\/wp\/v2\/users\/1"}],"replies":[{"embeddable":true,"href":"https:\/\/moniheli.fi\/en\/wp-json\/wp\/v2\/comments?post=1731"}],"version-history":[{"count":20,"href":"https:\/\/moniheli.fi\/en\/wp-json\/wp\/v2\/pages\/1731\/revisions"}],"predecessor-version":[{"id":25589,"href":"https:\/\/moniheli.fi\/en\/wp-json\/wp\/v2\/pages\/1731\/revisions\/25589"}],"wp:attachment":[{"href":"https:\/\/moniheli.fi\/en\/wp-json\/wp\/v2\/media?parent=1731"}],"curies":[{"name":"wp","href":"https:\/\/api.w.org\/{rel}","templated":true}]}}