{"id":1597,"date":"2021-08-08T14:20:33","date_gmt":"2021-08-08T14:20:33","guid":{"rendered":"https:\/\/moniheli-fi.hel9.wp-cloud.dev.www23.zoner-asiakas.fi\/?page_id=1597"},"modified":"2024-11-07T15:36:28","modified_gmt":"2024-11-07T13:36:28","slug":"osallistu-ja-tue","status":"publish","type":"page","link":"https:\/\/moniheli.fi\/en\/osallistu-ja-tue\/","title":{"rendered":"Osallistu ja tue"},"content":{"rendered":"<div data-elementor-type=\"wp-page\" data-elementor-id=\"1597\" class=\"elementor elementor-1597\" data-elementor-post-type=\"page\">\n\t\t\t\t<div class=\"elementor-element elementor-element-6fe742c e-flex e-con-boxed e-con e-parent\" data-id=\"6fe742c\" data-element_type=\"container\" data-e-type=\"container\">\n\t\t\t\t\t<div class=\"e-con-inner\">\n\t\t\t\t<div class=\"elementor-element elementor-element-d8c87a8 elementor-widget elementor-widget-heading\" data-id=\"d8c87a8\" data-element_type=\"widget\" data-e-type=\"widget\" data-widget_type=\"heading.default\">\n\t\t\t\t<div class=\"elementor-widget-container\">\n\t\t\t\t\t<h1 class=\"elementor-heading-title elementor-size-default\">Participate<\/h1>\t\t\t\t<\/div>\n\t\t\t\t<\/div>\n\t\t\t\t<div class=\"elementor-element elementor-element-576b4cf elementor-widget elementor-widget-text-editor\" data-id=\"576b4cf\" data-element_type=\"widget\" data-e-type=\"widget\" data-widget_type=\"text-editor.default\">\n\t\t\t\t<div class=\"elementor-widget-container\">\n\t\t\t\t\t\t\t\t\t<p>You can also be part of the change to make Finland a better place for everyone to live. Find out how you can support our mission, whether you are an individual, a representative of an organisation, or a business owner. Everyone can help, even with a small contribution!<\/p>\t\t\t\t\t\t\t\t<\/div>\n\t\t\t\t<\/div>\n\t\t\t\t\t<\/div>\n\t\t\t\t<\/div>\n\t\t<div class=\"elementor-element elementor-element-581c052 e-flex e-con-boxed e-con e-parent\" data-id=\"581c052\" data-element_type=\"container\" data-e-type=\"container\" data-settings=\"{&quot;background_background&quot;:&quot;classic&quot;}\">\n\t\t\t\t\t<div class=\"e-con-inner\">\n\t\t<div class=\"elementor-element elementor-element-6d0c6a1 e-con-full e-flex e-con e-child\" data-id=\"6d0c6a1\" data-element_type=\"container\" data-e-type=\"container\">\n\t\t\t\t<div class=\"elementor-element elementor-element-6be242b elementor-widget elementor-widget-image\" data-id=\"6be242b\" data-element_type=\"widget\" data-e-type=\"widget\" data-widget_type=\"image.default\">\n\t\t\t\t<div class=\"elementor-widget-container\">\n\t\t\t\t\t\t\t\t\t\t\t\t\t\t\t<img fetchpriority=\"high\" decoding=\"async\" width=\"800\" height=\"485\" src=\"https:\/\/moniheli.fi\/wp-content\/uploads\/2021\/07\/EVENTPIC-JK-Autumn-2021-1.jpg\" class=\"attachment-large size-large wp-image-276\" alt=\"Kuusi ihmist\u00e4 hymyilee ja seisoo riviss\u00e4 ja katsoo puhelinta tai tietokonetta.\" srcset=\"https:\/\/moniheli.fi\/wp-content\/uploads\/2021\/07\/EVENTPIC-JK-Autumn-2021-1.jpg 800w, https:\/\/moniheli.fi\/wp-content\/uploads\/2021\/07\/EVENTPIC-JK-Autumn-2021-1-300x182.jpg 300w, https:\/\/moniheli.fi\/wp-content\/uploads\/2021\/07\/EVENTPIC-JK-Autumn-2021-1-768x466.jpg 768w, https:\/\/moniheli.fi\/wp-content\/uploads\/2021\/07\/EVENTPIC-JK-Autumn-2021-1-18x12.jpg 18w\" sizes=\"(max-width: 800px) 100vw, 800px\" \/>\t\t\t\t\t\t\t\t\t\t\t\t\t\t\t<\/div>\n\t\t\t\t<\/div>\n\t\t\t\t<\/div>\n\t\t<div class=\"elementor-element elementor-element-2950605 e-con-full e-flex e-con e-child\" data-id=\"2950605\" data-element_type=\"container\" data-e-type=\"container\">\n\t\t\t\t<div class=\"elementor-element elementor-element-e5841f4 elementor-widget elementor-widget-heading\" data-id=\"e5841f4\" data-element_type=\"widget\" data-e-type=\"widget\" data-widget_type=\"heading.default\">\n\t\t\t\t<div class=\"elementor-widget-container\">\n\t\t\t\t\t<h2 class=\"elementor-heading-title elementor-size-default\">Participate in our activities<\/h2>\t\t\t\t<\/div>\n\t\t\t\t<\/div>\n\t\t\t\t<div class=\"elementor-element elementor-element-660bdd5 elementor-widget elementor-widget-text-editor\" data-id=\"660bdd5\" data-element_type=\"widget\" data-e-type=\"widget\" data-widget_type=\"text-editor.default\">\n\t\t\t\t<div class=\"elementor-widget-container\">\n\t\t\t\t\t\t\t\t\t<p>Our activities are open to all, but membership provides more opportunities for interaction and cooperation. Moniheli membership is open to organisations registered in Finland that accept Moniheli's mission and values. If you want to be an essential part of the Moniheli network and have an impact on its future, apply to become a member organisation!<\/p><p>Individuals, organisations, and companies can become supporting members.<\/p><p>We are happy to work with a wide range of partners, so please feel free to directly contact our staff.<\/p>\t\t\t\t\t\t\t\t<\/div>\n\t\t\t\t<\/div>\n\t\t\t\t<div class=\"elementor-element elementor-element-723951e elementor-widget__width-auto elementor-widget elementor-widget-heading\" data-id=\"723951e\" data-element_type=\"widget\" data-e-type=\"widget\" data-widget_type=\"heading.default\">\n\t\t\t\t<div class=\"elementor-widget-container\">\n\t\t\t\t\t<h4 class=\"elementor-heading-title elementor-size-default\">Join:<\/h4>\t\t\t\t<\/div>\n\t\t\t\t<\/div>\n\t\t\t\t<div class=\"elementor-element elementor-element-28f0167 elementor-widget__width-auto elementor-align-center elementor-widget elementor-widget-button\" data-id=\"28f0167\" data-element_type=\"widget\" data-e-type=\"widget\" data-widget_type=\"button.default\">\n\t\t\t\t<div class=\"elementor-widget-container\">\n\t\t\t\t\t\t\t\t\t<div class=\"elementor-button-wrapper\">\n\t\t\t\t\t<a class=\"elementor-button elementor-button-link elementor-size-sm\" href=\"\/en\/verkosto\/liity-jaseneksi\/\">\n\t\t\t\t\t\t<span class=\"elementor-button-content-wrapper\">\n\t\t\t\t\t\t\t\t\t<span class=\"elementor-button-text\">As a member organisation<\/span>\n\t\t\t\t\t<\/span>\n\t\t\t\t\t<\/a>\n\t\t\t\t<\/div>\n\t\t\t\t\t\t\t\t<\/div>\n\t\t\t\t<\/div>\n\t\t\t\t<div class=\"elementor-element elementor-element-bd6d17c elementor-widget__width-auto elementor-align-center elementor-widget elementor-widget-button\" data-id=\"bd6d17c\" data-element_type=\"widget\" data-e-type=\"widget\" data-widget_type=\"button.default\">\n\t\t\t\t<div class=\"elementor-widget-container\">\n\t\t\t\t\t\t\t\t\t<div class=\"elementor-button-wrapper\">\n\t\t\t\t\t<a class=\"elementor-button elementor-button-link elementor-size-sm\" href=\"\/en\/kannatusjaseneksi\/\">\n\t\t\t\t\t\t<span class=\"elementor-button-content-wrapper\">\n\t\t\t\t\t\t\t\t\t<span class=\"elementor-button-text\">As a support member<\/span>\n\t\t\t\t\t<\/span>\n\t\t\t\t\t<\/a>\n\t\t\t\t<\/div>\n\t\t\t\t\t\t\t\t<\/div>\n\t\t\t\t<\/div>\n\t\t\t\t<\/div>\n\t\t\t\t\t<\/div>\n\t\t\t\t<\/div>\n\t\t<div class=\"elementor-element elementor-element-d9d2b65 e-flex e-con-boxed e-con e-parent\" data-id=\"d9d2b65\" data-element_type=\"container\" data-e-type=\"container\" data-settings=\"{&quot;background_background&quot;:&quot;classic&quot;}\">\n\t\t\t\t\t<div class=\"e-con-inner\">\n\t\t<div class=\"elementor-element elementor-element-518f0ae e-con-full e-flex e-con e-child\" data-id=\"518f0ae\" data-element_type=\"container\" data-e-type=\"container\">\n\t\t\t\t<div class=\"elementor-element elementor-element-7c07cde elementor-widget elementor-widget-heading\" data-id=\"7c07cde\" data-element_type=\"widget\" data-e-type=\"widget\" data-widget_type=\"heading.default\">\n\t\t\t\t<div class=\"elementor-widget-container\">\n\t\t\t\t\t<h2 class=\"elementor-heading-title elementor-size-default\">Sponsor<\/h2>\t\t\t\t<\/div>\n\t\t\t\t<\/div>\n\t\t\t\t<div class=\"elementor-element elementor-element-099b4e4 elementor-widget elementor-widget-text-editor\" data-id=\"099b4e4\" data-element_type=\"widget\" data-e-type=\"widget\" data-widget_type=\"text-editor.default\">\n\t\t\t\t<div class=\"elementor-widget-container\">\n\t\t\t\t\t\t\t\t\t<p>Haluatko tehd\u00e4 yrityksesi tai organisaatiosi n\u00e4kyv\u00e4ksi vuoden odotetuimassa monikulttuurisessa juhlassa? Ryhdy Monikultuurisen itsen\u00e4isyysp\u00e4iv\u00e4juhlan sponsoriksi! Yrityksesi tai organisaatiosi tuella olet mukana toteuttamassa monelle t\u00e4rke\u00e4\u00e4 tilaisuutta, joka tarjoaa ainutlaatuisen mahdollisuuden juhlia Suomen itsen\u00e4isyytt\u00e4 hyv\u00e4ss\u00e4 seurassa. Tarjoamme r\u00e4\u00e4t\u00e4l\u00f6ityj\u00e4 etuja sponsoreille VIP-lipuista mainostilaan omalle br\u00e4ndille. Jos haluat sponsoriksi, ota yhteytt\u00e4 toiminnanjohtajaamme Julie Bretoniin.<\/p>\t\t\t\t\t\t\t\t<\/div>\n\t\t\t\t<\/div>\n\t\t\t\t<div class=\"elementor-element elementor-element-ca25e17 elementor-widget__width-auto elementor-align-center elementor-widget elementor-widget-button\" data-id=\"ca25e17\" data-element_type=\"widget\" data-e-type=\"widget\" data-widget_type=\"button.default\">\n\t\t\t\t<div class=\"elementor-widget-container\">\n\t\t\t\t\t\t\t\t\t<div class=\"elementor-button-wrapper\">\n\t\t\t\t\t<a class=\"elementor-button elementor-button-link elementor-size-sm\" href=\"\/en\/teemat\/kulttuurit-ja-kielet\/\">\n\t\t\t\t\t\t<span class=\"elementor-button-content-wrapper\">\n\t\t\t\t\t\t\t\t\t<span class=\"elementor-button-text\">Read more<\/span>\n\t\t\t\t\t<\/span>\n\t\t\t\t\t<\/a>\n\t\t\t\t<\/div>\n\t\t\t\t\t\t\t\t<\/div>\n\t\t\t\t<\/div>\n\t\t\t\t<\/div>\n\t\t<div class=\"elementor-element elementor-element-2c7f03d e-con-full e-flex e-con e-child\" data-id=\"2c7f03d\" data-element_type=\"container\" data-e-type=\"container\">\n\t\t\t\t<div class=\"elementor-element elementor-element-4745454 elementor-widget elementor-widget-image\" data-id=\"4745454\" data-element_type=\"widget\" data-e-type=\"widget\" data-widget_type=\"image.default\">\n\t\t\t\t<div class=\"elementor-widget-container\">\n\t\t\t\t\t\t\t\t\t\t\t\t\t\t\t<img decoding=\"async\" width=\"700\" height=\"400\" src=\"https:\/\/moniheli.fi\/wp-content\/uploads\/2021\/08\/monikulttuurinenItsena\u0308isyyspa\u0308iva\u030801.jpg\" class=\"attachment-large size-large wp-image-1393\" alt=\"Monikulttuurinen itsen\u00e4isyysp\u00e4iv\u00e4 logo.\" srcset=\"https:\/\/moniheli.fi\/wp-content\/uploads\/2021\/08\/monikulttuurinenItsena\u0308isyyspa\u0308iva\u030801.jpg 700w, https:\/\/moniheli.fi\/wp-content\/uploads\/2021\/08\/monikulttuurinenItsena\u0308isyyspa\u0308iva\u030801-300x171.jpg 300w\" sizes=\"(max-width: 700px) 100vw, 700px\" \/>\t\t\t\t\t\t\t\t\t\t\t\t\t\t\t<\/div>\n\t\t\t\t<\/div>\n\t\t\t\t<\/div>\n\t\t\t\t\t<\/div>\n\t\t\t\t<\/div>\n\t\t<div class=\"elementor-element elementor-element-7bc586a e-flex e-con-boxed e-con e-parent\" data-id=\"7bc586a\" data-element_type=\"container\" data-e-type=\"container\" data-settings=\"{&quot;background_background&quot;:&quot;classic&quot;}\">\n\t\t\t\t\t<div class=\"e-con-inner\">\n\t\t<div class=\"elementor-element elementor-element-802be43 e-con-full e-flex e-con e-child\" data-id=\"802be43\" data-element_type=\"container\" data-e-type=\"container\">\n\t\t\t\t<div class=\"elementor-element elementor-element-6b9ebb2 elementor-widget elementor-widget-image\" data-id=\"6b9ebb2\" data-element_type=\"widget\" data-e-type=\"widget\" data-widget_type=\"image.default\">\n\t\t\t\t<div class=\"elementor-widget-container\">\n\t\t\t\t\t\t\t\t\t\t\t\t\t\t\t<img decoding=\"async\" width=\"800\" height=\"800\" src=\"https:\/\/moniheli.fi\/wp-content\/uploads\/2021\/07\/OmaPolku02-1024x1024.jpg\" class=\"attachment-large size-large wp-image-1301\" alt=\"K\u00e4si, joka pitelee kyn\u00e4\u00e4 p\u00f6yd\u00e4n p\u00e4\u00e4ll\u00e4, jossa on papereita.\" srcset=\"https:\/\/moniheli.fi\/wp-content\/uploads\/2021\/07\/OmaPolku02-1024x1024.jpg 1024w, https:\/\/moniheli.fi\/wp-content\/uploads\/2021\/07\/OmaPolku02-300x300.jpg 300w, https:\/\/moniheli.fi\/wp-content\/uploads\/2021\/07\/OmaPolku02-150x150.jpg 150w, https:\/\/moniheli.fi\/wp-content\/uploads\/2021\/07\/OmaPolku02-768x768.jpg 768w, https:\/\/moniheli.fi\/wp-content\/uploads\/2021\/07\/OmaPolku02.jpg 1097w\" sizes=\"(max-width: 800px) 100vw, 800px\" \/>\t\t\t\t\t\t\t\t\t\t\t\t\t\t\t<\/div>\n\t\t\t\t<\/div>\n\t\t\t\t<\/div>\n\t\t<div class=\"elementor-element elementor-element-1d350be e-con-full e-flex e-con e-child\" data-id=\"1d350be\" data-element_type=\"container\" data-e-type=\"container\">\n\t\t\t\t<div class=\"elementor-element elementor-element-40b3086 elementor-widget elementor-widget-heading\" data-id=\"40b3086\" data-element_type=\"widget\" data-e-type=\"widget\" data-widget_type=\"heading.default\">\n\t\t\t\t<div class=\"elementor-widget-container\">\n\t\t\t\t\t<h2 class=\"elementor-heading-title elementor-size-default\">Work with us<\/h2>\t\t\t\t<\/div>\n\t\t\t\t<\/div>\n\t\t\t\t<div class=\"elementor-element elementor-element-565c7a1 elementor-widget elementor-widget-text-editor\" data-id=\"565c7a1\" data-element_type=\"widget\" data-e-type=\"widget\" data-widget_type=\"text-editor.default\">\n\t\t\t\t<div class=\"elementor-widget-container\">\n\t\t\t\t\t\t\t\t\t<p>Looking for a internship or work experience placement? We welcome young people to join our dynamic team to help develop our communication and organisation. Click on the link below to apply for an internship or discuss volunteering with our Executive Director Abdirahim Hussein.<\/p>\t\t\t\t\t\t\t\t<\/div>\n\t\t\t\t<\/div>\n\t\t\t\t<div class=\"elementor-element elementor-element-55f7e48 elementor-widget__width-auto elementor-mobile-align-center elementor-widget elementor-widget-button\" data-id=\"55f7e48\" data-element_type=\"widget\" data-e-type=\"widget\" data-widget_type=\"button.default\">\n\t\t\t\t<div class=\"elementor-widget-container\">\n\t\t\t\t\t\t\t\t\t<div class=\"elementor-button-wrapper\">\n\t\t\t\t\t<a class=\"elementor-button elementor-button-link elementor-size-sm\" href=\"\/en\/harjoittelijaksi\/\">\n\t\t\t\t\t\t<span class=\"elementor-button-content-wrapper\">\n\t\t\t\t\t\t\t\t\t<span class=\"elementor-button-text\">Become an intern<\/span>\n\t\t\t\t\t<\/span>\n\t\t\t\t\t<\/a>\n\t\t\t\t<\/div>\n\t\t\t\t\t\t\t\t<\/div>\n\t\t\t\t<\/div>\n\t\t\t\t<\/div>\n\t\t\t\t\t<\/div>\n\t\t\t\t<\/div>\n\t\t<div class=\"elementor-element elementor-element-8e467cb e-flex e-con-boxed e-con e-parent\" data-id=\"8e467cb\" data-element_type=\"container\" data-e-type=\"container\" data-settings=\"{&quot;background_background&quot;:&quot;classic&quot;}\">\n\t\t\t\t\t<div class=\"e-con-inner\">\n\t\t<div class=\"elementor-element elementor-element-8fa8112 e-con-full e-flex e-con e-child\" data-id=\"8fa8112\" data-element_type=\"container\" data-e-type=\"container\">\n\t\t\t\t<div class=\"elementor-element elementor-element-67d1b4c elementor-widget elementor-widget-heading\" data-id=\"67d1b4c\" data-element_type=\"widget\" data-e-type=\"widget\" data-widget_type=\"heading.default\">\n\t\t\t\t<div class=\"elementor-widget-container\">\n\t\t\t\t\t<h2 class=\"elementor-heading-title elementor-size-default\">Share and receive information<\/h2>\t\t\t\t<\/div>\n\t\t\t\t<\/div>\n\t\t\t\t<div class=\"elementor-element elementor-element-e9308e0 elementor-widget elementor-widget-text-editor\" data-id=\"e9308e0\" data-element_type=\"widget\" data-e-type=\"widget\" data-widget_type=\"text-editor.default\">\n\t\t\t\t<div class=\"elementor-widget-container\">\n\t\t\t\t\t\t\t\t\t<p>As a cooperation network, communication is an essential part of our work. Join the conversation, keep up to date, and share with your own network the good work of multicultural organisations, our statements, and invitations to the activities we organise. We are active on many channels - subscribe to our newsletter or follow us on social media!<\/p>\t\t\t\t\t\t\t\t<\/div>\n\t\t\t\t<\/div>\n\t\t\t\t<div class=\"elementor-element elementor-element-59954b4 elementor-widget__width-auto elementor-widget elementor-widget-button\" data-id=\"59954b4\" data-element_type=\"widget\" data-e-type=\"widget\" data-widget_type=\"button.default\">\n\t\t\t\t<div class=\"elementor-widget-container\">\n\t\t\t\t\t\t\t\t\t<div class=\"elementor-button-wrapper\">\n\t\t\t\t\t<a class=\"elementor-button elementor-button-link elementor-size-sm\" href=\"http:\/\/eepurl.com\/gCKY7f\" target=\"_blank\">\n\t\t\t\t\t\t<span class=\"elementor-button-content-wrapper\">\n\t\t\t\t\t\t\t\t\t<span class=\"elementor-button-text\">Subscribe to our newsletter<\/span>\n\t\t\t\t\t<\/span>\n\t\t\t\t\t<\/a>\n\t\t\t\t<\/div>\n\t\t\t\t\t\t\t\t<\/div>\n\t\t\t\t<\/div>\n\t\t\t\t<\/div>\n\t\t\t\t\t<\/div>\n\t\t\t\t<\/div>\n\t\t\t\t<\/div>","protected":false},"excerpt":{"rendered":"<p>osallistu Sin\u00e4kin voit olla mukana muutoksessa, jolla teemme Suomesta kaikille paremman paikan el\u00e4\u00e4. Tutustu tapoihin tukea missiotamme, olitpa yksityishenkil\u00f6, j\u00e4rjest\u00f6n edustaja tai yritystoimija. Jokainen voi auttaa pienell\u00e4kin panoksella! Osallistu toimintaamme Toimintamme on kaikille avointa, mutta j\u00e4senyys antaa lis\u00e4\u00e4 mahdollisuuksia vuorovaikutukseen ja yhteisty\u00f6h\u00f6n. Monihelin varsinainen j\u00e4senyys on mahdollista Suomessa rekister\u00f6idyille j\u00e4rjest\u00f6ille, jotka hyv\u00e4ksyv\u00e4t Monihelin mission ja [&hellip;]<\/p>\n","protected":false},"author":1,"featured_media":0,"parent":0,"menu_order":23,"comment_status":"closed","ping_status":"closed","template":"","meta":{"_acf_changed":false,"footnotes":""},"class_list":["post-1597","page","type-page","status-publish","hentry"],"acf":[],"_links":{"self":[{"href":"https:\/\/moniheli.fi\/en\/wp-json\/wp\/v2\/pages\/1597","targetHints":{"allow":["GET"]}}],"collection":[{"href":"https:\/\/moniheli.fi\/en\/wp-json\/wp\/v2\/pages"}],"about":[{"href":"https:\/\/moniheli.fi\/en\/wp-json\/wp\/v2\/types\/page"}],"author":[{"embeddable":true,"href":"https:\/\/moniheli.fi\/en\/wp-json\/wp\/v2\/users\/1"}],"replies":[{"embeddable":true,"href":"https:\/\/moniheli.fi\/en\/wp-json\/wp\/v2\/comments?post=1597"}],"version-history":[{"count":20,"href":"https:\/\/moniheli.fi\/en\/wp-json\/wp\/v2\/pages\/1597\/revisions"}],"predecessor-version":[{"id":19107,"href":"https:\/\/moniheli.fi\/en\/wp-json\/wp\/v2\/pages\/1597\/revisions\/19107"}],"wp:attachment":[{"href":"https:\/\/moniheli.fi\/en\/wp-json\/wp\/v2\/media?parent=1597"}],"curies":[{"name":"wp","href":"https:\/\/api.w.org\/{rel}","templated":true}]}}