{"id":14038,"date":"2023-08-29T15:20:25","date_gmt":"2023-08-29T12:20:25","guid":{"rendered":"https:\/\/moniheli-fi.hel9.wp-cloud.dev\/?page_id=14038"},"modified":"2026-03-09T12:06:24","modified_gmt":"2026-03-09T10:06:24","slug":"neuvonta","status":"publish","type":"page","link":"https:\/\/moniheli.fi\/en\/neuvonta\/","title":{"rendered":"Guidance"},"content":{"rendered":"\t\t<div data-elementor-type=\"wp-page\" data-elementor-id=\"14038\" class=\"elementor elementor-14038\" data-elementor-post-type=\"page\">\n\t\t\t\t<div class=\"elementor-element elementor-element-6d6f21f4 e-con-full e-flex e-con e-parent\" data-id=\"6d6f21f4\" data-element_type=\"container\" data-e-type=\"container\" data-settings=\"{&quot;background_background&quot;:&quot;classic&quot;}\">\n\t\t<div class=\"elementor-element elementor-element-52b0d41b e-con-full e-flex e-con e-child\" data-id=\"52b0d41b\" data-element_type=\"container\" data-e-type=\"container\">\n\t\t\t\t<div class=\"elementor-element elementor-element-7027085 elementor-widget elementor-widget-heading\" data-id=\"7027085\" data-element_type=\"widget\" data-e-type=\"widget\" data-widget_type=\"heading.default\">\n\t\t\t\t<div class=\"elementor-widget-container\">\n\t\t\t\t\t<h1 class=\"elementor-heading-title elementor-size-default\">neuvonta<\/h1>\t\t\t\t<\/div>\n\t\t\t\t<\/div>\n\t\t\t\t<\/div>\n\t\t<div class=\"elementor-element elementor-element-7602ce2 e-con-full e-flex e-con e-child\" data-id=\"7602ce2\" data-element_type=\"container\" data-e-type=\"container\" data-settings=\"{&quot;background_background&quot;:&quot;classic&quot;}\">\n\t\t\t\t<\/div>\n\t\t\t\t<\/div>\n\t\t<div class=\"elementor-element elementor-element-7dbab3ca e-flex e-con-boxed e-con e-parent\" data-id=\"7dbab3ca\" data-element_type=\"container\" data-e-type=\"container\" data-settings=\"{&quot;background_background&quot;:&quot;classic&quot;}\">\n\t\t\t\t\t<div class=\"e-con-inner\">\n\t\t<div class=\"elementor-element elementor-element-4f3cc602 e-flex e-con-boxed e-con e-child\" data-id=\"4f3cc602\" data-element_type=\"container\" data-e-type=\"container\">\n\t\t\t\t\t<div class=\"e-con-inner\">\n\t\t<div class=\"elementor-element elementor-element-4cf49aeb e-con-full e-flex e-con e-child\" data-id=\"4cf49aeb\" data-element_type=\"container\" data-e-type=\"container\">\n\t\t\t\t<div class=\"elementor-element elementor-element-3b617f75 elementor-widget elementor-widget-text-editor\" data-id=\"3b617f75\" data-element_type=\"widget\" data-e-type=\"widget\" data-widget_type=\"text-editor.default\">\n\t\t\t\t<div class=\"elementor-widget-container\">\n\t\t\t\t\t\t\t\t\t<p>Neuvomme j\u00e4rjest\u00f6toimijoita oman j\u00e4rjest\u00f6n toiminnan ja hallinnon kehitt\u00e4miseksi. Tukea saa j\u00e4rjest\u00f6n yleisest\u00e4 toiminnasta sek\u00e4 digitaalisiin ty\u00f6kaluihin liittyen. Tukemme on tarkoitettu monikulttuurisille j\u00e4rjest\u00f6ille sek\u00e4 monikulttuurisuuden ja kotoutumisen parissa toimiville j\u00e4rjest\u00f6ille.<\/p><p>Autamme j\u00e4rjest\u00f6j\u00e4 toimimaan lakien ja omien s\u00e4\u00e4nt\u00f6jen mukaisesti, hakemaan avustuksia tai alennuksia ohjelmistojen hankintaan, kehitt\u00e4m\u00e4\u00e4n toimintaa ja l\u00f6yt\u00e4m\u00e4\u00e4n yhteisty\u00f6kumppaneita.\u00a0<\/p><p>Voit varata ajan neuvontaan t\u00e4lt\u00e4 sivulta, ajanvarauskalenteri on sivun lopussa. Jos sinulla on yleist\u00e4 kysytt\u00e4v\u00e4\u00e4 voit laittaa viesti\u00e4 osoitteeseen <b>jasenpalvelut @ moniheli.fi<\/b>. Moniheli-avustukseen liittyviss\u00e4 kysymyksiss\u00e4 vastaamme osoitteesta <b>avustus @ moniheli.fi<\/b><\/p>\t\t\t\t\t\t\t\t<\/div>\n\t\t\t\t<\/div>\n\t\t\t\t<\/div>\n\t\t<div class=\"elementor-element elementor-element-3455f067 e-con-full e-flex e-con e-child\" data-id=\"3455f067\" data-element_type=\"container\" data-e-type=\"container\" data-settings=\"{&quot;background_background&quot;:&quot;classic&quot;}\">\n\t\t\t\t<div class=\"elementor-element elementor-element-89a37bd elementor-view-default elementor-widget elementor-widget-icon\" data-id=\"89a37bd\" data-element_type=\"widget\" data-e-type=\"widget\" data-widget_type=\"icon.default\">\n\t\t\t\t<div class=\"elementor-widget-container\">\n\t\t\t\t\t\t\t<div class=\"elementor-icon-wrapper\">\n\t\t\t<div class=\"elementor-icon\">\n\t\t\t<svg aria-hidden=\"true\" class=\"e-font-icon-svg e-fas-house-user\" viewBox=\"0 0 576 512\" xmlns=\"http:\/\/www.w3.org\/2000\/svg\"><path d=\"M570.69,236.27,512,184.44V48a16,16,0,0,0-16-16H432a16,16,0,0,0-16,16V99.67L314.78,10.3C308.5,4.61,296.53,0,288,0s-20.46,4.61-26.74,10.3l-256,226A18.27,18.27,0,0,0,0,248.2a18.64,18.64,0,0,0,4.09,10.71L25.5,282.7a21.14,21.14,0,0,0,12,5.3,21.67,21.67,0,0,0,10.69-4.11l15.9-14V480a32,32,0,0,0,32,32H480a32,32,0,0,0,32-32V269.88l15.91,14A21.94,21.94,0,0,0,538.63,288a20.89,20.89,0,0,0,11.87-5.31l21.41-23.81A21.64,21.64,0,0,0,576,248.19,21,21,0,0,0,570.69,236.27ZM288,176a64,64,0,1,1-64,64A64,64,0,0,1,288,176ZM400,448H176a16,16,0,0,1-16-16,96,96,0,0,1,96-96h64a96,96,0,0,1,96,96A16,16,0,0,1,400,448Z\"><\/path><\/svg>\t\t\t<\/div>\n\t\t<\/div>\n\t\t\t\t\t\t<\/div>\n\t\t\t\t<\/div>\n\t\t\t\t<div class=\"elementor-element elementor-element-24d23cda elementor-widget__width-auto elementor-widget elementor-widget-heading\" data-id=\"24d23cda\" data-element_type=\"widget\" data-e-type=\"widget\" data-widget_type=\"heading.default\">\n\t\t\t\t<div class=\"elementor-widget-container\">\n\t\t\t\t\t<h6 class=\"elementor-heading-title elementor-size-small\">Etsitk\u00f6 <b>asumisneuvontaa<\/b>? Katto-toiminta neuvoo maahan muuttaneita asuntojen haussa ja asumisasioissa. <\/h6>\t\t\t\t<\/div>\n\t\t\t\t<\/div>\n\t\t\t\t<div class=\"elementor-element elementor-element-193bf87b elementor-align-center elementor-widget elementor-widget-button\" data-id=\"193bf87b\" data-element_type=\"widget\" data-e-type=\"widget\" data-widget_type=\"button.default\">\n\t\t\t\t<div class=\"elementor-widget-container\">\n\t\t\t\t\t\t\t\t\t<div class=\"elementor-button-wrapper\">\n\t\t\t\t\t<a class=\"elementor-button elementor-button-link elementor-size-sm\" href=\"https:\/\/moniheli.fi\/katto\/\">\n\t\t\t\t\t\t<span class=\"elementor-button-content-wrapper\">\n\t\t\t\t\t\t<span class=\"elementor-button-icon\">\n\t\t\t\t<svg aria-hidden=\"true\" class=\"e-font-icon-svg e-fas-hand-point-right\" viewBox=\"0 0 512 512\" xmlns=\"http:\/\/www.w3.org\/2000\/svg\"><path d=\"M512 199.652c0 23.625-20.65 43.826-44.8 43.826h-99.851c16.34 17.048 18.346 49.766-6.299 70.944 14.288 22.829 2.147 53.017-16.45 62.315C353.574 425.878 322.654 448 272 448c-2.746 0-13.276-.203-16-.195-61.971.168-76.894-31.065-123.731-38.315C120.596 407.683 112 397.599 112 385.786V214.261l.002-.001c.011-18.366 10.607-35.889 28.464-43.845 28.886-12.994 95.413-49.038 107.534-77.323 7.797-18.194 21.384-29.084 40-29.092 34.222-.014 57.752 35.098 44.119 66.908-3.583 8.359-8.312 16.67-14.153 24.918H467.2c23.45 0 44.8 20.543 44.8 43.826zM96 200v192c0 13.255-10.745 24-24 24H24c-13.255 0-24-10.745-24-24V200c0-13.255 10.745-24 24-24h48c13.255 0 24 10.745 24 24zM68 368c0-11.046-8.954-20-20-20s-20 8.954-20 20 8.954 20 20 20 20-8.954 20-20z\"><\/path><\/svg>\t\t\t<\/span>\n\t\t\t\t\t\t\t\t\t<span class=\"elementor-button-text\">Asumisneuvonta (Katto)<\/span>\n\t\t\t\t\t<\/span>\n\t\t\t\t\t<\/a>\n\t\t\t\t<\/div>\n\t\t\t\t\t\t\t\t<\/div>\n\t\t\t\t<\/div>\n\t\t\t\t<\/div>\n\t\t\t\t\t<\/div>\n\t\t\t\t<\/div>\n\t\t\t\t\t<\/div>\n\t\t\t\t<\/div>\n\t\t<div class=\"elementor-element elementor-element-7f8b39a e-flex e-con-boxed e-con e-parent\" data-id=\"7f8b39a\" data-element_type=\"container\" data-e-type=\"container\" data-settings=\"{&quot;background_background&quot;:&quot;classic&quot;}\">\n\t\t\t\t\t<div class=\"e-con-inner\">\n\t\t<div class=\"elementor-element elementor-element-278b629f e-con-full e-flex e-con e-child\" data-id=\"278b629f\" data-element_type=\"container\" data-e-type=\"container\">\n\t\t<div class=\"elementor-element elementor-element-11019744 e-flex e-con-boxed e-con e-child\" data-id=\"11019744\" data-element_type=\"container\" data-e-type=\"container\">\n\t\t\t\t\t<div class=\"e-con-inner\">\n\t\t\t\t<div class=\"elementor-element elementor-element-4960b5c2 elementor-widget elementor-widget-heading\" data-id=\"4960b5c2\" data-element_type=\"widget\" data-e-type=\"widget\" data-widget_type=\"heading.default\">\n\t\t\t\t<div class=\"elementor-widget-container\">\n\t\t\t\t\t<h2 class=\"elementor-heading-title elementor-size-default\"><br>J\u00e4rjest\u00f6neuvonta<\/h2>\t\t\t\t<\/div>\n\t\t\t\t<\/div>\n\t\t\t\t<div class=\"elementor-element elementor-element-1437f6f elementor-widget elementor-widget-image\" data-id=\"1437f6f\" data-element_type=\"widget\" data-e-type=\"widget\" data-widget_type=\"image.default\">\n\t\t\t\t<div class=\"elementor-widget-container\">\n\t\t\t\t\t\t\t\t\t\t\t\t<figure class=\"wp-caption\">\n\t\t\t\t\t\t\t\t\t\t<img fetchpriority=\"high\" decoding=\"async\" width=\"800\" height=\"534\" src=\"https:\/\/moniheli.fi\/wp-content\/uploads\/2025\/12\/Javier-Julie-1024x683.png\" class=\"attachment-large size-large wp-image-23985\" alt=\"\" srcset=\"https:\/\/moniheli.fi\/wp-content\/uploads\/2025\/12\/Javier-Julie-1024x683.png 1024w, https:\/\/moniheli.fi\/wp-content\/uploads\/2025\/12\/Javier-Julie-300x200.png 300w, https:\/\/moniheli.fi\/wp-content\/uploads\/2025\/12\/Javier-Julie-768x512.png 768w, https:\/\/moniheli.fi\/wp-content\/uploads\/2025\/12\/Javier-Julie-1536x1024.png 1536w, https:\/\/moniheli.fi\/wp-content\/uploads\/2025\/12\/Javier-Julie-18x12.png 18w, https:\/\/moniheli.fi\/wp-content\/uploads\/2025\/12\/Javier-Julie.png 1875w\" sizes=\"(max-width: 800px) 100vw, 800px\" \/>\t\t\t\t\t\t\t\t\t\t\t<figcaption class=\"widget-image-caption wp-caption-text\">Javier Knuutila-Gauto ja Julie Breton<\/figcaption>\n\t\t\t\t\t\t\t\t\t\t<\/figure>\n\t\t\t\t\t\t\t\t\t<\/div>\n\t\t\t\t<\/div>\n\t\t\t\t<div class=\"elementor-element elementor-element-f10436e elementor-widget elementor-widget-text-editor\" data-id=\"f10436e\" data-element_type=\"widget\" data-e-type=\"widget\" data-widget_type=\"text-editor.default\">\n\t\t\t\t<div class=\"elementor-widget-container\">\n\t\t\t\t\t\t\t\t\t<p style=\"text-align: left;\">Monihelin verkostop\u00e4\u00e4llikk\u00f6<strong> Javier Knuutila-Gauto<\/strong> tarjoaa yleist\u00e4 j\u00e4rjest\u00f6neuvontaa. H\u00e4nelt\u00e4 saat neuvontaa mm. seuraavissa asioissa:<\/p>\n\n<ul style=\"text-align: left;\">\n \t<li data-leveltext=\"\uf0b7\" data-font=\"Symbol\" data-listid=\"2\" data-list-defn-props=\"{&quot;335552541&quot;:1,&quot;335559685&quot;:720,&quot;335559991&quot;:360,&quot;469769226&quot;:&quot;Symbol&quot;,&quot;469769242&quot;:[8226],&quot;469777803&quot;:&quot;left&quot;,&quot;469777804&quot;:&quot;\uf0b7&quot;,&quot;469777815&quot;:&quot;hybridMultilevel&quot;}\" aria-setsize=\"-1\" data-aria-posinset=\"1\" data-aria-level=\"1\">J\u00e4rjest\u00f6n perushallinto (kokoukset, s\u00e4\u00e4nn\u00f6t&#8230;)<\/li>\n \t<li data-leveltext=\"\uf0b7\" data-font=\"Symbol\" data-listid=\"2\" data-list-defn-props=\"{&quot;335552541&quot;:1,&quot;335559685&quot;:720,&quot;335559991&quot;:360,&quot;469769226&quot;:&quot;Symbol&quot;,&quot;469769242&quot;:[8226],&quot;469777803&quot;:&quot;left&quot;,&quot;469777804&quot;:&quot;\uf0b7&quot;,&quot;469777815&quot;:&quot;hybridMultilevel&quot;}\" aria-setsize=\"-1\" data-aria-posinset=\"1\" data-aria-level=\"1\">Avustushaut ja projektisuunnittelu<\/li>\n \t<li data-leveltext=\"\uf0b7\" data-font=\"Symbol\" data-listid=\"2\" data-list-defn-props=\"{&quot;335552541&quot;:1,&quot;335559685&quot;:720,&quot;335559991&quot;:360,&quot;469769226&quot;:&quot;Symbol&quot;,&quot;469769242&quot;:[8226],&quot;469777803&quot;:&quot;left&quot;,&quot;469777804&quot;:&quot;\uf0b7&quot;,&quot;469777815&quot;:&quot;hybridMultilevel&quot;}\" aria-setsize=\"-1\" data-aria-posinset=\"1\" data-aria-level=\"1\">J\u00e4rjest\u00f6n taloushallinto<\/li>\n \t<li data-leveltext=\"\uf0b7\" data-font=\"Symbol\" data-listid=\"2\" data-list-defn-props=\"{&quot;335552541&quot;:1,&quot;335559685&quot;:720,&quot;335559991&quot;:360,&quot;469769226&quot;:&quot;Symbol&quot;,&quot;469769242&quot;:[8226],&quot;469777803&quot;:&quot;left&quot;,&quot;469777804&quot;:&quot;\uf0b7&quot;,&quot;469777815&quot;:&quot;hybridMultilevel&quot;}\" aria-setsize=\"-1\" data-aria-posinset=\"1\" data-aria-level=\"1\">Asiakastoiminnan suunnittelu ja arviointi<\/li>\n \t<li data-leveltext=\"\uf0b7\" data-font=\"Symbol\" data-listid=\"2\" data-list-defn-props=\"{&quot;335552541&quot;:1,&quot;335559685&quot;:720,&quot;335559991&quot;:360,&quot;469769226&quot;:&quot;Symbol&quot;,&quot;469769242&quot;:[8226],&quot;469777803&quot;:&quot;left&quot;,&quot;469777804&quot;:&quot;\uf0b7&quot;,&quot;469777815&quot;:&quot;hybridMultilevel&quot;}\" aria-setsize=\"-1\" data-aria-posinset=\"1\" data-aria-level=\"1\">Toiminnan kehitt\u00e4minen ja strategia<\/li>\n \t<li data-leveltext=\"\uf0b7\" data-font=\"Symbol\" data-listid=\"2\" data-list-defn-props=\"{&quot;335552541&quot;:1,&quot;335559685&quot;:720,&quot;335559991&quot;:360,&quot;469769226&quot;:&quot;Symbol&quot;,&quot;469769242&quot;:[8226],&quot;469777803&quot;:&quot;left&quot;,&quot;469777804&quot;:&quot;\uf0b7&quot;,&quot;469777815&quot;:&quot;hybridMultilevel&quot;}\" aria-setsize=\"-1\" data-aria-posinset=\"1\" data-aria-level=\"1\">Varainhankinta<\/li>\n \t<li data-leveltext=\"\uf0b7\" data-font=\"Symbol\" data-listid=\"2\" data-list-defn-props=\"{&quot;335552541&quot;:1,&quot;335559685&quot;:720,&quot;335559991&quot;:360,&quot;469769226&quot;:&quot;Symbol&quot;,&quot;469769242&quot;:[8226],&quot;469777803&quot;:&quot;left&quot;,&quot;469777804&quot;:&quot;\uf0b7&quot;,&quot;469777815&quot;:&quot;hybridMultilevel&quot;}\" aria-setsize=\"-1\" data-aria-posinset=\"1\" data-aria-level=\"1\">Miten liitty\u00e4 j\u00e4senj\u00e4rjest\u00f6ksi<\/li>\n \t<li data-leveltext=\"\uf0b7\" data-font=\"Symbol\" data-listid=\"2\" data-list-defn-props=\"{&quot;335552541&quot;:1,&quot;335559685&quot;:720,&quot;335559991&quot;:360,&quot;469769226&quot;:&quot;Symbol&quot;,&quot;469769242&quot;:[8226],&quot;469777803&quot;:&quot;left&quot;,&quot;469777804&quot;:&quot;\uf0b7&quot;,&quot;469777815&quot;:&quot;hybridMultilevel&quot;}\" aria-setsize=\"-1\" data-aria-posinset=\"1\" data-aria-level=\"1\">Palvelut j\u00e4senille<\/li>\n \t<li data-leveltext=\"\uf0b7\" data-font=\"Symbol\" data-listid=\"2\" data-list-defn-props=\"{&quot;335552541&quot;:1,&quot;335559685&quot;:720,&quot;335559991&quot;:360,&quot;469769226&quot;:&quot;Symbol&quot;,&quot;469769242&quot;:[8226],&quot;469777803&quot;:&quot;left&quot;,&quot;469777804&quot;:&quot;\uf0b7&quot;,&quot;469777815&quot;:&quot;hybridMultilevel&quot;}\" aria-setsize=\"-1\" data-aria-posinset=\"1\" data-aria-level=\"1\">J\u00e4senmaksun maksaminen<\/li>\n \t<li style=\"margin-bottom:20px;\" data-leveltext=\"\uf0b7\" data-font=\"Symbol\" data-listid=\"2\" data-list-defn-props=\"{&quot;335552541&quot;:1,&quot;335559685&quot;:720,&quot;335559991&quot;:360,&quot;469769226&quot;:&quot;Symbol&quot;,&quot;469769242&quot;:[8226],&quot;469777803&quot;:&quot;left&quot;,&quot;469777804&quot;:&quot;\uf0b7&quot;,&quot;469777815&quot;:&quot;hybridMultilevel&quot;}\" aria-setsize=\"-1\" data-aria-posinset=\"1\" data-aria-level=\"1\">J\u00e4sentietojen p\u00e4ivitys ja j\u00e4senhakemistoon liittyminen<\/li>\n<\/ul>\nMonihelin toiminnanjohtaja <strong>Julie Breton<\/strong> tarjoaa tarvittaessa neuvontaa kasvaville ja vakiintuneille j\u00e4rjest\u00f6ille sek\u00e4 erityisen haastavissa tapauksissa.\n\n<span data-contrast=\"auto\">Neuvonta tapahtuu ensisijaisesti verkossa. Jos tarvitset tapaamisen toimistollamme, ota yhteytt\u00e4 osoitteeseen <\/span><a href=\"mailto:jasenpalvelut@moniheli.fi\"><span data-contrast=\"none\">jasenpalvelut@moniheli.fi<\/span><\/a><span data-contrast=\"auto\">.<\/span><span data-ccp-props=\"{&quot;201341983&quot;:0,&quot;335559739&quot;:160,&quot;335559740&quot;:259}\">\u00a0<\/span>\n<p style=\"text-align: left;\"><strong>Miten varaan ajan?<\/strong> Tarkista vapaat ajat ja varaa aikasi alla olevan neuvontakalenterin kautta.<\/p>\t\t\t\t\t\t\t\t<\/div>\n\t\t\t\t<\/div>\n\t\t\t\t\t<\/div>\n\t\t\t\t<\/div>\n\t\t\t\t<\/div>\n\t\t<div class=\"elementor-element elementor-element-37f25389 e-con-full e-flex e-con e-child\" data-id=\"37f25389\" data-element_type=\"container\" data-e-type=\"container\">\n\t\t\t\t<div class=\"elementor-element elementor-element-7a451b1e elementor-widget elementor-widget-heading\" data-id=\"7a451b1e\" data-element_type=\"widget\" data-e-type=\"widget\" data-widget_type=\"heading.default\">\n\t\t\t\t<div class=\"elementor-widget-container\">\n\t\t\t\t\t<h2 class=\"elementor-heading-title elementor-size-default\"><br>DIGITUKI<\/h2>\t\t\t\t<\/div>\n\t\t\t\t<\/div>\n\t\t\t\t<div class=\"elementor-element elementor-element-372f1d95 elementor-widget elementor-widget-image\" data-id=\"372f1d95\" data-element_type=\"widget\" data-e-type=\"widget\" data-widget_type=\"image.default\">\n\t\t\t\t<div class=\"elementor-widget-container\">\n\t\t\t\t\t\t\t\t\t\t\t\t<figure class=\"wp-caption\">\n\t\t\t\t\t\t\t\t\t\t<img decoding=\"async\" width=\"600\" height=\"400\" src=\"https:\/\/moniheli.fi\/wp-content\/uploads\/2025\/03\/Silvie-DU.png\" class=\"attachment-large size-large wp-image-21280\" alt=\"Digitukihenkil\u00f6 Silvie Kroeker\" srcset=\"https:\/\/moniheli.fi\/wp-content\/uploads\/2025\/03\/Silvie-DU.png 600w, https:\/\/moniheli.fi\/wp-content\/uploads\/2025\/03\/Silvie-DU-300x200.png 300w, https:\/\/moniheli.fi\/wp-content\/uploads\/2025\/03\/Silvie-DU-18x12.png 18w\" sizes=\"(max-width: 600px) 100vw, 600px\" \/>\t\t\t\t\t\t\t\t\t\t\t<figcaption class=\"widget-image-caption wp-caption-text\">Silvie Kroeker<\/figcaption>\n\t\t\t\t\t\t\t\t\t\t<\/figure>\n\t\t\t\t\t\t\t\t\t<\/div>\n\t\t\t\t<\/div>\n\t\t\t\t<div class=\"elementor-element elementor-element-1aec86d0 elementor-widget elementor-widget-text-editor\" data-id=\"1aec86d0\" data-element_type=\"widget\" data-e-type=\"widget\" data-widget_type=\"text-editor.default\">\n\t\t\t\t<div class=\"elementor-widget-container\">\n\t\t\t\t\t\t\t\t\t<p style=\"text-align: left;\">DigiUp-hankkeen asiantuntija<strong> Silvie Kroeker<\/strong> opastaa j\u00e4rjest\u00f6j\u00e4 digimaailmassa.\u00a0\u00a0<\/p><ul style=\"text-align: left;\"><li style=\"text-align: left;\">Et\u00e4tapahtumien ja -kokousten j\u00e4rjest\u00e4minen<\/li><li style=\"text-align: left;\">Sosiaalisen median k\u00e4ytt\u00f6<\/li><li style=\"text-align: left;\">Laitteiden hallinta ty\u00f6ss\u00e4, kuten kannettavan tietokoneen ja puhelimen k\u00e4ytt\u00f6<\/li><li style=\"text-align: left;\">J\u00e4rjest\u00f6jen asiakkaille suunnatun digineuvonnan kehitt\u00e4minen<\/li><\/ul><p style=\"text-align: left;\"><span style=\"color: var( --e-global-color-text ); font-family: var( --e-global-typography-text-font-family ), Sans-serif; font-weight: var( --e-global-typography-text-font-weight ); font-size: 1rem;\"><br \/>Silvie neuvoo verkon kautta ja kasvokkain. My\u00f6s vierailut j\u00e4rjest\u00f6n tiloissa onnistuvat.<\/span><\/p><p style=\"text-align: left;\"><strong>Miten varaan ajan?<\/strong> Tarkista vapaat ajat paikan p\u00e4\u00e4ll\u00e4 tai et\u00e4n\u00e4 ja varaa t\u00e4m\u00e4n sivun neuvontakalenterin kautta. Jos varauskalenterin k\u00e4ytt\u00f6 on sinulle vaikeaa, voit my\u00f6s ottaa yhteytt\u00e4 suoraan Silvieen: <br \/>silvie.kroeker@moniheli.fi tai 050 551 1821 (puhelin ja WhatsApp)\u00a0<\/p>\t\t\t\t\t\t\t\t<\/div>\n\t\t\t\t<\/div>\n\t\t\t\t<div class=\"elementor-element elementor-element-57176ad elementor-mobile-align-center elementor-align-center elementor-hidden-desktop elementor-widget elementor-widget-button\" data-id=\"57176ad\" data-element_type=\"widget\" data-e-type=\"widget\" data-widget_type=\"button.default\">\n\t\t\t\t<div class=\"elementor-widget-container\">\n\t\t\t\t\t\t\t\t\t<div class=\"elementor-button-wrapper\">\n\t\t\t\t\t<a class=\"elementor-button elementor-button-link elementor-size-sm\" href=\"https:\/\/outlook.office.com\/book\/jarjestoneuvonta@moniheli.fi\/?ismsaljsauthenabled\">\n\t\t\t\t\t\t<span class=\"elementor-button-content-wrapper\">\n\t\t\t\t\t\t\t\t\t<span class=\"elementor-button-text\">Varaa aika Monihelin neuvontapalveluista j\u00e4rjest\u00f6ille<\/span>\n\t\t\t\t\t<\/span>\n\t\t\t\t\t<\/a>\n\t\t\t\t<\/div>\n\t\t\t\t\t\t\t\t<\/div>\n\t\t\t\t<\/div>\n\t\t\t\t<\/div>\n\t\t<div class=\"elementor-element elementor-element-a40e066 e-con-full e-flex e-con e-child\" data-id=\"a40e066\" data-element_type=\"container\" data-e-type=\"container\">\n\t\t<div class=\"elementor-element elementor-element-64557ea e-con-full e-flex e-con e-child\" data-id=\"64557ea\" data-element_type=\"container\" data-e-type=\"container\" data-settings=\"{&quot;background_background&quot;:&quot;classic&quot;}\">\n\t\t\t\t<div class=\"elementor-element elementor-element-8cf8213 e-transform elementor-widget elementor-widget-html\" data-id=\"8cf8213\" data-element_type=\"widget\" data-e-type=\"widget\" data-settings=\"{&quot;_transform_scale_effect_mobile&quot;:{&quot;unit&quot;:&quot;px&quot;,&quot;size&quot;:0,&quot;sizes&quot;:[]},&quot;_transform_scale_effect&quot;:{&quot;unit&quot;:&quot;px&quot;,&quot;size&quot;:&quot;&quot;,&quot;sizes&quot;:[]},&quot;_transform_scale_effect_tablet&quot;:{&quot;unit&quot;:&quot;px&quot;,&quot;size&quot;:&quot;&quot;,&quot;sizes&quot;:[]}}\" data-no-translation=\"\" data-widget_type=\"html.default\">\n\t\t\t\t<div class=\"elementor-widget-container\">\n\t\t\t\t\t<style>.elementor-element-8cf8213{display:none !important}<\/style>\t\t\t\t<\/div>\n\t\t\t\t<\/div>\n\t\t\t\t<\/div>\n\t\t<div class=\"elementor-element elementor-element-c97a3d4 e-con-full e-flex e-con e-child\" data-id=\"c97a3d4\" data-element_type=\"container\" data-e-type=\"container\" data-settings=\"{&quot;background_background&quot;:&quot;classic&quot;}\">\n\t\t\t\t<div class=\"elementor-element elementor-element-539021b e-transform elementor-hidden-tablet elementor-hidden-mobile elementor-widget elementor-widget-html\" data-id=\"539021b\" data-element_type=\"widget\" data-e-type=\"widget\" data-settings=\"{&quot;_transform_scale_effect_mobile&quot;:{&quot;unit&quot;:&quot;px&quot;,&quot;size&quot;:0,&quot;sizes&quot;:[]},&quot;_transform_scale_effect&quot;:{&quot;unit&quot;:&quot;px&quot;,&quot;size&quot;:&quot;&quot;,&quot;sizes&quot;:[]},&quot;_transform_scale_effect_tablet&quot;:{&quot;unit&quot;:&quot;px&quot;,&quot;size&quot;:&quot;&quot;,&quot;sizes&quot;:[]}}\" data-no-translation=\"\" data-widget_type=\"html.default\">\n\t\t\t\t<div class=\"elementor-widget-container\">\n\t\t\t\t\t<div class=\"booking-calendar\">\r\n  <iframe src=\"https:\/\/outlook.office365.com\/owa\/calendar\/associationguidance@moniheli.fi\/bookings\/\" width=\"100%\"><\/iframe>\r\n<\/div>\r\n\t\t\t\t<\/div>\n\t\t\t\t<\/div>\n\t\t\t\t<\/div>\n\t\t\t\t<\/div>\n\t\t\t\t\t<\/div>\n\t\t\t\t<\/div>\n\t\t<div class=\"elementor-element elementor-element-ee871fa e-flex e-con-boxed e-con e-parent\" data-id=\"ee871fa\" data-element_type=\"container\" data-e-type=\"container\">\n\t\t\t\t\t<div class=\"e-con-inner\">\n\t\t\t\t\t<\/div>\n\t\t\t\t<\/div>\n\t\t\t\t<\/div>\n\t\t","protected":false},"excerpt":{"rendered":"<p>neuvonta Neuvomme j\u00e4rjest\u00f6toimijoita oman j\u00e4rjest\u00f6n toiminnan ja hallinnon kehitt\u00e4miseksi. Tukea saa j\u00e4rjest\u00f6n yleisest\u00e4 toiminnasta sek\u00e4 digitaalisiin ty\u00f6kaluihin liittyen. Tukemme on tarkoitettu monikulttuurisille j\u00e4rjest\u00f6ille sek\u00e4 monikulttuurisuuden ja kotoutumisen parissa toimiville j\u00e4rjest\u00f6ille. Autamme j\u00e4rjest\u00f6j\u00e4 toimimaan lakien ja omien s\u00e4\u00e4nt\u00f6jen mukaisesti, hakemaan avustuksia tai alennuksia ohjelmistojen hankintaan, kehitt\u00e4m\u00e4\u00e4n toimintaa ja l\u00f6yt\u00e4m\u00e4\u00e4n yhteisty\u00f6kumppaneita.\u00a0 Voit varata ajan neuvontaan t\u00e4lt\u00e4 sivulta, [&hellip;]<\/p>\n","protected":false},"author":1,"featured_media":0,"parent":0,"menu_order":0,"comment_status":"closed","ping_status":"closed","template":"","meta":{"_acf_changed":false,"footnotes":""},"class_list":["post-14038","page","type-page","status-publish","hentry"],"acf":[],"_links":{"self":[{"href":"https:\/\/moniheli.fi\/en\/wp-json\/wp\/v2\/pages\/14038","targetHints":{"allow":["GET"]}}],"collection":[{"href":"https:\/\/moniheli.fi\/en\/wp-json\/wp\/v2\/pages"}],"about":[{"href":"https:\/\/moniheli.fi\/en\/wp-json\/wp\/v2\/types\/page"}],"author":[{"embeddable":true,"href":"https:\/\/moniheli.fi\/en\/wp-json\/wp\/v2\/users\/1"}],"replies":[{"embeddable":true,"href":"https:\/\/moniheli.fi\/en\/wp-json\/wp\/v2\/comments?post=14038"}],"version-history":[{"count":20,"href":"https:\/\/moniheli.fi\/en\/wp-json\/wp\/v2\/pages\/14038\/revisions"}],"predecessor-version":[{"id":24852,"href":"https:\/\/moniheli.fi\/en\/wp-json\/wp\/v2\/pages\/14038\/revisions\/24852"}],"wp:attachment":[{"href":"https:\/\/moniheli.fi\/en\/wp-json\/wp\/v2\/media?parent=14038"}],"curies":[{"name":"wp","href":"https:\/\/api.w.org\/{rel}","templated":true}]}}